{"id":989,"date":"2019-04-21T19:07:06","date_gmt":"2019-04-21T17:07:06","guid":{"rendered":"http:\/\/publikationen.zhdk.ch\/?post_type=product&#038;p=989"},"modified":"2022-04-19T13:56:12","modified_gmt":"2022-04-19T11:56:12","slug":"creating-spaces","status":"publish","type":"product","link":"https:\/\/publikationen.zhdk.ch\/?product=creating-spaces","title":{"rendered":"Creating Spaces | Nicola Laur\u00e9 al-Samarai"},"content":{"rendered":"<p>ZHdK: Institute for Art Education (IAE)<\/p>\n","protected":false},"excerpt":{"rendered":"<div class=\"l-detail_page\">\n<div id=\"js-content-element-8899\" data-bind=\"attr: { id: contentElement().key() }\">\n<div data-bind=\"if: contentElement().is_accordeon() === '0'\">\n<div class=\"richtext\"><\/div>\n<\/div>\n<\/div>\n<\/div>\n<div class=\"l-detail_page\">\n<div id=\"js-content-element-23751\" data-bind=\"attr: { id: contentElement().key() }\">\n<div data-bind=\"if: contentElement().is_accordeon() === '0'\">\n<div class=\"accordion\">\n<p class=\"accordion--item--trigger js-collapsible--toggle\" tabindex=\"0\" role=\"button\" data-bind=\"text: accordeonElement.header\" aria-expanded=\"false\"><span style=\"font-size: 16px;\">Non-Formal Art\/s Education and Vocational Training for Artists in Africa\u00a0between Cultural Policies and Cultural Funding<\/span><\/p>\n<p class=\"accordion--item--trigger js-collapsible--toggle\" tabindex=\"0\" role=\"button\" data-bind=\"text: accordeonElement.header\" aria-expanded=\"false\">Non-formale k\u00fcnstlerische Aus-\/Bildung in Afrika zwischen Kulturpolitiken und Kulturf\u00f6rderung<\/p>\n<\/div>\n<\/div>\n<\/div>\n<\/div>\n<p>Die Studie realisierte das IAE im Auftrag des Goethe Instituts Johannesburg, S\u00fcdafrika. Sie wurde von Nicola Laur\u00e9 al-Samarai verfasst, mit Beitr\u00e4gen von Rangoato Hlasane und Malose Malahlela, Judith Reker sowie Fouad Asfour.<\/p>\n<p>Download Deutsch, Englisch, Franz\u00f6sisch<br \/>\nDownload e-Book Reader<\/p>\n<p>488 Seiten,\u00a0Goethe-Institut Kenya, 2014<br \/>\nISBN 978-9966-071-00-2<\/p>\n","protected":false},"featured_media":993,"template":"","meta":[],"product_brand":[],"product_cat":[397,141],"product_tag":[],"class_list":{"0":"post-989","1":"product","2":"type-product","3":"status-publish","4":"has-post-thumbnail","6":"product_cat-al-samarai-nicola-laure","7":"product_cat-iae","9":"first","10":"instock","11":"shipping-taxable","12":"product-type-external"},"_links":{"self":[{"href":"https:\/\/publikationen.zhdk.ch\/index.php?rest_route=\/wp\/v2\/product\/989","targetHints":{"allow":["GET"]}}],"collection":[{"href":"https:\/\/publikationen.zhdk.ch\/index.php?rest_route=\/wp\/v2\/product"}],"about":[{"href":"https:\/\/publikationen.zhdk.ch\/index.php?rest_route=\/wp\/v2\/types\/product"}],"version-history":[{"count":5,"href":"https:\/\/publikationen.zhdk.ch\/index.php?rest_route=\/wp\/v2\/product\/989\/revisions"}],"predecessor-version":[{"id":3420,"href":"https:\/\/publikationen.zhdk.ch\/index.php?rest_route=\/wp\/v2\/product\/989\/revisions\/3420"}],"wp:featuredmedia":[{"embeddable":true,"href":"https:\/\/publikationen.zhdk.ch\/index.php?rest_route=\/wp\/v2\/media\/993"}],"wp:attachment":[{"href":"https:\/\/publikationen.zhdk.ch\/index.php?rest_route=%2Fwp%2Fv2%2Fmedia&parent=989"}],"wp:term":[{"taxonomy":"product_brand","embeddable":true,"href":"https:\/\/publikationen.zhdk.ch\/index.php?rest_route=%2Fwp%2Fv2%2Fproduct_brand&post=989"},{"taxonomy":"product_cat","embeddable":true,"href":"https:\/\/publikationen.zhdk.ch\/index.php?rest_route=%2Fwp%2Fv2%2Fproduct_cat&post=989"},{"taxonomy":"product_tag","embeddable":true,"href":"https:\/\/publikationen.zhdk.ch\/index.php?rest_route=%2Fwp%2Fv2%2Fproduct_tag&post=989"}],"curies":[{"name":"wp","href":"https:\/\/api.w.org\/{rel}","templated":true}]}}