{"id":975,"date":"2019-04-21T18:40:29","date_gmt":"2019-04-21T16:40:29","guid":{"rendered":"http:\/\/publikationen.zhdk.ch\/?post_type=product&#038;p=975"},"modified":"2022-04-19T13:55:00","modified_gmt":"2022-04-19T11:55:00","slug":"educational-turn","status":"publish","type":"product","link":"https:\/\/publikationen.zhdk.ch\/?product=educational-turn","title":{"rendered":"Educational Turn | Schnittpunkt: Beatrice Jaschke, Nora Sternfeld (Hg.)"},"content":{"rendered":"<div class=\"large-7 small-12 cell\">\n<div class=\"product-page-description needs-read-more-button\">\n<div class=\"large-7 small-12 cell\">\n<div class=\"product-page-description needs-read-more-button\">\n<div class=\"large-7 small-12 cell\">\n<div class=\"product-page-description needs-read-more-button\">Im Museums- und Ausstellungsbereich geistert seit geraumer Zeit der Begriff des \u00bbEducational Turn\u00ab umher. Band 5 der Reihe schnittpunkt geht diesem Ger\u00fccht nach und findet in den internationalen Praxisfeldern, dass damit nicht blo\u00df der bekannte Zusammenhang von Kunstvermittlung vor Ort und P\u00e4dagogik an Schulen gemeint ist, sondern dass sich die Kunstvermittlung zunehmend als eigener Bereich mit eigenen kritischen Anspr\u00fcchen etabliert. Kunstvermittlerinnen reflektieren ihre T\u00e4tigkeit in den Institutionen als fortschrittliche Praxis.<\/div>\n<\/div>\n<div class=\"large-5 small-12 cell\">\n<div class=\"product-page-product-details-table\">\n<div id=\"biography\">\n<div class=\"crossheading\"><\/div>\n<p>Die Gruppe <i>schnittpunkt<\/i> versteht sich als offenes Netzwerk f\u00fcr Akteure und Akteurinnen im Ausstellungs- und Museumsbereich. Sie organisiert zahlreiche Veranstaltungen, v.a. in Wien.<\/p>\n<p>ZHdK: Institute for Art Education (IAE)<\/p>\n<\/div>\n<\/div>\n<\/div>\n<\/div>\n<\/div>\n<\/div>\n<\/div>\n","protected":false},"excerpt":{"rendered":"<p>Handlungsr\u00e4ume der Kunst- und Kulturvermittlung<\/p>\n<p>W\u00e4hrend in den letzten Jahren unter dem Schlagwort eines \u00abeducational turn\u00bb im Kunstfeld zunehmend Schnittstellen zwischen Kunst und P\u00e4dagogik hergestellt wurden, hat sich international l\u00e4ngst ein avanciertes Segment kritischer VermittlerInnen herausgebildet, die Vermittlung als emanzipatorische Praxis neu definieren. Der Sammelband pr\u00e4sentiert internationale Beitr\u00e4ge zum educational turn sowie zur kritischen Kunstvermittlung. Die Texte diskutieren Strategien und Handlungsfelder einer engagierten Praxis im Ausstellungsfeld zwischen Institution und Kritik, Machtverh\u00e4ltnissen und M\u00f6glichkeitsr\u00e4umen.<\/p>\n<p>Schnittpunkt\u00a0Band 5<\/p>\n<p>236 Seiten,\u00a0Turia + Kant, 2012<br \/>\nISBN 978-3-85132-698-7<\/p>\n","protected":false},"featured_media":981,"template":"","meta":[],"product_brand":[],"product_cat":[141,393,395],"product_tag":[485,457],"class_list":{"0":"post-975","1":"product","2":"type-product","3":"status-publish","4":"has-post-thumbnail","6":"product_cat-iae","7":"product_cat-jaschke-beatrice","8":"product_cat-sternfeld-nora","9":"product_tag-kulturvermittlung","10":"product_tag-kunstvermittlung","12":"first","13":"instock","14":"shipping-taxable","15":"product-type-external"},"_links":{"self":[{"href":"https:\/\/publikationen.zhdk.ch\/index.php?rest_route=\/wp\/v2\/product\/975","targetHints":{"allow":["GET"]}}],"collection":[{"href":"https:\/\/publikationen.zhdk.ch\/index.php?rest_route=\/wp\/v2\/product"}],"about":[{"href":"https:\/\/publikationen.zhdk.ch\/index.php?rest_route=\/wp\/v2\/types\/product"}],"version-history":[{"count":7,"href":"https:\/\/publikationen.zhdk.ch\/index.php?rest_route=\/wp\/v2\/product\/975\/revisions"}],"predecessor-version":[{"id":3102,"href":"https:\/\/publikationen.zhdk.ch\/index.php?rest_route=\/wp\/v2\/product\/975\/revisions\/3102"}],"wp:featuredmedia":[{"embeddable":true,"href":"https:\/\/publikationen.zhdk.ch\/index.php?rest_route=\/wp\/v2\/media\/981"}],"wp:attachment":[{"href":"https:\/\/publikationen.zhdk.ch\/index.php?rest_route=%2Fwp%2Fv2%2Fmedia&parent=975"}],"wp:term":[{"taxonomy":"product_brand","embeddable":true,"href":"https:\/\/publikationen.zhdk.ch\/index.php?rest_route=%2Fwp%2Fv2%2Fproduct_brand&post=975"},{"taxonomy":"product_cat","embeddable":true,"href":"https:\/\/publikationen.zhdk.ch\/index.php?rest_route=%2Fwp%2Fv2%2Fproduct_cat&post=975"},{"taxonomy":"product_tag","embeddable":true,"href":"https:\/\/publikationen.zhdk.ch\/index.php?rest_route=%2Fwp%2Fv2%2Fproduct_tag&post=975"}],"curies":[{"name":"wp","href":"https:\/\/api.w.org\/{rel}","templated":true}]}}