{"id":967,"date":"2019-04-21T18:38:17","date_gmt":"2019-04-21T16:38:17","guid":{"rendered":"http:\/\/publikationen.zhdk.ch\/?post_type=product&#038;p=967"},"modified":"2022-04-19T13:54:25","modified_gmt":"2022-04-19T11:54:25","slug":"wechselwirkungen","status":"publish","type":"product","link":"https:\/\/publikationen.zhdk.ch\/?product=wechselwirkungen","title":{"rendered":"Wechselwirkungen | Gunhild Hamer (Hg.)"},"content":{"rendered":"<p>Die Frage nach der Wirkung von Kulturvermittlung hat Konjunktur: Umfangreiche F\u00f6rderprogramme gro\u00dfer Stiftungen sollen die Forschung in diesem Bereich anschieben. Wissenschaftliche Begleitungen von Modellprojekten priorisieren schon seit vielen Jahren die Frage nach den Bildungswirkungen der K\u00fcnste. Dabei sind diese ein umk\u00e4mpftes und umstrittenes Feld: an Kulturvermittlung kn\u00fcpfen sich unterschiedlichste Wirkungserwartungen.<br \/>\nDie Spanne reicht von der Vision emanzipierter und widerst\u00e4ndiger Subjekte bis zu der von flexiblen und leistungsbereiten Human Resources. Je nach Kontext erwartet man sich bessere Mathematiknoten und erh\u00f6hte Konzentration von Sch\u00fclerInnen oder schlicht etwas mehr Selbstbewusstsein bei als benachteiligt geltenden Jugendlichen und ein bisschen weniger Konflikte im Wohnviertel. Oft soll Kulturvermittlung da einstehen, wo die Politik zu versagen scheint gleichzeitig gilt die Partizipation am kulturellen Leben als grundgesetzlich verankertes Recht.<\/p>\n<p>Der vorliegende Band gibt der kontroversen Debatte um die Wirkungen von Kulturvermittlung Raum: 19 internationale AutorInnen aus Forschung und Praxis nehmen eine reflexive Haltung gegen\u00fcber den Wirkungsdiskursen ein, beschreiben ihre Erfahrungen aus der Arbeit als KulturvermittlerInnen, diskutieren die Fallstricke der Forschung und loten neue Perspektiven aus, was Wirkung sein kann.<\/p>\n<p>Herausgegeben von der Fachstelle Kulturvermittlung des Kantons Aargau unter wissenschaftlicher Beratung des Institute for Art Education (IAE) der Z\u00fcrcher Hochschule der K\u00fcnste.<\/p>\n<p>Mit Beitr\u00e4gen von Christian Rittelmeyer, Ellen Winner, Rub\u00e9n Gaztambide-Fern\u00e1ndez, Max Fuchs, Anna Chrusciel, Ute Pinkert, Mira Sack, Eva Richterich, Jeannine Hangartner, Franco Loher, Irena M\u00fcller-Brozovic, Nathalie Tachhella, Martin Frank, Lucia Reinert, Gunhild Hamer, Carmen M\u00f6rsch, Wanda Wieczorek und einer Bildstrecke von Sarah Keller.<\/p>\n","protected":false},"excerpt":{"rendered":"<p>Kulturvermittlung und ihre Effekte<\/p>\n<div>Das Institute for Art Education der ZHdK hat im Rahmen des Programms \u00abKulturvermittlung\u00bb der Schweizer Kulturstiftung Pro Helvetia das Programm \u00abKultur macht Schule\u00bb der Fachstelle Kulturvermittlung des Kantons Aargau beforscht. Die Publikation, herausgegeben von der Fachstelle Kulturvermittlung, behandelt das Thema Wirkungserwartung der Kulturvermittlung und fokussiert dabei speziell den schulischen Bereich und die Kulturarbeit mit Kindern und Jugendlichen.<\/div>\n<div><\/div>\n<div>278 Seiten,\u00a0Kopaed, 2014<br \/>\nISBN 978-3-86736-181-1<\/div>\n","protected":false},"featured_media":969,"template":"","meta":[],"product_brand":[],"product_cat":[141,391],"product_tag":[485,487],"class_list":{"0":"post-967","1":"product","2":"type-product","3":"status-publish","4":"has-post-thumbnail","6":"product_cat-iae","7":"product_cat-hamer-gunhild","8":"product_tag-kulturvermittlung","9":"product_tag-schule","11":"first","12":"instock","13":"shipping-taxable","14":"product-type-external"},"_links":{"self":[{"href":"https:\/\/publikationen.zhdk.ch\/index.php?rest_route=\/wp\/v2\/product\/967","targetHints":{"allow":["GET"]}}],"collection":[{"href":"https:\/\/publikationen.zhdk.ch\/index.php?rest_route=\/wp\/v2\/product"}],"about":[{"href":"https:\/\/publikationen.zhdk.ch\/index.php?rest_route=\/wp\/v2\/types\/product"}],"version-history":[{"count":3,"href":"https:\/\/publikationen.zhdk.ch\/index.php?rest_route=\/wp\/v2\/product\/967\/revisions"}],"predecessor-version":[{"id":2500,"href":"https:\/\/publikationen.zhdk.ch\/index.php?rest_route=\/wp\/v2\/product\/967\/revisions\/2500"}],"wp:featuredmedia":[{"embeddable":true,"href":"https:\/\/publikationen.zhdk.ch\/index.php?rest_route=\/wp\/v2\/media\/969"}],"wp:attachment":[{"href":"https:\/\/publikationen.zhdk.ch\/index.php?rest_route=%2Fwp%2Fv2%2Fmedia&parent=967"}],"wp:term":[{"taxonomy":"product_brand","embeddable":true,"href":"https:\/\/publikationen.zhdk.ch\/index.php?rest_route=%2Fwp%2Fv2%2Fproduct_brand&post=967"},{"taxonomy":"product_cat","embeddable":true,"href":"https:\/\/publikationen.zhdk.ch\/index.php?rest_route=%2Fwp%2Fv2%2Fproduct_cat&post=967"},{"taxonomy":"product_tag","embeddable":true,"href":"https:\/\/publikationen.zhdk.ch\/index.php?rest_route=%2Fwp%2Fv2%2Fproduct_tag&post=967"}],"curies":[{"name":"wp","href":"https:\/\/api.w.org\/{rel}","templated":true}]}}