{"id":959,"date":"2019-04-21T18:29:26","date_gmt":"2019-04-21T16:29:26","guid":{"rendered":"http:\/\/publikationen.zhdk.ch\/?post_type=product&#038;p=959"},"modified":"2022-04-19T13:53:55","modified_gmt":"2022-04-19T11:53:55","slug":"kunstkasten","status":"publish","type":"product","link":"https:\/\/publikationen.zhdk.ch\/?product=kunstkasten","title":{"rendered":"Kunstkasten. Ein praktisches Lernmodul zur Vermittlung der K\u00fcnste zu Bildender Kunst, Musik, Tanz, Theater | Institute for Art Education"},"content":{"rendered":"<p>Kunst soll f\u00fcr alle da sein. Die Bildungsdirektion Z\u00fcrich und das Institute for Art Education tragen dazu mit einem Lernmodul zur Vermittlung der K\u00fcnste bei. Der Kunstkasten bietet Sch\u00fclerinnen und Sch\u00fclern der Sekundarstufe I und II die M\u00f6glichkeit, sich spielerisch mit Pers\u00f6nlichkeiten und Produktionen aus Musik, Tanz, Theater und Bildender Kunst zu besch\u00e4ftigen. So gewinnen sie Wissen \u00fcber die k\u00fcnstlerischen Arbeitsbereiche und deren beruflichen Perspektiven. Den Kunstkasten gibt es in den drei Vertiefungen Bildende Kunst, Musik und Tanz\/Theater. Jede Vertiefung enth\u00e4lt Unterrichtsmaterial f\u00fcr minimal sieben Lektionen.<\/p>\n<p>ZHdK: Institute for Art Education (IAE)<\/p>\n","protected":false},"excerpt":{"rendered":"<p>Das praktische Lernmodul zur Vermittlung der K\u00fcnste<\/p>\n<p>Kunst soll f\u00fcr alle da sein. Die Bildungsdirektion Z\u00fcrich und das Institute for Art Education tragen dazu mit einem Lernmodul zur Vermittlung der K\u00fcnste bei. Der Kunstkasten bietet Sch\u00fclerinnen und Sch\u00fclern der Sekundarstufe I und II die M\u00f6glichkeit, sich spielerisch mit Pers\u00f6nlichkeiten und Produktionen aus Musik, Tanz, Theater und Bildender Kunst zu besch\u00e4ftigen. So gewinnen sie Wissen \u00fcber die k\u00fcnstlerischen Arbeitsbereiche und deren beruflichen Perspektiven. Den Kunstkasten gibt es in den drei Vertiefungen Bildende Kunst, Musik und Tanz\/Theater. Jede Vertiefung enth\u00e4lt Unterrichtsmaterial f\u00fcr minimal sieben Lektionen.<\/p>\n<p>zip-Datei, ZHdK Institute for Art Education, 2016<\/p>\n","protected":false},"featured_media":961,"template":"","meta":[],"product_brand":[],"product_cat":[141],"product_tag":[481,457,303,479,483,473,475],"class_list":{"0":"post-959","1":"product","2":"type-product","3":"status-publish","4":"has-post-thumbnail","6":"product_cat-iae","7":"product_tag-bildende-kunst","8":"product_tag-kunstvermittlung","9":"product_tag-musik","10":"product_tag-musikvermittlung","11":"product_tag-tanz","12":"product_tag-theater","13":"product_tag-theaterpaedagogik","15":"first","16":"instock","17":"shipping-taxable","18":"product-type-external"},"_links":{"self":[{"href":"https:\/\/publikationen.zhdk.ch\/index.php?rest_route=\/wp\/v2\/product\/959","targetHints":{"allow":["GET"]}}],"collection":[{"href":"https:\/\/publikationen.zhdk.ch\/index.php?rest_route=\/wp\/v2\/product"}],"about":[{"href":"https:\/\/publikationen.zhdk.ch\/index.php?rest_route=\/wp\/v2\/types\/product"}],"version-history":[{"count":5,"href":"https:\/\/publikationen.zhdk.ch\/index.php?rest_route=\/wp\/v2\/product\/959\/revisions"}],"predecessor-version":[{"id":3104,"href":"https:\/\/publikationen.zhdk.ch\/index.php?rest_route=\/wp\/v2\/product\/959\/revisions\/3104"}],"wp:featuredmedia":[{"embeddable":true,"href":"https:\/\/publikationen.zhdk.ch\/index.php?rest_route=\/wp\/v2\/media\/961"}],"wp:attachment":[{"href":"https:\/\/publikationen.zhdk.ch\/index.php?rest_route=%2Fwp%2Fv2%2Fmedia&parent=959"}],"wp:term":[{"taxonomy":"product_brand","embeddable":true,"href":"https:\/\/publikationen.zhdk.ch\/index.php?rest_route=%2Fwp%2Fv2%2Fproduct_brand&post=959"},{"taxonomy":"product_cat","embeddable":true,"href":"https:\/\/publikationen.zhdk.ch\/index.php?rest_route=%2Fwp%2Fv2%2Fproduct_cat&post=959"},{"taxonomy":"product_tag","embeddable":true,"href":"https:\/\/publikationen.zhdk.ch\/index.php?rest_route=%2Fwp%2Fv2%2Fproduct_tag&post=959"}],"curies":[{"name":"wp","href":"https:\/\/api.w.org\/{rel}","templated":true}]}}