{"id":937,"date":"2019-04-21T18:12:11","date_gmt":"2019-04-21T16:12:11","guid":{"rendered":"http:\/\/publikationen.zhdk.ch\/?post_type=product&#038;p=937"},"modified":"2022-04-19T13:52:50","modified_gmt":"2022-04-19T11:52:50","slug":"ausstellen-und-vermitteln","status":"publish","type":"product","link":"https:\/\/publikationen.zhdk.ch\/?product=ausstellen-und-vermitteln","title":{"rendered":"Ausstellen und Vermitteln im Museum der Gegenwart | Carmen M\u00f6rsch, Angeli Sachs, Thomas Sieber (Hg.)"},"content":{"rendered":"<p>ZHdK: Institute for Art Education (IAE)<\/p>\n","protected":false},"excerpt":{"rendered":"<p>Wie ver\u00e4ndert sich Museumsarbeit, wenn Ausstellen und Vermitteln als integriertes Konzept verstanden werden? Im Kontext der kritischen Museologie befragen Museen ihre gesellschaftliche Rolle und entwerfen sich als Orte des Wissensaustauschs und einer beteiligungsorientierten Verkn\u00fcfpung von Geschichte und Gegenwart. Vermittlung versteht sich dabei als eigenst\u00e4ndige Praxis, welche Ausstellungen und Institutionen hinterfragt, erweitert und ver\u00e4ndert. Der Band versammelt Beitr\u00e4ge internationaler Vertreter*innen verschiedener Museumstypen, die Einblick bieten in die vielf\u00e4ltigen Positionierungen.<\/p>\n<p>344 Seiten, transcript, 2016<br \/>\nISBN 978-3-8376-3081-7<\/p>\n","protected":false},"featured_media":941,"template":"","meta":[],"product_brand":[],"product_cat":[141,269,379,381],"product_tag":[465,461,471,467,459,463,469],"class_list":{"0":"post-937","1":"product","2":"type-product","3":"status-publish","4":"has-post-thumbnail","6":"product_cat-iae","7":"product_cat-moersch-carmen","8":"product_cat-sachs-angeli","9":"product_cat-sieber-thomas","10":"product_tag-ausstellen","11":"product_tag-curating","12":"product_tag-educational-turn","13":"product_tag-kuratieren","14":"product_tag-museum","15":"product_tag-museumspaedagogik","16":"product_tag-vermittlung","18":"first","19":"instock","20":"shipping-taxable","21":"product-type-external"},"_links":{"self":[{"href":"https:\/\/publikationen.zhdk.ch\/index.php?rest_route=\/wp\/v2\/product\/937","targetHints":{"allow":["GET"]}}],"collection":[{"href":"https:\/\/publikationen.zhdk.ch\/index.php?rest_route=\/wp\/v2\/product"}],"about":[{"href":"https:\/\/publikationen.zhdk.ch\/index.php?rest_route=\/wp\/v2\/types\/product"}],"version-history":[{"count":5,"href":"https:\/\/publikationen.zhdk.ch\/index.php?rest_route=\/wp\/v2\/product\/937\/revisions"}],"predecessor-version":[{"id":3108,"href":"https:\/\/publikationen.zhdk.ch\/index.php?rest_route=\/wp\/v2\/product\/937\/revisions\/3108"}],"wp:featuredmedia":[{"embeddable":true,"href":"https:\/\/publikationen.zhdk.ch\/index.php?rest_route=\/wp\/v2\/media\/941"}],"wp:attachment":[{"href":"https:\/\/publikationen.zhdk.ch\/index.php?rest_route=%2Fwp%2Fv2%2Fmedia&parent=937"}],"wp:term":[{"taxonomy":"product_brand","embeddable":true,"href":"https:\/\/publikationen.zhdk.ch\/index.php?rest_route=%2Fwp%2Fv2%2Fproduct_brand&post=937"},{"taxonomy":"product_cat","embeddable":true,"href":"https:\/\/publikationen.zhdk.ch\/index.php?rest_route=%2Fwp%2Fv2%2Fproduct_cat&post=937"},{"taxonomy":"product_tag","embeddable":true,"href":"https:\/\/publikationen.zhdk.ch\/index.php?rest_route=%2Fwp%2Fv2%2Fproduct_tag&post=937"}],"curies":[{"name":"wp","href":"https:\/\/api.w.org\/{rel}","templated":true}]}}