{"id":921,"date":"2019-04-21T09:50:07","date_gmt":"2019-04-21T07:50:07","guid":{"rendered":"http:\/\/publikationen.zhdk.ch\/?post_type=product&#038;p=921"},"modified":"2022-04-19T13:52:23","modified_gmt":"2022-04-19T11:52:23","slug":"kunstvermittlung-zeigen","status":"publish","type":"product","link":"https:\/\/publikationen.zhdk.ch\/?product=kunstvermittlung-zeigen","title":{"rendered":"Kunstvermittlung zeigen | Carmen M\u00f6rsch, Sigrid Schade, Sophie V\u00f6gele (Hg.)"},"content":{"rendered":"<p>Was wird gezeigt, dar- und hergestellt, wenn Kunstvermittlung \u00fcber Dokumentationen, Ank\u00fcndigungen, Verlautbarungen und k\u00fcnstlerische Produktionen ins Bild gesetzt wird? Dieser Band erweitert repr\u00e4sentationskritische Analysen in den Visual Studies um die bisher darin kaum ber\u00fccksichtigte Perspektive der Kunstvermittlung und liefert Anregungen zur Unterbrechung von dominanten Darstellungsweisen.<\/p>\n<p>Mit Beitr\u00e4gen von microsillons (Olivier Desvoignes und Marianne Guarino-Huet), Nanna L\u00fcth, Aline Suillot, Carmen M\u00f6rsch, Stephan F\u00fcrstenberg, Nora Sternfeld, B\u00fcro trafo.k, Andrew Dewdney, Nicole Mehring, Johanna Schaffer und Emma Wolukau-Wanambwa.<\/p>\n<p>&#171;Studien zur Kunstvermittlung&#187; ist eine Publikationsreihe, die sich aus einer macht- und diskriminierungskritischen Perspektive Fragestellungen der Kunstvermittlung &#8211; hier verwendet als etablierter Schirmbegriff f\u00fcr das vielgestaltige Arbeits- und Forschungsfeld an der Schnittstelle von Kulturproduktion und Bildungsarbeit &#8211; widmet. Sie wird von Carmen M\u00f6rsch, Nora Landkammer und Janna Graham herausgegeben.<\/p>\n<p><strong>Representing Art Education<\/strong><br \/>\n<strong>On the Representation of Pedagogical Work in the Art Field<\/strong><\/p>\n<p>What is possibly displayed, revealed or produced when art education is pictured through documentation, notification, announcement, and art work? This anthology introduces new perspectives of art education to the field of Visual Studies by applying a critique of representation and expanding critical analyses. It encourages multiple ways of interrupting dominant modes of representing.<\/p>\n<p>&#171;Studies in Art Education&#187; is a publication series dedicated to cultural, queer, postcolonial, critical race studies in the varied field of practice and research at the intersection between cultural production and education. It is edited by Carmen M\u00f6rsch, Nora Landkammer and Janna Graham.<\/p>\n<p>Eine Publikation der Institute for Art Education (IAE) und des Institute for Cultural Studies in the Arts (ICS)<\/p>\n","protected":false},"excerpt":{"rendered":"<p>\u00dcber die Repr\u00e4sentation p\u00e4dagogischer Arbeit im Kunstfeld<\/p>\n<p>Dieser Band versammelt Analysen aus einem gleichnamigen Forschungsprojekt zur Frage, was dar- und hergestellt wird, wenn Kunstvermittlung z. B. in der \u00d6ffentlichkeitsarbeit ins Bild gesetzt wird. Die Untersuchungen zur Repr\u00e4sentation p\u00e4dagogischer Museumsarbeit an Schweizer Kunstinstitutionen wurden um internationale Perspektiven und Reflexionen zur Repr\u00e4sentation von Kunsthochschulen und von Kunstunterricht in der Schule erg\u00e4nzt. (dt.\/engl.)<\/p>\n<p>Studien zur Kunstvermittlung Band 1<\/p>\n<p>648 Seiten,\u00a0Zaglossus, 2017<br \/>\nISBN 978-3-902902-58-0<\/p>\n","protected":false},"featured_media":923,"template":"","meta":[],"product_brand":[],"product_cat":[141,151,269,267,377],"product_tag":[457],"class_list":{"0":"post-921","1":"product","2":"type-product","3":"status-publish","4":"has-post-thumbnail","6":"product_cat-iae","7":"product_cat-ics","8":"product_cat-moersch-carmen","9":"product_cat-schade-sigrid","10":"product_cat-voegele-sophie","11":"product_tag-kunstvermittlung","13":"first","14":"instock","15":"shipping-taxable","16":"product-type-external"},"_links":{"self":[{"href":"https:\/\/publikationen.zhdk.ch\/index.php?rest_route=\/wp\/v2\/product\/921","targetHints":{"allow":["GET"]}}],"collection":[{"href":"https:\/\/publikationen.zhdk.ch\/index.php?rest_route=\/wp\/v2\/product"}],"about":[{"href":"https:\/\/publikationen.zhdk.ch\/index.php?rest_route=\/wp\/v2\/types\/product"}],"version-history":[{"count":6,"href":"https:\/\/publikationen.zhdk.ch\/index.php?rest_route=\/wp\/v2\/product\/921\/revisions"}],"predecessor-version":[{"id":3080,"href":"https:\/\/publikationen.zhdk.ch\/index.php?rest_route=\/wp\/v2\/product\/921\/revisions\/3080"}],"wp:featuredmedia":[{"embeddable":true,"href":"https:\/\/publikationen.zhdk.ch\/index.php?rest_route=\/wp\/v2\/media\/923"}],"wp:attachment":[{"href":"https:\/\/publikationen.zhdk.ch\/index.php?rest_route=%2Fwp%2Fv2%2Fmedia&parent=921"}],"wp:term":[{"taxonomy":"product_brand","embeddable":true,"href":"https:\/\/publikationen.zhdk.ch\/index.php?rest_route=%2Fwp%2Fv2%2Fproduct_brand&post=921"},{"taxonomy":"product_cat","embeddable":true,"href":"https:\/\/publikationen.zhdk.ch\/index.php?rest_route=%2Fwp%2Fv2%2Fproduct_cat&post=921"},{"taxonomy":"product_tag","embeddable":true,"href":"https:\/\/publikationen.zhdk.ch\/index.php?rest_route=%2Fwp%2Fv2%2Fproduct_tag&post=921"}],"curies":[{"name":"wp","href":"https:\/\/api.w.org\/{rel}","templated":true}]}}