{"id":905,"date":"2019-04-19T20:50:29","date_gmt":"2019-04-19T18:50:29","guid":{"rendered":"http:\/\/publikationen.zhdk.ch\/?post_type=product&#038;p=905"},"modified":"2023-08-10T13:11:41","modified_gmt":"2023-08-10T11:11:41","slug":"mendelssohn-interpretationen","status":"publish","type":"product","link":"https:\/\/publikationen.zhdk.ch\/?product=mendelssohn-interpretationen","title":{"rendered":"Mendelssohn-Interpretationen | Dominik Sackmann (Hg.)"},"content":{"rendered":"<p>ZHdK: Institute for Music Research (IMR)<\/p>\n","protected":false},"excerpt":{"rendered":"<p>Der unbekannte Mendelssohn \u2013 Das Liedschaffen<\/p>\n<p>Das Lied pr\u00e4gt die Musik von Felix Mendelssohn Bartholdy in besonderer Weise; h\u00e4ufig ist Liedhaftes f\u00fcr ihn eine Inspirationsquelle. Sowohl die herk\u00f6mmliche vokale Darbietungsform als auch ihre instrumentale Parallelgattung, das &#171;Lied ohne Worte&#187;, finden sich selbst in Streichquartetten, Orgelsonaten, Konzerten und Sinfonien. Das 2009 in Z\u00fcrich durchgef\u00fchrte Symposium hat sich exklusiv mit Mendelssohns Liedern befasst. Der vorliegende Band vereint die Beitr\u00e4ge dieser Veranstaltung, erweitert um eine grundlegende Einf\u00fchrung in Mendelssohns Liedkunst.<\/p>\n<p><a href=\"https:\/\/publikationen.zhdk.ch\/?product_cat=zuercher-musikstudien\">Z\u00fcrcher Musikstudien<\/a> Band 7<\/p>\n<p>181 Seiten,\u00a0Peter Lang, 2011<br \/>\nISBN 978-3-0-3430601-0<\/p>\n","protected":false},"featured_media":855,"template":"","meta":[],"product_brand":[],"product_cat":[155,277,293],"product_tag":[341,343,303],"class_list":{"0":"post-905","1":"product","2":"type-product","3":"status-publish","4":"has-post-thumbnail","6":"product_cat-imr","7":"product_cat-sackmann-dominik","8":"product_cat-zuercher-musikstudien","9":"product_tag-felix-mendelssohn-bartholdy","10":"product_tag-lied","11":"product_tag-musik","13":"first","14":"instock","15":"shipping-taxable","16":"product-type-external"},"_links":{"self":[{"href":"https:\/\/publikationen.zhdk.ch\/index.php?rest_route=\/wp\/v2\/product\/905","targetHints":{"allow":["GET"]}}],"collection":[{"href":"https:\/\/publikationen.zhdk.ch\/index.php?rest_route=\/wp\/v2\/product"}],"about":[{"href":"https:\/\/publikationen.zhdk.ch\/index.php?rest_route=\/wp\/v2\/types\/product"}],"version-history":[{"count":5,"href":"https:\/\/publikationen.zhdk.ch\/index.php?rest_route=\/wp\/v2\/product\/905\/revisions"}],"predecessor-version":[{"id":6053,"href":"https:\/\/publikationen.zhdk.ch\/index.php?rest_route=\/wp\/v2\/product\/905\/revisions\/6053"}],"wp:featuredmedia":[{"embeddable":true,"href":"https:\/\/publikationen.zhdk.ch\/index.php?rest_route=\/wp\/v2\/media\/855"}],"wp:attachment":[{"href":"https:\/\/publikationen.zhdk.ch\/index.php?rest_route=%2Fwp%2Fv2%2Fmedia&parent=905"}],"wp:term":[{"taxonomy":"product_brand","embeddable":true,"href":"https:\/\/publikationen.zhdk.ch\/index.php?rest_route=%2Fwp%2Fv2%2Fproduct_brand&post=905"},{"taxonomy":"product_cat","embeddable":true,"href":"https:\/\/publikationen.zhdk.ch\/index.php?rest_route=%2Fwp%2Fv2%2Fproduct_cat&post=905"},{"taxonomy":"product_tag","embeddable":true,"href":"https:\/\/publikationen.zhdk.ch\/index.php?rest_route=%2Fwp%2Fv2%2Fproduct_tag&post=905"}],"curies":[{"name":"wp","href":"https:\/\/api.w.org\/{rel}","templated":true}]}}