{"id":899,"date":"2019-04-19T20:43:13","date_gmt":"2019-04-19T18:43:13","guid":{"rendered":"http:\/\/publikationen.zhdk.ch\/?post_type=product&#038;p=899"},"modified":"2023-08-10T13:12:18","modified_gmt":"2023-08-10T11:12:18","slug":"hindemith-interpretationen","status":"publish","type":"product","link":"https:\/\/publikationen.zhdk.ch\/?product=hindemith-interpretationen","title":{"rendered":"Hindemith-Interpretationen | Dominik Sackmann (Hg.)"},"content":{"rendered":"<p>Paul Hindemith versuchte sich fr\u00fch &#171;von dem ganzen Conservatoriumskram&#187; zu l\u00f6sen und schlug einen eigenen k\u00fcnstlerischen Weg ein, der stets die Auseinandersetzung mit den Str\u00f6mungen der jeweiligen Gegenwart suchte. Damit bot er ab 1934 auch die Voraussetzung, um selber zum &#171;Fall Hindemith&#187; zu werden. Im Zentrum der Referate und Aufs\u00e4tze, die zur Studienwoche &#171;Hindemith und die zwanziger Jahre&#187; der Hochschule Musik und Theater Z\u00fcrich entstanden sind, stehen Hindemiths Kunstwerke und Stellungnahmen in der Zwischenkriegszeit. Dabei geht es auch um Hindemiths Positionen gegen\u00fcber Str\u00f6mungen wie Expressionismus, Neoklassizismus und Neue Sachlichkeit. \u00dcberdies vermitteln Einblicke in seine Kontakte zu Schriftstellern, die ihm auch als Librettisten zur Seite standen, zu Interpreten und Choreographen ein lebendiges Bild des damals noch suchenden, aber schon ber\u00fchmten Komponisten und Interpreten Hindemith.<\/p>\n<p>ZHdK: Institute for Music Research (IMR)<\/p>\n","protected":false},"excerpt":{"rendered":"<p>Hindemith und die Zwanzigerjahre<\/p>\n<p>Paul Hindemith versuchte sich fr\u00fch &#171;von dem ganzen Conservatoriumskram&#187; zu l\u00f6sen und schlug einen eigenen k\u00fcnstlerischen Weg ein, der stets die Auseinandersetzung mit den Str\u00f6mungen der jeweiligen Gegenwart suchte. Damit bot er ab 1934 auch die Voraussetzung, um selber zum &#171;Fall Hindemith&#187; zu werden. Im Zentrum der Referate und Aufs\u00e4tze, die zur Studienwoche &#171;Hindemith und die zwanziger Jahre&#187; der Hochschule Musik und Theater Z\u00fcrich entstanden sind, stehen Hindemiths Kunstwerke und Stellungnahmen in der Zwischenkriegszeit.<\/p>\n<p><a href=\"https:\/\/publikationen.zhdk.ch\/?product_cat=zuercher-musikstudien\">Z\u00fcrcher Musikstudien<\/a> Band 6<\/p>\n<p>308 Seiten,\u00a0Peter Lang, 2007<br \/>\nISBN 978-3-0-3911508-2<\/p>\n","protected":false},"featured_media":853,"template":"","meta":[],"product_brand":[],"product_cat":[155,277,293],"product_tag":[303,339],"class_list":{"0":"post-899","1":"product","2":"type-product","3":"status-publish","4":"has-post-thumbnail","6":"product_cat-imr","7":"product_cat-sackmann-dominik","8":"product_cat-zuercher-musikstudien","9":"product_tag-musik","10":"product_tag-paul-hindemith","12":"first","13":"instock","14":"shipping-taxable","15":"product-type-external"},"_links":{"self":[{"href":"https:\/\/publikationen.zhdk.ch\/index.php?rest_route=\/wp\/v2\/product\/899","targetHints":{"allow":["GET"]}}],"collection":[{"href":"https:\/\/publikationen.zhdk.ch\/index.php?rest_route=\/wp\/v2\/product"}],"about":[{"href":"https:\/\/publikationen.zhdk.ch\/index.php?rest_route=\/wp\/v2\/types\/product"}],"version-history":[{"count":6,"href":"https:\/\/publikationen.zhdk.ch\/index.php?rest_route=\/wp\/v2\/product\/899\/revisions"}],"predecessor-version":[{"id":6055,"href":"https:\/\/publikationen.zhdk.ch\/index.php?rest_route=\/wp\/v2\/product\/899\/revisions\/6055"}],"wp:featuredmedia":[{"embeddable":true,"href":"https:\/\/publikationen.zhdk.ch\/index.php?rest_route=\/wp\/v2\/media\/853"}],"wp:attachment":[{"href":"https:\/\/publikationen.zhdk.ch\/index.php?rest_route=%2Fwp%2Fv2%2Fmedia&parent=899"}],"wp:term":[{"taxonomy":"product_brand","embeddable":true,"href":"https:\/\/publikationen.zhdk.ch\/index.php?rest_route=%2Fwp%2Fv2%2Fproduct_brand&post=899"},{"taxonomy":"product_cat","embeddable":true,"href":"https:\/\/publikationen.zhdk.ch\/index.php?rest_route=%2Fwp%2Fv2%2Fproduct_cat&post=899"},{"taxonomy":"product_tag","embeddable":true,"href":"https:\/\/publikationen.zhdk.ch\/index.php?rest_route=%2Fwp%2Fv2%2Fproduct_tag&post=899"}],"curies":[{"name":"wp","href":"https:\/\/api.w.org\/{rel}","templated":true}]}}