{"id":895,"date":"2019-04-19T20:37:14","date_gmt":"2019-04-19T18:37:14","guid":{"rendered":"http:\/\/publikationen.zhdk.ch\/?post_type=product&#038;p=895"},"modified":"2023-08-10T13:12:59","modified_gmt":"2023-08-10T11:12:59","slug":"farbe-licht-musik","status":"publish","type":"product","link":"https:\/\/publikationen.zhdk.ch\/?product=farbe-licht-musik","title":{"rendered":"Farbe \u2013 Licht \u2013 Musik. Syn\u00e4sthesie und Farblichtmusik | J\u00f6rg Jewanski, Natalia Sidler (Hg.)"},"content":{"rendered":"<p>ZHdK: Institute for Music Research (IMR)<\/p>\n","protected":false},"excerpt":{"rendered":"<p>Im Zentrum dieser Studie steht die Farblichtmusik von Alexander L\u00e1szl\u00f3, der 1925 mit seiner Multimedia-Show \u00fcberw\u00e4ltigenden Erfolg hatte. Kurze Zeit sp\u00e4ter geriet seine neue Kunstform in Vergessenheit. Die Autoren haben L\u00e1szl\u00f3s Experimente mehrfach wiederbelebt: Seine Musik wurde ausgegraben und mit einer aktuellen Visualisierung gekoppelt. Heutige K\u00fcnstlerinnen und K\u00fcnstler haben L\u00e1szl\u00f3s Sonatina f\u00fcr Klavier und Farblicht sch\u00f6pferisch reflektiert, Syn\u00e4sthetiker, die unwillk\u00fcrlich zu Musik Farben und Formen wahrnehmen, haben ihre inneren Bilder zu seiner Musik aufgezeichnet. Ausserdem werden Natalia Sidlers eigens konstruierter Farblichtfl\u00fcgel und die bisherigen Erfahrungen mit diesem Instrument, das Farbe, Licht und Musik kombiniert, vorgestellt.<\/p>\n<p><a href=\"https:\/\/publikationen.zhdk.ch\/?product_cat=zuercher-musikstudien\">Z\u00fcrcher Musikstudien<\/a> Band 5<\/p>\n<p>527 Seiten,\u00a0Peter Lang, 2006<br \/>\nISBN 978-3-0-3910636-3<\/p>\n","protected":false},"featured_media":851,"template":"","meta":[],"product_brand":[],"product_cat":[337,155,335,293],"product_tag":[303],"class_list":{"0":"post-895","1":"product","2":"type-product","3":"status-publish","4":"has-post-thumbnail","6":"product_cat-jewanski-joerg","7":"product_cat-imr","8":"product_cat-sidler-natalia","9":"product_cat-zuercher-musikstudien","10":"product_tag-musik","12":"first","13":"instock","14":"shipping-taxable","15":"product-type-external"},"_links":{"self":[{"href":"https:\/\/publikationen.zhdk.ch\/index.php?rest_route=\/wp\/v2\/product\/895","targetHints":{"allow":["GET"]}}],"collection":[{"href":"https:\/\/publikationen.zhdk.ch\/index.php?rest_route=\/wp\/v2\/product"}],"about":[{"href":"https:\/\/publikationen.zhdk.ch\/index.php?rest_route=\/wp\/v2\/types\/product"}],"version-history":[{"count":5,"href":"https:\/\/publikationen.zhdk.ch\/index.php?rest_route=\/wp\/v2\/product\/895\/revisions"}],"predecessor-version":[{"id":6057,"href":"https:\/\/publikationen.zhdk.ch\/index.php?rest_route=\/wp\/v2\/product\/895\/revisions\/6057"}],"wp:featuredmedia":[{"embeddable":true,"href":"https:\/\/publikationen.zhdk.ch\/index.php?rest_route=\/wp\/v2\/media\/851"}],"wp:attachment":[{"href":"https:\/\/publikationen.zhdk.ch\/index.php?rest_route=%2Fwp%2Fv2%2Fmedia&parent=895"}],"wp:term":[{"taxonomy":"product_brand","embeddable":true,"href":"https:\/\/publikationen.zhdk.ch\/index.php?rest_route=%2Fwp%2Fv2%2Fproduct_brand&post=895"},{"taxonomy":"product_cat","embeddable":true,"href":"https:\/\/publikationen.zhdk.ch\/index.php?rest_route=%2Fwp%2Fv2%2Fproduct_cat&post=895"},{"taxonomy":"product_tag","embeddable":true,"href":"https:\/\/publikationen.zhdk.ch\/index.php?rest_route=%2Fwp%2Fv2%2Fproduct_tag&post=895"}],"curies":[{"name":"wp","href":"https:\/\/api.w.org\/{rel}","templated":true}]}}