{"id":891,"date":"2019-04-19T20:29:41","date_gmt":"2019-04-19T18:29:41","guid":{"rendered":"http:\/\/publikationen.zhdk.ch\/?post_type=product&#038;p=891"},"modified":"2023-08-10T13:13:34","modified_gmt":"2023-08-10T11:13:34","slug":"musiktheorie-und-musikalische-praxis","status":"publish","type":"product","link":"https:\/\/publikationen.zhdk.ch\/?product=musiktheorie-und-musikalische-praxis","title":{"rendered":"Musiktheorie und musikalische Praxis | Bernhard Billeter"},"content":{"rendered":"<p>Am 1. Juli 2001 trat der Organist, Pianist und Musikwissenschafter Bernhard Billeter von seiner Lehrt\u00e4tigkeit an der Hochschule Musik und Theater (HMT) in Z\u00fcrich zur\u00fcck. Neben seiner T\u00e4tigkeit als Organist und Pianist, als Dozent und Redaktor publizierte Bernhard Billeter zahlreiche Aufs\u00e4tze, Glossen und Rezensionen. Dieser Band vereinigt wichtige Aufs\u00e4tze, welche einen Einblick in Bernhard Billeters vielf\u00e4ltiges musikalisches Schaffen geben. Neben Aufs\u00e4tzen zu Kompositionen von Johann Sebastian Bach, Frank Martin und Paul Hindemith finden auch Beitr\u00e4ge zu den Themenbereichen &#171;Musik &#8211; Mensch &#8211; Natur&#187;, &#171;Historische Stimmungen&#187; und &#171;Orgel und Klavier&#187; Eingang in diese Aufsatzsammlung.<\/p>\n<p><strong>Bernhard Billeter<\/strong>, geboren 1936, studierte in Z\u00fcrich und Wien Orgel, Klavier und Musikwissenschaft, unterrichtete von 1969-81 am Konservatorium Luzern und von 1975-2001 am Konservatorium (sp\u00e4ter HMT) Z\u00fcrich. Von 1984-1997 war er Redaktor der &#8218;Schweizerischen musikp\u00e4dagogischen Bl\u00e4tter&#8216;. Er war auch Organist an verschiedenen Kirchen Z\u00fcrichs und Lehrbeauftragter der Universit\u00e4t Z\u00fcrich.<\/p>\n<p>ZHdK: Institute for Music Research (IMR)<\/p>\n","protected":false},"excerpt":{"rendered":"<p>Gesammelte Aufs\u00e4tze herausgegeben von Dominik Sackmann<\/p>\n<p>Am 1. Juli 2001 trat der Organist, Pianist und Musikwissenschafter Bernhard Billeter von seiner Lehrt\u00e4tigkeit an der Hochschule Musik und Theater (HMT) in Z\u00fcrich zur\u00fcck. Neben seiner T\u00e4tigkeit als Organist und Pianist, als Dozent und Redaktor publizierte Bernhard Billeter zahlreiche Aufs\u00e4tze, Glossen und Rezensionen. Dieser Band vereinigt wichtige Aufs\u00e4tze, welche einen Einblick in Bernhard Billeters vielf\u00e4ltiges musikalisches Schaffen geben.<\/p>\n<p><a href=\"https:\/\/publikationen.zhdk.ch\/?product_cat=zuercher-musikstudien\">Z\u00fcrcher Musikstudien<\/a> Band 4<\/p>\n<p>369 Seiten,\u00a0Peter Lang, 2004<br \/>\nISBN 978-3-0-3910375-1<\/p>\n","protected":false},"featured_media":849,"template":"","meta":[],"product_brand":[],"product_cat":[333,155,277,293],"product_tag":[331],"class_list":{"0":"post-891","1":"product","2":"type-product","3":"status-publish","4":"has-post-thumbnail","6":"product_cat-billeter-bernhard","7":"product_cat-imr","8":"product_cat-sackmann-dominik","9":"product_cat-zuercher-musikstudien","10":"product_tag-aufsatzsammlung","12":"first","13":"instock","14":"shipping-taxable","15":"product-type-external"},"_links":{"self":[{"href":"https:\/\/publikationen.zhdk.ch\/index.php?rest_route=\/wp\/v2\/product\/891","targetHints":{"allow":["GET"]}}],"collection":[{"href":"https:\/\/publikationen.zhdk.ch\/index.php?rest_route=\/wp\/v2\/product"}],"about":[{"href":"https:\/\/publikationen.zhdk.ch\/index.php?rest_route=\/wp\/v2\/types\/product"}],"version-history":[{"count":6,"href":"https:\/\/publikationen.zhdk.ch\/index.php?rest_route=\/wp\/v2\/product\/891\/revisions"}],"predecessor-version":[{"id":6059,"href":"https:\/\/publikationen.zhdk.ch\/index.php?rest_route=\/wp\/v2\/product\/891\/revisions\/6059"}],"wp:featuredmedia":[{"embeddable":true,"href":"https:\/\/publikationen.zhdk.ch\/index.php?rest_route=\/wp\/v2\/media\/849"}],"wp:attachment":[{"href":"https:\/\/publikationen.zhdk.ch\/index.php?rest_route=%2Fwp%2Fv2%2Fmedia&parent=891"}],"wp:term":[{"taxonomy":"product_brand","embeddable":true,"href":"https:\/\/publikationen.zhdk.ch\/index.php?rest_route=%2Fwp%2Fv2%2Fproduct_brand&post=891"},{"taxonomy":"product_cat","embeddable":true,"href":"https:\/\/publikationen.zhdk.ch\/index.php?rest_route=%2Fwp%2Fv2%2Fproduct_cat&post=891"},{"taxonomy":"product_tag","embeddable":true,"href":"https:\/\/publikationen.zhdk.ch\/index.php?rest_route=%2Fwp%2Fv2%2Fproduct_tag&post=891"}],"curies":[{"name":"wp","href":"https:\/\/api.w.org\/{rel}","templated":true}]}}