{"id":819,"date":"2019-04-18T20:56:18","date_gmt":"2019-04-18T18:56:18","guid":{"rendered":"http:\/\/publikationen.zhdk.ch\/?post_type=product&#038;p=819"},"modified":"2023-08-10T13:10:26","modified_gmt":"2023-08-10T11:10:26","slug":"erich-schmid","status":"publish","type":"product","link":"https:\/\/publikationen.zhdk.ch\/?product=erich-schmid","title":{"rendered":"Erich Schmid: Lebenserinnerungen | Lukas N\u00e4f (Hg.)"},"content":{"rendered":"<p class=\"title\">Band 1: Autobiographie | hrsg. von Lukas N\u00e4f<br \/>\nBand 2: Briefe | hrsg. von Iris Eggenschwiler und Lukas N\u00e4f<br \/>\nBand 3: Konzertprogramme und Radioaufnahmen | hrsg. von Lukas N\u00e4f unter Mitarbeit von Othmar W\u00fcthrich<\/p>\n<p>Die Briefe von und an Erich Schmid dokumentieren das weite Spektrum seines Wirkens. In den Briefen an die Eltern findet besonders die Studienzeit in Frankfurt am Main und Berlin Darstellung. Aus dieser Lebensphase stammen auch die Kontakte zu Erich Itor Kahn, Alexander Molzahn, Peter Schacht, M\u00e1ty\u00e1s Seiber und nat\u00fcrlich zum Berliner Lehrmeister Arnold Sch\u00f6nberg. Als Musikdirektor in Glarus wandte sich Schmid an Schweizer Komponistenkollegen wie Paul M\u00fcller-Z\u00fcrich oder Robert Blum und fragte um Werke an. Daneben trat er mit Werner Reinhart, Paul Sacher, Willy Reich und Anton Webern in Kontakt, um gemeinsame Projekte zu verwirklichen. Die Korrespondenz mit Luigi Dallapiccola, Karl Amadeus Hartmann, Michael Mann, Ren\u00e9 Leibowitz, Hermann Meier und Wladimir Vogel zeigt ausserdem Schmids wachsende nationale und internationale Vernetzung. Als Dirigent des Tonhalle-Orchesters Z\u00fcrich und des Radio-Orchesters Berom\u00fcnster konnte sich Schmid schliesslich auch in gr\u00f6sserem Rahmen f\u00fcr zeitgen\u00f6ssische Komponisten wie Klaus Huber, Marcel Mihalovici oder Ernst Toch einsetzen.<br \/>\nDie vollst\u00e4ndig edierten Konzertprogramme aller von Schmid dirigierten und gespielten Konzerte der Studienzeit, der T\u00e4tigkeit als Musikdirektor in Glarus und als Leiter des Tonhalle-Orchesters Z\u00fcrich, die in der Autobiographie Erw\u00e4hnung finden, bieten einen Einblick in das vielseitige Repertoire von Schmid. Dieses reicht von der Renaissance und Barockmusik \u00fcber die klassisch-romantischen Standardwerke bis zum zeitgen\u00f6ssischen Musikschaffen und zur Harmoniemusik. Ein Verzeichnis s\u00e4mtlicher in Schweizer Radiostudios erhaltener Tondokumente unter der Leitung oder Mitwirkung von Schmid dokumentiert zudem Schmids reiches Schaffen am Radio. Die Konzertprogramme und Radioaufnahmen werden durch ein Personen- und Werkregister erschlossen.<\/p>\n<p>ZHdK: Institute for Music Research (IMR)<\/p>\n","protected":false},"excerpt":{"rendered":"<p>Die Briefe von und an Erich Schmid dokumentieren das weite Spektrum seines Wirkens. Weiter bieten die vollst\u00e4ndig edierten Konzertprogramme aller von Schmid dirigierten und gespielten Konzerte, die in der Autobiographie Erw\u00e4hnung finden, einen Einblick in das vielseitige Repertoire von Schmid. Ein Verzeichnis s\u00e4mtlicher in Schweizer Radiostudios erhaltener Tondokumente unter der Leitung oder Mitwirkung von Schmid dokumentiert zudem Schmids reiches Schaffen am Radio. Die Konzertprogramme und Radioaufnahmen werden durch ein Personen- und Werkregister erschlossen.<\/p>\n<p><a href=\"https:\/\/publikationen.zhdk.ch\/?product_cat=zuercher-musikstudien\">Z\u00fcrcher Musikstudien<\/a> Band 8<\/p>\n<p>3 B\u00e4nde, 2038 Seiten,\u00a0Peter Lang, 2014<br \/>\nISBN 978-3-0-3430533-4<\/p>\n","protected":false},"featured_media":861,"template":"","meta":[],"product_brand":[],"product_cat":[155,283,293],"product_tag":[307,305,301,303],"class_list":{"0":"post-819","1":"product","2":"type-product","3":"status-publish","4":"has-post-thumbnail","6":"product_cat-imr","7":"product_cat-naef-lukas","8":"product_cat-zuercher-musikstudien","9":"product_tag-briefedition","10":"product_tag-dirigent","11":"product_tag-erich-schmid","12":"product_tag-musik","14":"first","15":"instock","16":"shipping-taxable","17":"product-type-external"},"_links":{"self":[{"href":"https:\/\/publikationen.zhdk.ch\/index.php?rest_route=\/wp\/v2\/product\/819","targetHints":{"allow":["GET"]}}],"collection":[{"href":"https:\/\/publikationen.zhdk.ch\/index.php?rest_route=\/wp\/v2\/product"}],"about":[{"href":"https:\/\/publikationen.zhdk.ch\/index.php?rest_route=\/wp\/v2\/types\/product"}],"version-history":[{"count":11,"href":"https:\/\/publikationen.zhdk.ch\/index.php?rest_route=\/wp\/v2\/product\/819\/revisions"}],"predecessor-version":[{"id":6049,"href":"https:\/\/publikationen.zhdk.ch\/index.php?rest_route=\/wp\/v2\/product\/819\/revisions\/6049"}],"wp:featuredmedia":[{"embeddable":true,"href":"https:\/\/publikationen.zhdk.ch\/index.php?rest_route=\/wp\/v2\/media\/861"}],"wp:attachment":[{"href":"https:\/\/publikationen.zhdk.ch\/index.php?rest_route=%2Fwp%2Fv2%2Fmedia&parent=819"}],"wp:term":[{"taxonomy":"product_brand","embeddable":true,"href":"https:\/\/publikationen.zhdk.ch\/index.php?rest_route=%2Fwp%2Fv2%2Fproduct_brand&post=819"},{"taxonomy":"product_cat","embeddable":true,"href":"https:\/\/publikationen.zhdk.ch\/index.php?rest_route=%2Fwp%2Fv2%2Fproduct_cat&post=819"},{"taxonomy":"product_tag","embeddable":true,"href":"https:\/\/publikationen.zhdk.ch\/index.php?rest_route=%2Fwp%2Fv2%2Fproduct_tag&post=819"}],"curies":[{"name":"wp","href":"https:\/\/api.w.org\/{rel}","templated":true}]}}