{"id":6641,"date":"2026-03-04T16:15:38","date_gmt":"2026-03-04T15:15:38","guid":{"rendered":"https:\/\/publikationen.zhdk.ch\/?post_type=product&#038;p=6641"},"modified":"2026-03-04T16:16:27","modified_gmt":"2026-03-04T15:16:27","slug":"handeln-in-den-kuensten-siegmund","status":"publish","type":"product","link":"https:\/\/publikationen.zhdk.ch\/?product=handeln-in-den-kuensten-siegmund","title":{"rendered":"Handeln in den K\u00fcnsten | Judith Siegmund, Florian Klinger, Marie Rosenkranz (Hg.)"},"content":{"rendered":"<p>Die verschiedenen Beitr\u00e4ge in dem Werk bieten einen \u00dcberblick \u00fcber handlungstheoretische Ans\u00e4tze und zeigen, warum diese besonders f\u00fcr postkoloniale, planetare und queere Diskurse, die verst\u00e4rkt in die K\u00fcnste dr\u00e4ngen, instruktiver sind als \u00e4ltere \u00e4sthetische Theorien.<\/p>\n<p>ZHdK: Forschungsschwerpunkt \u00c4sthetik, Departement f\u00fcr Kulturanalysen und Vermittlung<\/p>\n","protected":false},"excerpt":{"rendered":"<p>Handlungstheoretische und praxeologische Perspektiven versprechen heute neue M\u00f6glichkeiten einer ganzheitlichen Beschreibung von K\u00fcnsten &#8211; philosophisch wie interdisziplin\u00e4r. Sie sind integrativ und anschlussf\u00e4hig an Rezeptions- und Objekt\u00e4sthetiken. Zugleich setzen sie aber bewusst neue Impulse, die aktuellen Entwicklungen in den K\u00fcnsten angemessen sind.<\/p>\n<p>Reihe: Praktische Kunstphilosophie<\/p>\n<p>234 Seiten, transcript, 2026<br \/>\nISBN: <span class=\"entry--content\" data-flyer=\"isbn\">978-3-8376-6957-2<\/span><\/p>\n","protected":false},"featured_media":6643,"template":"","meta":[],"product_brand":[],"product_cat":[1669,871],"product_tag":[1949,1146,1945,627,1947],"class_list":{"0":"post-6641","1":"product","2":"type-product","3":"status-publish","4":"has-post-thumbnail","6":"product_cat-siegmund-judith","7":"product_cat-zhdk","8":"product_tag-action-theory","9":"product_tag-aesthetik","10":"product_tag-handlungstheorie","11":"product_tag-kunst","12":"product_tag-praxeologie","14":"first","15":"instock","16":"shipping-taxable","17":"product-type-external"},"_links":{"self":[{"href":"https:\/\/publikationen.zhdk.ch\/index.php?rest_route=\/wp\/v2\/product\/6641","targetHints":{"allow":["GET"]}}],"collection":[{"href":"https:\/\/publikationen.zhdk.ch\/index.php?rest_route=\/wp\/v2\/product"}],"about":[{"href":"https:\/\/publikationen.zhdk.ch\/index.php?rest_route=\/wp\/v2\/types\/product"}],"version-history":[{"count":3,"href":"https:\/\/publikationen.zhdk.ch\/index.php?rest_route=\/wp\/v2\/product\/6641\/revisions"}],"predecessor-version":[{"id":6649,"href":"https:\/\/publikationen.zhdk.ch\/index.php?rest_route=\/wp\/v2\/product\/6641\/revisions\/6649"}],"wp:featuredmedia":[{"embeddable":true,"href":"https:\/\/publikationen.zhdk.ch\/index.php?rest_route=\/wp\/v2\/media\/6643"}],"wp:attachment":[{"href":"https:\/\/publikationen.zhdk.ch\/index.php?rest_route=%2Fwp%2Fv2%2Fmedia&parent=6641"}],"wp:term":[{"taxonomy":"product_brand","embeddable":true,"href":"https:\/\/publikationen.zhdk.ch\/index.php?rest_route=%2Fwp%2Fv2%2Fproduct_brand&post=6641"},{"taxonomy":"product_cat","embeddable":true,"href":"https:\/\/publikationen.zhdk.ch\/index.php?rest_route=%2Fwp%2Fv2%2Fproduct_cat&post=6641"},{"taxonomy":"product_tag","embeddable":true,"href":"https:\/\/publikationen.zhdk.ch\/index.php?rest_route=%2Fwp%2Fv2%2Fproduct_tag&post=6641"}],"curies":[{"name":"wp","href":"https:\/\/api.w.org\/{rel}","templated":true}]}}