{"id":6623,"date":"2025-09-11T07:55:18","date_gmt":"2025-09-11T05:55:18","guid":{"rendered":"https:\/\/publikationen.zhdk.ch\/?post_type=product&#038;p=6623"},"modified":"2025-09-11T07:56:47","modified_gmt":"2025-09-11T05:56:47","slug":"hannah-arendt-und-die-weltlichkeit-der-kuenste-siegmund-hg","status":"publish","type":"product","link":"https:\/\/publikationen.zhdk.ch\/?product=hannah-arendt-und-die-weltlichkeit-der-kuenste-siegmund-hg","title":{"rendered":"Hannah Arendt und die Weltlichkeit der K\u00fcnste | Judith Siegmund, Anne Eusterschulte, Marita Tatari (Hg.)"},"content":{"rendered":"<p>Aus der Perspektive dieser \u00dcberlegungen zu Kunst und K\u00fcnsten werden nicht nur Arendts Verst\u00e4ndnis des \u00d6ffentlichen und des Privaten neu diskutiert, sondern ebenso ihre Konzepte von &#171;Dauerhaftigkeit&#187;, &#171;Sprachlichkeit&#187;, &#171;Wahrhaftigkeit&#187; und &#171;Geschichtlichkeit&#187;. Vor diesem Hintergrund wird schlie\u00dflich auch nach dem Verh\u00e4ltnis der unterschiedlichen K\u00fcnste im Hinblick auf ihre konstitutive Weltlichkeit gefragt.<\/p>\n<p>ZHdK: Departement Kulturanalysen und Vermittlung<\/p>\n","protected":false},"excerpt":{"rendered":"<p>Hannah Arendt hat kein spezifisch kunstphilosophisches Buch geschrieben. Jedoch spielen ihre \u00dcberlegungen zu den K\u00fcnsten und mehr noch die kulturgeschichtliche Verortung von produktions- und rezeptions\u00e4sthetischen Fragen eine wichtige Rolle in ihrem Werk. Der Band legt den Fokus auf kunstphilosophische Konzepte und Reflexionen in den Texten Arendts und bringt diese sowohl mit ihrer politischen Theorie als auch mit aktuellen Fragen k\u00fcnstlerischer Praxis in Zusammenhang.<\/p>\n<p>Reihe: \u00c4sthetiken X.0\u00a0 \u2013 Zeitgen\u00f6ssische Konturen \u00e4sthetischen Denkens<br \/>\n205 Seiten, J. B. Metzler, 2025<br \/>\nISBN 978-3-662-71545-1<\/p>\n","protected":false},"featured_media":6625,"template":"","meta":[],"product_brand":[],"product_cat":[149,1669],"product_tag":[1146,1929,657,1931],"class_list":{"0":"post-6623","1":"product","2":"type-product","3":"status-publish","4":"has-post-thumbnail","6":"product_cat-ith","7":"product_cat-siegmund-judith","8":"product_tag-aesthetik","9":"product_tag-critical-theory","10":"product_tag-kunstkritik","11":"product_tag-politische-theory","13":"first","14":"instock","15":"shipping-taxable","16":"product-type-external"},"_links":{"self":[{"href":"https:\/\/publikationen.zhdk.ch\/index.php?rest_route=\/wp\/v2\/product\/6623","targetHints":{"allow":["GET"]}}],"collection":[{"href":"https:\/\/publikationen.zhdk.ch\/index.php?rest_route=\/wp\/v2\/product"}],"about":[{"href":"https:\/\/publikationen.zhdk.ch\/index.php?rest_route=\/wp\/v2\/types\/product"}],"version-history":[{"count":1,"href":"https:\/\/publikationen.zhdk.ch\/index.php?rest_route=\/wp\/v2\/product\/6623\/revisions"}],"predecessor-version":[{"id":6627,"href":"https:\/\/publikationen.zhdk.ch\/index.php?rest_route=\/wp\/v2\/product\/6623\/revisions\/6627"}],"wp:featuredmedia":[{"embeddable":true,"href":"https:\/\/publikationen.zhdk.ch\/index.php?rest_route=\/wp\/v2\/media\/6625"}],"wp:attachment":[{"href":"https:\/\/publikationen.zhdk.ch\/index.php?rest_route=%2Fwp%2Fv2%2Fmedia&parent=6623"}],"wp:term":[{"taxonomy":"product_brand","embeddable":true,"href":"https:\/\/publikationen.zhdk.ch\/index.php?rest_route=%2Fwp%2Fv2%2Fproduct_brand&post=6623"},{"taxonomy":"product_cat","embeddable":true,"href":"https:\/\/publikationen.zhdk.ch\/index.php?rest_route=%2Fwp%2Fv2%2Fproduct_cat&post=6623"},{"taxonomy":"product_tag","embeddable":true,"href":"https:\/\/publikationen.zhdk.ch\/index.php?rest_route=%2Fwp%2Fv2%2Fproduct_tag&post=6623"}],"curies":[{"name":"wp","href":"https:\/\/api.w.org\/{rel}","templated":true}]}}