{"id":6617,"date":"2025-09-04T13:51:44","date_gmt":"2025-09-04T11:51:44","guid":{"rendered":"https:\/\/publikationen.zhdk.ch\/?post_type=product&#038;p=6617"},"modified":"2025-09-04T13:55:08","modified_gmt":"2025-09-04T11:55:08","slug":"kiosk-kulturpublizistik-hg","status":"publish","type":"product","link":"https:\/\/publikationen.zhdk.ch\/?product=kiosk-kulturpublizistik-hg","title":{"rendered":"Kiosk | Plattform Kulturpublizistik, Z\u00fcrcher Hochschule der K\u00fcnste (Hg.)"},"content":{"rendered":"<p>In diesem Buch wird der unabh\u00e4ngige Z\u00fcrcher Stammkiosk ebenso unter die Lupe genommen wie dessen globale Pendants, es geht aufs Jungfraujoch, in die Z\u00fcrcher Badis und in die Kiosk-Ketten mit Monopolbestreben. Es wird hingeh\u00f6rt und hingeschaut, hinter die Theke und auf die Fassade, in die Vergangenheit, die Gegenwart und in die Zukunft, in die Google-Rezensionen und die Archive.\u2004Entstanden ist ein buntes Sortiment wahrer und erfundener Geschichten in Bild- und Textform, die das Ph\u00e4nomen Kiosk aus den unterschiedlichsten Blickwinkeln beleuchten.<\/p>\n","protected":false},"excerpt":{"rendered":"<p>Der Kiosk \u2013 weit mehr als nur ein Verkaufsh\u00e4uschen, an dem man Tabak und Kaugummi kaufen kann. Er ist Quartiertreffpunkt, Nostalgieort f\u00fcr Kindheitserinnerungen, Nische im urbanen Raum, Ort des Gl\u00fccksspiels und anderer Versuchungen und immer Schauplatz f\u00fcr allerhand Unperfektes.<\/p>\n<p>208 Seiten, Limmat, 2025<br \/>\nISBN 978-3-03926-082-9<\/p>\n","protected":false},"featured_media":6619,"template":"","meta":[],"product_brand":[],"product_cat":[871],"product_tag":[1108,827,1927,627,927,621,1733],"class_list":{"0":"post-6617","1":"product","2":"type-product","3":"status-publish","4":"has-post-thumbnail","6":"product_cat-zhdk","7":"product_tag-architektur","8":"product_tag-fotografie","9":"product_tag-konsum","10":"product_tag-kunst","11":"product_tag-literatur","12":"product_tag-schweiz","13":"product_tag-swissness","15":"first","16":"instock","17":"shipping-taxable","18":"product-type-external"},"_links":{"self":[{"href":"https:\/\/publikationen.zhdk.ch\/index.php?rest_route=\/wp\/v2\/product\/6617","targetHints":{"allow":["GET"]}}],"collection":[{"href":"https:\/\/publikationen.zhdk.ch\/index.php?rest_route=\/wp\/v2\/product"}],"about":[{"href":"https:\/\/publikationen.zhdk.ch\/index.php?rest_route=\/wp\/v2\/types\/product"}],"version-history":[{"count":1,"href":"https:\/\/publikationen.zhdk.ch\/index.php?rest_route=\/wp\/v2\/product\/6617\/revisions"}],"predecessor-version":[{"id":6621,"href":"https:\/\/publikationen.zhdk.ch\/index.php?rest_route=\/wp\/v2\/product\/6617\/revisions\/6621"}],"wp:featuredmedia":[{"embeddable":true,"href":"https:\/\/publikationen.zhdk.ch\/index.php?rest_route=\/wp\/v2\/media\/6619"}],"wp:attachment":[{"href":"https:\/\/publikationen.zhdk.ch\/index.php?rest_route=%2Fwp%2Fv2%2Fmedia&parent=6617"}],"wp:term":[{"taxonomy":"product_brand","embeddable":true,"href":"https:\/\/publikationen.zhdk.ch\/index.php?rest_route=%2Fwp%2Fv2%2Fproduct_brand&post=6617"},{"taxonomy":"product_cat","embeddable":true,"href":"https:\/\/publikationen.zhdk.ch\/index.php?rest_route=%2Fwp%2Fv2%2Fproduct_cat&post=6617"},{"taxonomy":"product_tag","embeddable":true,"href":"https:\/\/publikationen.zhdk.ch\/index.php?rest_route=%2Fwp%2Fv2%2Fproduct_tag&post=6617"}],"curies":[{"name":"wp","href":"https:\/\/api.w.org\/{rel}","templated":true}]}}