{"id":6607,"date":"2025-09-04T13:30:19","date_gmt":"2025-09-04T11:30:19","guid":{"rendered":"https:\/\/publikationen.zhdk.ch\/?post_type=product&#038;p=6607"},"modified":"2025-09-04T13:55:29","modified_gmt":"2025-09-04T11:55:29","slug":"gender-und-rausch-kulturpublizistik-hg","status":"publish","type":"product","link":"https:\/\/publikationen.zhdk.ch\/?product=gender-und-rausch-kulturpublizistik-hg","title":{"rendered":"Gender und Rausch | Plattform Kulturpublizistik, Z\u00fcrcher Hochschule der K\u00fcnste (Hg.)"},"content":{"rendered":"<p>Dieses Buch zeigt, wie Rausch von FINTA erlebt wird und wie sich genderspezifische Unterschiede in Bezug auf Zugang, Sicherheit und gesellschaftliche Akzeptanz manifestieren. In Bildstrecken, journalistischen Beitr\u00e4gen und literarischen Texten er\u00f6ffnen sich vielf\u00e4ltige Perspektiven auf die Welt des Rauschs.<\/p>\n<p>ZHdK: Plattform Kulturpublizistik<\/p>\n","protected":false},"excerpt":{"rendered":"<p>Loslassen, Freiheit, Spass und Bewusstseinserweiterung: Das verbinden viele mit Rausch. Angst, Scham und Verletzlichkeit bedeutet es f\u00fcr andere. Was muss gegeben sein, dass alle sich frei und sicher f\u00fchlen im Rausch?<br \/>\nFrauen konsumieren eher im Versteckten, weil es bei ihnen noch immer als Tabu wahrgenommen wird. Sie schicken einander ihren Standort, wenn sie auf dem Heimweg von einer Party sind. Sie lassen ihren Drink im Club nie unbeobachtet stehen, aus Angst vor K.-o.-Tropfen.<\/p>\n<p>368 Seiten, Limmat, 2025<br \/>\nISBN 978-3-03926-092-8<\/p>\n","protected":false},"featured_media":6609,"template":"","meta":[],"product_brand":[],"product_cat":[871],"product_tag":[1923,1876,1917,1919,1925,1921],"class_list":{"0":"post-6607","1":"product","2":"type-product","3":"status-publish","4":"has-post-thumbnail","6":"product_cat-zhdk","7":"product_tag-drogen","8":"product_tag-gender","9":"product_tag-queer","10":"product_tag-rausch","11":"product_tag-sexualitaet","12":"product_tag-sucht","14":"first","15":"instock","16":"shipping-taxable","17":"product-type-external"},"_links":{"self":[{"href":"https:\/\/publikationen.zhdk.ch\/index.php?rest_route=\/wp\/v2\/product\/6607","targetHints":{"allow":["GET"]}}],"collection":[{"href":"https:\/\/publikationen.zhdk.ch\/index.php?rest_route=\/wp\/v2\/product"}],"about":[{"href":"https:\/\/publikationen.zhdk.ch\/index.php?rest_route=\/wp\/v2\/types\/product"}],"version-history":[{"count":1,"href":"https:\/\/publikationen.zhdk.ch\/index.php?rest_route=\/wp\/v2\/product\/6607\/revisions"}],"predecessor-version":[{"id":6611,"href":"https:\/\/publikationen.zhdk.ch\/index.php?rest_route=\/wp\/v2\/product\/6607\/revisions\/6611"}],"wp:featuredmedia":[{"embeddable":true,"href":"https:\/\/publikationen.zhdk.ch\/index.php?rest_route=\/wp\/v2\/media\/6609"}],"wp:attachment":[{"href":"https:\/\/publikationen.zhdk.ch\/index.php?rest_route=%2Fwp%2Fv2%2Fmedia&parent=6607"}],"wp:term":[{"taxonomy":"product_brand","embeddable":true,"href":"https:\/\/publikationen.zhdk.ch\/index.php?rest_route=%2Fwp%2Fv2%2Fproduct_brand&post=6607"},{"taxonomy":"product_cat","embeddable":true,"href":"https:\/\/publikationen.zhdk.ch\/index.php?rest_route=%2Fwp%2Fv2%2Fproduct_cat&post=6607"},{"taxonomy":"product_tag","embeddable":true,"href":"https:\/\/publikationen.zhdk.ch\/index.php?rest_route=%2Fwp%2Fv2%2Fproduct_tag&post=6607"}],"curies":[{"name":"wp","href":"https:\/\/api.w.org\/{rel}","templated":true}]}}