{"id":6583,"date":"2025-06-11T10:35:06","date_gmt":"2025-06-11T08:35:06","guid":{"rendered":"https:\/\/publikationen.zhdk.ch\/?post_type=product&#038;p=6583"},"modified":"2025-06-11T10:40:16","modified_gmt":"2025-06-11T08:40:16","slug":"intersektionalitaet-im-kunstunterricht-julia-matlok-e-book","status":"publish","type":"product","link":"https:\/\/publikationen.zhdk.ch\/?product=intersektionalitaet-im-kunstunterricht-julia-matlok-e-book","title":{"rendered":"Intersektionalit\u00e4t im Kunstunterricht | Julia Matlok [E-Book]"},"content":{"rendered":"<p>Mittels qualitativ-empirischer Praxisforschung analysiert sie die Bedingungen intersektionalit\u00e4tssensibler Ans\u00e4tze im Kunstunterricht und zeigt kritisch-reflexiv Anschlussstellen zu Praxen des Empowerments und Powersharings, aber auch zu aktuellen Diskussionen im Feld auf.<\/p>\n","protected":false},"excerpt":{"rendered":"<p>Kunstp\u00e4dagogische Konzeption und Reflexionen f\u00fcr die Praxis<\/p>\n<p>Wie kann Intersektionalit\u00e4t in der Kunstp\u00e4dagogik umgesetzt werden? Julia Matlok widmet sich den Diskursen um Vielfalt, Differenz sowie deren ungleichheitsgenerierenden Dimensionen und Interdependenzen in einem der gr\u00f6\u00dften Praxisfelder der Kunstp\u00e4dagogik.<\/p>\n<p>354 Seiten, transcript, 2025<br \/>\nISBN 978-3-8394-0020-3<\/p>\n","protected":false},"featured_media":6567,"template":"","meta":[],"product_brand":[],"product_cat":[141,221,1913,1014,871],"product_tag":[1911,1896,1672],"class_list":{"0":"post-6583","1":"product","2":"type-product","3":"status-publish","4":"has-post-thumbnail","6":"product_cat-iae","7":"product_cat-e-books","8":"product_cat-matlok-julia","9":"product_cat-open-access","10":"product_cat-zhdk","11":"product_tag-diversity","12":"product_tag-education","13":"product_tag-kunstpaedagogik","15":"first","16":"instock","17":"shipping-taxable","18":"product-type-external"},"_links":{"self":[{"href":"https:\/\/publikationen.zhdk.ch\/index.php?rest_route=\/wp\/v2\/product\/6583","targetHints":{"allow":["GET"]}}],"collection":[{"href":"https:\/\/publikationen.zhdk.ch\/index.php?rest_route=\/wp\/v2\/product"}],"about":[{"href":"https:\/\/publikationen.zhdk.ch\/index.php?rest_route=\/wp\/v2\/types\/product"}],"version-history":[{"count":1,"href":"https:\/\/publikationen.zhdk.ch\/index.php?rest_route=\/wp\/v2\/product\/6583\/revisions"}],"predecessor-version":[{"id":6585,"href":"https:\/\/publikationen.zhdk.ch\/index.php?rest_route=\/wp\/v2\/product\/6583\/revisions\/6585"}],"wp:featuredmedia":[{"embeddable":true,"href":"https:\/\/publikationen.zhdk.ch\/index.php?rest_route=\/wp\/v2\/media\/6567"}],"wp:attachment":[{"href":"https:\/\/publikationen.zhdk.ch\/index.php?rest_route=%2Fwp%2Fv2%2Fmedia&parent=6583"}],"wp:term":[{"taxonomy":"product_brand","embeddable":true,"href":"https:\/\/publikationen.zhdk.ch\/index.php?rest_route=%2Fwp%2Fv2%2Fproduct_brand&post=6583"},{"taxonomy":"product_cat","embeddable":true,"href":"https:\/\/publikationen.zhdk.ch\/index.php?rest_route=%2Fwp%2Fv2%2Fproduct_cat&post=6583"},{"taxonomy":"product_tag","embeddable":true,"href":"https:\/\/publikationen.zhdk.ch\/index.php?rest_route=%2Fwp%2Fv2%2Fproduct_tag&post=6583"}],"curies":[{"name":"wp","href":"https:\/\/api.w.org\/{rel}","templated":true}]}}