{"id":6579,"date":"2025-06-11T10:30:52","date_gmt":"2025-06-11T08:30:52","guid":{"rendered":"https:\/\/publikationen.zhdk.ch\/?post_type=product&#038;p=6579"},"modified":"2025-06-11T10:39:34","modified_gmt":"2025-06-11T08:39:34","slug":"intersektionalitaet-im-kunstunterricht-julia-matlok","status":"publish","type":"product","link":"https:\/\/publikationen.zhdk.ch\/?product=intersektionalitaet-im-kunstunterricht-julia-matlok","title":{"rendered":"Intersektionalit\u00e4t im Kunstunterricht | Julia Matlok"},"content":{"rendered":"<p>Mittels qualitativ-empirischer Praxisforschung analysiert sie die Bedingungen intersektionalit\u00e4tssensibler Ans\u00e4tze im Kunstunterricht und zeigt kritisch-reflexiv Anschlussstellen zu Praxen des Empowerments und Powersharings, aber auch zu aktuellen Diskussionen im Feld auf.<\/p>\n","protected":false},"excerpt":{"rendered":"<p>Kunstp\u00e4dagogische Konzeption und Reflexionen f\u00fcr die Praxis<\/p>\n<p>Wie kann Intersektionalit\u00e4t in der Kunstp\u00e4dagogik umgesetzt werden? Julia Matlok widmet sich den Diskursen um Vielfalt, Differenz sowie deren ungleichheitsgenerierenden Dimensionen und Interdependenzen in einem der gr\u00f6\u00dften Praxisfelder der Kunstp\u00e4dagogik.<\/p>\n<p>354 Seiten, transcript, 2025<br \/>\nISBN 978-3-8376-5447-9<\/p>\n","protected":false},"featured_media":6567,"template":"","meta":[],"product_brand":[],"product_cat":[141,1913,871],"product_tag":[1911,1896,1672],"class_list":{"0":"post-6579","1":"product","2":"type-product","3":"status-publish","4":"has-post-thumbnail","6":"product_cat-iae","7":"product_cat-matlok-julia","8":"product_cat-zhdk","9":"product_tag-diversity","10":"product_tag-education","11":"product_tag-kunstpaedagogik","13":"first","14":"instock","15":"shipping-taxable","16":"product-type-external"},"_links":{"self":[{"href":"https:\/\/publikationen.zhdk.ch\/index.php?rest_route=\/wp\/v2\/product\/6579","targetHints":{"allow":["GET"]}}],"collection":[{"href":"https:\/\/publikationen.zhdk.ch\/index.php?rest_route=\/wp\/v2\/product"}],"about":[{"href":"https:\/\/publikationen.zhdk.ch\/index.php?rest_route=\/wp\/v2\/types\/product"}],"version-history":[{"count":1,"href":"https:\/\/publikationen.zhdk.ch\/index.php?rest_route=\/wp\/v2\/product\/6579\/revisions"}],"predecessor-version":[{"id":6581,"href":"https:\/\/publikationen.zhdk.ch\/index.php?rest_route=\/wp\/v2\/product\/6579\/revisions\/6581"}],"wp:featuredmedia":[{"embeddable":true,"href":"https:\/\/publikationen.zhdk.ch\/index.php?rest_route=\/wp\/v2\/media\/6567"}],"wp:attachment":[{"href":"https:\/\/publikationen.zhdk.ch\/index.php?rest_route=%2Fwp%2Fv2%2Fmedia&parent=6579"}],"wp:term":[{"taxonomy":"product_brand","embeddable":true,"href":"https:\/\/publikationen.zhdk.ch\/index.php?rest_route=%2Fwp%2Fv2%2Fproduct_brand&post=6579"},{"taxonomy":"product_cat","embeddable":true,"href":"https:\/\/publikationen.zhdk.ch\/index.php?rest_route=%2Fwp%2Fv2%2Fproduct_cat&post=6579"},{"taxonomy":"product_tag","embeddable":true,"href":"https:\/\/publikationen.zhdk.ch\/index.php?rest_route=%2Fwp%2Fv2%2Fproduct_tag&post=6579"}],"curies":[{"name":"wp","href":"https:\/\/api.w.org\/{rel}","templated":true}]}}