{"id":6573,"date":"2025-06-11T10:18:45","date_gmt":"2025-06-11T08:18:45","guid":{"rendered":"https:\/\/publikationen.zhdk.ch\/?post_type=product&#038;p=6573"},"modified":"2025-06-11T13:49:51","modified_gmt":"2025-06-11T11:49:51","slug":"entkoppelte-gesellschaft-ostdeutschland-seit-1989-90-7-stimmen-yana-milev-hg-e-book-pdf","status":"publish","type":"product","link":"https:\/\/publikationen.zhdk.ch\/?product=entkoppelte-gesellschaft-ostdeutschland-seit-1989-90-7-stimmen-yana-milev-hg-e-book-pdf","title":{"rendered":"Entkoppelte Gesellschaft \u2013 Ostdeutschland seit 1989\/90 [7]: Stimmen | Yana Milev (Hg.) [E-Book PDF]"},"content":{"rendered":"<p>Inhalt:<br \/>\nA \/ Einleitung &#8211; Bestandsaufnahme der Entkopplung: Der &#171;Osten&#187; als blinder Fleck der &#171;deutschen Einheit&#187; &#8211; Das Laboratorium &#171;Ostdeutschland&#187; als Prototyp einer kulturkolonialen Gesellschaftstransformation &#8211; B \/ AGIO-Studie 2017 &#8211; Wahrnehmung und Aufarbeitung biografischer Entwertung in Ostdeutschland seit 1989\/90 &#8211; C \/ Stimmen &#8211; Leserbriefe 017 &#8211; 2023 (Auswahl)<\/p>\n<p><span class=\"description\">ZHdK: Institute for Cultural Studies in the Arts (ICS)<\/span><\/p>\n","protected":false},"excerpt":{"rendered":"<p>Seit das &#171;Ende des Kommunismus&#187; auf 1990 festgeschrieben und der &#171;Unrechtsstaat DDR&#187; der Justiz \u00fcbergeben wurde, inszenieren Institutionen, Stiftungen und Beh\u00f6rden der Bundesrepublik Deutschland den \u00f6konomischen, kulturellen und moralischen Erfolg des Rechtsstaates. Dabei wird die Mehrheit der Neub\u00fcrger mit Schockereignissen eines krassen sozialen Wandels und der gesellschaftlichen Stigmatisierung konfrontiert. Der vorliegende Band ist Ergebnis einer ethnografischen Bestandsaufnahme zur Wahrnehmung und Aufarbeitung biografischer Entwertung in Ostdeutschland seit 1989\/90. Ausgangspunkt bildet die AGIO-Studie von 2017, die ohne repr\u00e4sentative Daten und statistische Bilanzen geblieben ist.<\/p>\n<p>294 Seiten, Peter Lang, 2025<br \/>\nISBN 978-3-6319-3369-5<\/p>\n<table>\n<tbody>\n<tr>\n<td><\/td>\n<td><\/td>\n<\/tr>\n<\/tbody>\n<\/table>\n","protected":false},"featured_media":6571,"template":"","meta":[],"product_brand":[],"product_cat":[221,417,871],"product_tag":[1707,1801,1165,781,1411],"class_list":{"0":"post-6573","1":"product","2":"type-product","3":"status-publish","4":"has-post-thumbnail","6":"product_cat-e-books","7":"product_cat-milev-yana","8":"product_cat-zhdk","9":"product_tag-gesellschaft","10":"product_tag-gesellschaftstransformation","11":"product_tag-ostdeutschland","12":"product_tag-sozialwissenschaften","13":"product_tag-soziologie","15":"first","16":"instock","17":"shipping-taxable","18":"product-type-external"},"_links":{"self":[{"href":"https:\/\/publikationen.zhdk.ch\/index.php?rest_route=\/wp\/v2\/product\/6573","targetHints":{"allow":["GET"]}}],"collection":[{"href":"https:\/\/publikationen.zhdk.ch\/index.php?rest_route=\/wp\/v2\/product"}],"about":[{"href":"https:\/\/publikationen.zhdk.ch\/index.php?rest_route=\/wp\/v2\/types\/product"}],"version-history":[{"count":3,"href":"https:\/\/publikationen.zhdk.ch\/index.php?rest_route=\/wp\/v2\/product\/6573\/revisions"}],"predecessor-version":[{"id":6587,"href":"https:\/\/publikationen.zhdk.ch\/index.php?rest_route=\/wp\/v2\/product\/6573\/revisions\/6587"}],"wp:featuredmedia":[{"embeddable":true,"href":"https:\/\/publikationen.zhdk.ch\/index.php?rest_route=\/wp\/v2\/media\/6571"}],"wp:attachment":[{"href":"https:\/\/publikationen.zhdk.ch\/index.php?rest_route=%2Fwp%2Fv2%2Fmedia&parent=6573"}],"wp:term":[{"taxonomy":"product_brand","embeddable":true,"href":"https:\/\/publikationen.zhdk.ch\/index.php?rest_route=%2Fwp%2Fv2%2Fproduct_brand&post=6573"},{"taxonomy":"product_cat","embeddable":true,"href":"https:\/\/publikationen.zhdk.ch\/index.php?rest_route=%2Fwp%2Fv2%2Fproduct_cat&post=6573"},{"taxonomy":"product_tag","embeddable":true,"href":"https:\/\/publikationen.zhdk.ch\/index.php?rest_route=%2Fwp%2Fv2%2Fproduct_tag&post=6573"}],"curies":[{"name":"wp","href":"https:\/\/api.w.org\/{rel}","templated":true}]}}