{"id":6544,"date":"2025-04-17T15:39:30","date_gmt":"2025-04-17T13:39:30","guid":{"rendered":"https:\/\/publikationen.zhdk.ch\/?post_type=product&#038;p=6544"},"modified":"2025-04-17T16:08:25","modified_gmt":"2025-04-17T14:08:25","slug":"mode-gender-schlittler-e-book-pdf","status":"publish","type":"product","link":"https:\/\/publikationen.zhdk.ch\/?product=mode-gender-schlittler-e-book-pdf","title":{"rendered":"Mode und Gender | Anna-Brigitte Schlittler, Katharina Tietze (Hg.) [E-Book PDF"},"content":{"rendered":"<p>Zusammen mit erg\u00e4nzenden Perspektiven aus der Museologie, Bildungspolitik und Diskursanalyse ergibt sich so ein umfassender \u00dcberblick \u00fcber die vielf\u00e4ltigen Beziehungen von Mode und Gender.<\/p>\n<p>ZHdK: Institut f\u00fcr Designforschung<\/p>\n","protected":false},"excerpt":{"rendered":"<p>Mode ist gestaltete Identit\u00e4t und markiert seit jeher Geschlechterdifferenzen. In den Beitr\u00e4gen aus Wissenschaft und Gestaltung wird erkundet, wie Genderdebatten von der Mode profitieren und wie Modegeschichte durch einen kritischen Genderblick an Profil gewinnt. Dazu fokussieren sie auf die historisch-kritische Analyse vestiment\u00e4rer Objekte, in denen sich seit dem 19. Jahrhundert emanzipatorische Bem\u00fchungen materialisieren.<\/p>\n<p>252 Seiten, transcript, 2025<br \/>\nISBN 978-3-8376-6811-7<\/p>\n","protected":false},"featured_media":6538,"template":"","meta":[],"product_brand":[],"product_cat":[153,221,1014,675,677,871],"product_tag":[1884,1872,1886,1876,809,623,1868,1880,1878,1751,1870,795,1874,1882,303],"class_list":{"0":"post-6544","1":"product","2":"type-product","3":"status-publish","4":"has-post-thumbnail","6":"product_cat-design","7":"product_cat-e-books","8":"product_cat-open-access","9":"product_cat-schlittler-anna-brigitte","10":"product_cat-tietze-katharina","11":"product_cat-zhdk","12":"product_tag-emancipation","13":"product_tag-emanzipation","14":"product_tag-fashion-studies","15":"product_tag-gender","16":"product_tag-gender-studies","17":"product_tag-geschichte","18":"product_tag-geschlecht","19":"product_tag-history","20":"product_tag-identitaet","21":"product_tag-media","22":"product_tag-medien","23":"product_tag-mode","24":"product_tag-modegeschichte","25":"product_tag-music","26":"product_tag-musik","28":"first","29":"instock","30":"shipping-taxable","31":"product-type-external"},"_links":{"self":[{"href":"https:\/\/publikationen.zhdk.ch\/index.php?rest_route=\/wp\/v2\/product\/6544","targetHints":{"allow":["GET"]}}],"collection":[{"href":"https:\/\/publikationen.zhdk.ch\/index.php?rest_route=\/wp\/v2\/product"}],"about":[{"href":"https:\/\/publikationen.zhdk.ch\/index.php?rest_route=\/wp\/v2\/types\/product"}],"version-history":[{"count":1,"href":"https:\/\/publikationen.zhdk.ch\/index.php?rest_route=\/wp\/v2\/product\/6544\/revisions"}],"predecessor-version":[{"id":6546,"href":"https:\/\/publikationen.zhdk.ch\/index.php?rest_route=\/wp\/v2\/product\/6544\/revisions\/6546"}],"wp:featuredmedia":[{"embeddable":true,"href":"https:\/\/publikationen.zhdk.ch\/index.php?rest_route=\/wp\/v2\/media\/6538"}],"wp:attachment":[{"href":"https:\/\/publikationen.zhdk.ch\/index.php?rest_route=%2Fwp%2Fv2%2Fmedia&parent=6544"}],"wp:term":[{"taxonomy":"product_brand","embeddable":true,"href":"https:\/\/publikationen.zhdk.ch\/index.php?rest_route=%2Fwp%2Fv2%2Fproduct_brand&post=6544"},{"taxonomy":"product_cat","embeddable":true,"href":"https:\/\/publikationen.zhdk.ch\/index.php?rest_route=%2Fwp%2Fv2%2Fproduct_cat&post=6544"},{"taxonomy":"product_tag","embeddable":true,"href":"https:\/\/publikationen.zhdk.ch\/index.php?rest_route=%2Fwp%2Fv2%2Fproduct_tag&post=6544"}],"curies":[{"name":"wp","href":"https:\/\/api.w.org\/{rel}","templated":true}]}}