{"id":6483,"date":"2024-10-30T11:34:45","date_gmt":"2024-10-30T10:34:45","guid":{"rendered":"https:\/\/publikationen.zhdk.ch\/?post_type=product&#038;p=6483"},"modified":"2024-11-05T09:22:28","modified_gmt":"2024-11-05T08:22:28","slug":"rhythmisch-energetische-intensivierung-baumann-e-book","status":"publish","type":"product","link":"https:\/\/publikationen.zhdk.ch\/?product=rhythmisch-energetische-intensivierung-baumann-e-book","title":{"rendered":"Rhythmisch-energetische Intensivierung | Felix Baumann [E-Book]"},"content":{"rendered":"<p>Felix Baumann zeigt, wie daraus innovative Einsichten resultieren, die mit den neuesten Theorieans\u00e4tzen kompatibel sind und sie in fruchtbarer Weise erg\u00e4nzen. So entsteht nicht nur f\u00fcr alle Spielarten der Musiktheorie, der Musikwissenschaft oder der Musik\u00e4sthetik ein erheblicher Zugewinn, sondern auch eine Inspiration zur eigenen Auseinandersetzung mit der Materie.<\/p>\n<p>ZHdK: Musik<\/p>\n","protected":false},"excerpt":{"rendered":"<p>Zur Verlaufsform von Sonatenexpositionen in der Wiener Klassik<\/p>\n<p>Musikkundigen ist gel\u00e4ufig, dass das Seitenthema einer Sonatenexposition der Wiener Klassik in einer Spannungstonart erfolgt. Weniger bekannt ist, dass sich zusammen mit der harmonischen Modulation eine rhythmisch-energetische Intensivierung vollzieht, die die Musik dramatisiert und strukturiert. In dieser Leseweise pr\u00e4sentiert sich die Sonatenform als die musikalische Form der Aufkl\u00e4rung.<\/p>\n<p>198 Seiten, transcript, 2024<br \/>\nISBN <span class=\"entry--content\" data-flyer=\"isbn\">978-3-8394-7526-3<\/span><\/p>\n","protected":false},"featured_media":6479,"template":"","meta":[],"product_brand":[],"product_cat":[1859,221,155,1014,871],"product_tag":[1855,1861],"class_list":{"0":"post-6483","1":"product","2":"type-product","3":"status-publish","4":"has-post-thumbnail","6":"product_cat-baumann-felix","7":"product_cat-e-books","8":"product_cat-imr","9":"product_cat-open-access","10":"product_cat-zhdk","11":"product_tag-musikgeschichte","12":"product_tag-musikwissenschaft","14":"first","15":"instock","16":"shipping-taxable","17":"product-type-external"},"_links":{"self":[{"href":"https:\/\/publikationen.zhdk.ch\/index.php?rest_route=\/wp\/v2\/product\/6483","targetHints":{"allow":["GET"]}}],"collection":[{"href":"https:\/\/publikationen.zhdk.ch\/index.php?rest_route=\/wp\/v2\/product"}],"about":[{"href":"https:\/\/publikationen.zhdk.ch\/index.php?rest_route=\/wp\/v2\/types\/product"}],"version-history":[{"count":3,"href":"https:\/\/publikationen.zhdk.ch\/index.php?rest_route=\/wp\/v2\/product\/6483\/revisions"}],"predecessor-version":[{"id":6491,"href":"https:\/\/publikationen.zhdk.ch\/index.php?rest_route=\/wp\/v2\/product\/6483\/revisions\/6491"}],"wp:featuredmedia":[{"embeddable":true,"href":"https:\/\/publikationen.zhdk.ch\/index.php?rest_route=\/wp\/v2\/media\/6479"}],"wp:attachment":[{"href":"https:\/\/publikationen.zhdk.ch\/index.php?rest_route=%2Fwp%2Fv2%2Fmedia&parent=6483"}],"wp:term":[{"taxonomy":"product_brand","embeddable":true,"href":"https:\/\/publikationen.zhdk.ch\/index.php?rest_route=%2Fwp%2Fv2%2Fproduct_brand&post=6483"},{"taxonomy":"product_cat","embeddable":true,"href":"https:\/\/publikationen.zhdk.ch\/index.php?rest_route=%2Fwp%2Fv2%2Fproduct_cat&post=6483"},{"taxonomy":"product_tag","embeddable":true,"href":"https:\/\/publikationen.zhdk.ch\/index.php?rest_route=%2Fwp%2Fv2%2Fproduct_tag&post=6483"}],"curies":[{"name":"wp","href":"https:\/\/api.w.org\/{rel}","templated":true}]}}