{"id":6461,"date":"2024-10-30T10:53:59","date_gmt":"2024-10-30T09:53:59","guid":{"rendered":"https:\/\/publikationen.zhdk.ch\/?post_type=product&#038;p=6461"},"modified":"2024-10-30T11:08:48","modified_gmt":"2024-10-30T10:08:48","slug":"in-meinen-toenen-spreche-ich-schild","status":"publish","type":"product","link":"https:\/\/publikationen.zhdk.ch\/?product=in-meinen-toenen-spreche-ich-schild","title":{"rendered":"\u00abIn meinen T\u00f6nen spreche ich\u00bb | Johannes Schild"},"content":{"rendered":"<p>Die vier Symphonien stellen eine \u00absymphonische Tetralogie\u00bb dar, denn die fruchtbare Rivalit\u00e4t zum 20 Jahre \u00e4lteren Wagner findet darin deutlichen Ausdruck. Auch Brahms&#8216; Kompositionskunst zielt auf ein musikalisches Sprechen und Bedeuten, doch geht sie in der Art, wie sie ihre Botschaft formuliert, \u00fcber Wagner hinaus. Herzst\u00fcck der Untersuchung ist eine Ton-Konstellation, die in artistischer Weise die Musik der Symphonien durchwirkt. Das Buch macht die Kunst der Anspielungen und geheimen Botschaften plastisch und kommt neben Bach und Wagner schlie\u00dflich zu einem weiteren Fixstern: Mozart.<\/p>\n<p>ZHdK: Musik<\/p>\n","protected":false},"excerpt":{"rendered":"<p>Brahms und die Synphonie<\/p>\n<p>War Johannes Brahms ein formtreuer Klassizist oder ein \u00abverkappter Programmmusiker\u00bb? Kaum ein Komponist des 19. Jahrhunderts vereinte derart widerspr\u00fcchliche Einsch\u00e4tzungen auf sich wie Johannes Brahms. Johannes Schild wagt einen neuen Blick ins Innere dieser Musik und r\u00fcckt das \u00abR\u00e4tsel Brahms\u00bb in eine ungewohnte Perspektive.<\/p>\n<p>443 Seiten, B\u00e4renreiter, 2024<br \/>\nISBN 978-3-7618-2525-9<\/p>\n","protected":false},"featured_media":6463,"template":"","meta":[],"product_brand":[],"product_cat":[155,1847,871],"product_tag":[1851,1857,1855,1853],"class_list":{"0":"post-6461","1":"product","2":"type-product","3":"status-publish","4":"has-post-thumbnail","6":"product_cat-imr","7":"product_cat-schild","8":"product_cat-zhdk","9":"product_tag-brahms","10":"product_tag-komposition","11":"product_tag-musikgeschichte","12":"product_tag-symphonie","14":"first","15":"instock","16":"shipping-taxable","17":"product-type-external"},"_links":{"self":[{"href":"https:\/\/publikationen.zhdk.ch\/index.php?rest_route=\/wp\/v2\/product\/6461","targetHints":{"allow":["GET"]}}],"collection":[{"href":"https:\/\/publikationen.zhdk.ch\/index.php?rest_route=\/wp\/v2\/product"}],"about":[{"href":"https:\/\/publikationen.zhdk.ch\/index.php?rest_route=\/wp\/v2\/types\/product"}],"version-history":[{"count":2,"href":"https:\/\/publikationen.zhdk.ch\/index.php?rest_route=\/wp\/v2\/product\/6461\/revisions"}],"predecessor-version":[{"id":6475,"href":"https:\/\/publikationen.zhdk.ch\/index.php?rest_route=\/wp\/v2\/product\/6461\/revisions\/6475"}],"wp:featuredmedia":[{"embeddable":true,"href":"https:\/\/publikationen.zhdk.ch\/index.php?rest_route=\/wp\/v2\/media\/6463"}],"wp:attachment":[{"href":"https:\/\/publikationen.zhdk.ch\/index.php?rest_route=%2Fwp%2Fv2%2Fmedia&parent=6461"}],"wp:term":[{"taxonomy":"product_brand","embeddable":true,"href":"https:\/\/publikationen.zhdk.ch\/index.php?rest_route=%2Fwp%2Fv2%2Fproduct_brand&post=6461"},{"taxonomy":"product_cat","embeddable":true,"href":"https:\/\/publikationen.zhdk.ch\/index.php?rest_route=%2Fwp%2Fv2%2Fproduct_cat&post=6461"},{"taxonomy":"product_tag","embeddable":true,"href":"https:\/\/publikationen.zhdk.ch\/index.php?rest_route=%2Fwp%2Fv2%2Fproduct_tag&post=6461"}],"curies":[{"name":"wp","href":"https:\/\/api.w.org\/{rel}","templated":true}]}}