{"id":6437,"date":"2024-07-12T10:06:01","date_gmt":"2024-07-12T08:06:01","guid":{"rendered":"https:\/\/publikationen.zhdk.ch\/?post_type=product&#038;p=6437"},"modified":"2024-07-12T10:06:34","modified_gmt":"2024-07-12T08:06:34","slug":"strategische-kreativitaet-grand-weckerle","status":"publish","type":"product","link":"https:\/\/publikationen.zhdk.ch\/?product=strategische-kreativitaet-grand-weckerle","title":{"rendered":"Strategische Kreativit\u00e4t | Simon Grand, Christoph Weckerle"},"content":{"rendered":"<p>Simon Grand und Christoph Weckerle entwickeln ein Modell strategischer Kreativit\u00e4t, um pr\u00e4zise und \u00fcberzeugende Antworten auf zwei zentrale Fragen zu finden: Was ist heute m\u00f6glich &#8211; \u00abwas geht\u00bb? Und was kann m\u00f6glich werden &#8211; \u00abwhat if\u00bb? Kommen wir ins Handeln: als K\u00fcnstlerinnen und Gestalter, als Forscherinnen und Unternehmer. In kreativen Organisationen und politischen Bewegungen. Ernsthaft und spielerisch. Ambitioniert und bescheiden.<\/p>\n<p>ZHdK: Zurich Centre for Creative Economies (ZCCE)<\/p>\n","protected":false},"excerpt":{"rendered":"<p>Zukunft gestalten, um Gegenwart zu ver\u00e4ndern<\/p>\n<p>Gestalten wir unser Leben so, wie wir es wollen? Engagieren wir uns f\u00fcr Unternehmungen, die echten Wert schaffen? Setzen wir uns wirksam f\u00fcr eine w\u00fcnschenswerte Zukunft ein? Dieses Buch ist f\u00fcr Leserinnen und Leser geschrieben, die sich herausfordern und inspirieren lassen wollen. Der Kerngedanke ist: Die Gegenwart l\u00e4sst sich nur sinnvoll reflektieren und ver\u00e4ndern, wenn wir \u00fcberzeugende Perspektiven f\u00fcr die Zukunft entwerfen und gestalten. Daf\u00fcr braucht es Kreativit\u00e4t. Und Strategie. Im dynamischen Zusammenspiel und in immer wieder neuen Verbindungen.<\/p>\n<p>223 Seiten, Versus, 2024<br \/>\n978-3-0-3909342-7<\/p>\n","protected":false},"featured_media":6439,"template":"","meta":[],"product_brand":[],"product_cat":[1256,1246,1244,871],"product_tag":[1845,1837,1839,1841,1843],"class_list":{"0":"post-6437","1":"product","2":"type-product","3":"status-publish","4":"has-post-thumbnail","6":"product_cat-creative-economies","7":"product_cat-grand-simon","8":"product_cat-weckerle-christoph","9":"product_cat-zhdk","10":"product_tag-innovation","11":"product_tag-kreativitaet","12":"product_tag-strategie","13":"product_tag-unternehmensforschung","14":"product_tag-zukunftsdenken","16":"first","17":"instock","18":"shipping-taxable","19":"product-type-external"},"_links":{"self":[{"href":"https:\/\/publikationen.zhdk.ch\/index.php?rest_route=\/wp\/v2\/product\/6437","targetHints":{"allow":["GET"]}}],"collection":[{"href":"https:\/\/publikationen.zhdk.ch\/index.php?rest_route=\/wp\/v2\/product"}],"about":[{"href":"https:\/\/publikationen.zhdk.ch\/index.php?rest_route=\/wp\/v2\/types\/product"}],"version-history":[{"count":1,"href":"https:\/\/publikationen.zhdk.ch\/index.php?rest_route=\/wp\/v2\/product\/6437\/revisions"}],"predecessor-version":[{"id":6441,"href":"https:\/\/publikationen.zhdk.ch\/index.php?rest_route=\/wp\/v2\/product\/6437\/revisions\/6441"}],"wp:featuredmedia":[{"embeddable":true,"href":"https:\/\/publikationen.zhdk.ch\/index.php?rest_route=\/wp\/v2\/media\/6439"}],"wp:attachment":[{"href":"https:\/\/publikationen.zhdk.ch\/index.php?rest_route=%2Fwp%2Fv2%2Fmedia&parent=6437"}],"wp:term":[{"taxonomy":"product_brand","embeddable":true,"href":"https:\/\/publikationen.zhdk.ch\/index.php?rest_route=%2Fwp%2Fv2%2Fproduct_brand&post=6437"},{"taxonomy":"product_cat","embeddable":true,"href":"https:\/\/publikationen.zhdk.ch\/index.php?rest_route=%2Fwp%2Fv2%2Fproduct_cat&post=6437"},{"taxonomy":"product_tag","embeddable":true,"href":"https:\/\/publikationen.zhdk.ch\/index.php?rest_route=%2Fwp%2Fv2%2Fproduct_tag&post=6437"}],"curies":[{"name":"wp","href":"https:\/\/api.w.org\/{rel}","templated":true}]}}