{"id":6429,"date":"2024-07-12T09:23:26","date_gmt":"2024-07-12T07:23:26","guid":{"rendered":"https:\/\/publikationen.zhdk.ch\/?post_type=product&#038;p=6429"},"modified":"2026-03-04T16:23:30","modified_gmt":"2026-03-04T15:23:30","slug":"sterben-gestalten-caduff-e-book-pdf","status":"publish","type":"product","link":"https:\/\/publikationen.zhdk.ch\/?product=sterben-gestalten-caduff-e-book-pdf","title":{"rendered":"Sterben gestalten | Corina Caduff, Bitten Stetter, Minou Afzali, et. al. (Hg.) [E-Book PDF]"},"content":{"rendered":"<p>Die Beitr\u00e4ge in diesem Buch analysieren M\u00f6glichkeiten, die aus der allt\u00e4glichen Praxis der Palliative Care hervorgehen, sie untersuchen Aspekte der Geschlechterdifferenz und erkunden Zukunftsvisionen des Sterbens. Abgerundet wird der Band durch neue Vorschl\u00e4ge f\u00fcr Produktdesign und visuelle Kommunikation: Gebrauchsgegenst\u00e4nde der Palliativpflege, Signaletik, Grusskarten f\u00fcr Sterbende und ihnen nahestehende Menschen sowie neue Bilder des Sterbens.<\/p>\n<p>ZHdK: Institut f\u00fcr Designforschung (IDE), Forschungsschwerpunkt FRTI Trends &amp; Identity<\/p>\n","protected":false},"excerpt":{"rendered":"<p>M\u00f6glichkeitsr\u00e4ume am Lebensende<\/p>\n<p>Sterben ist eingebettet in soziale Praktiken, Regeln, Rituale, Gegenst\u00e4nde und Bilder, die kulturell und historisch variabel sind. Die gestiegene Lebenserwartung und die Fortschritte der Medizin bringen es zudem mit sich, dass Sterben st\u00e4rker voraussehbar, planbar und damit gestaltbarer wird. Insbesondere in der Palliative Care sind heute eine Vielzahl von professionellen Akteurinnen und Akteuren mit unterschiedlichen Interessen und Wertvorstellungen an der Gestaltung des Sterbens beteiligt. Dies wirft Fragen auf: Wer gestaltet was, wie, f\u00fcr wen und aus welcher Position und Motivation heraus?<\/p>\n<p>292 Seiten, Scheidegger &amp; Spiess, 2024<br \/>\nISBN 978-3-03942-190-9<\/p>\n","protected":false},"featured_media":6425,"template":"","meta":[],"product_brand":[],"product_cat":[361,153,221,917,1014,941,871],"product_tag":[],"class_list":{"0":"post-6429","1":"product","2":"type-product","3":"status-publish","4":"has-post-thumbnail","6":"product_cat-caduff-corinna","7":"product_cat-design","8":"product_cat-e-books","9":"product_cat-mueller-francis","10":"product_cat-open-access","11":"product_cat-stetter-bitten","12":"product_cat-zhdk","14":"first","15":"instock","16":"shipping-taxable","17":"product-type-external"},"_links":{"self":[{"href":"https:\/\/publikationen.zhdk.ch\/index.php?rest_route=\/wp\/v2\/product\/6429","targetHints":{"allow":["GET"]}}],"collection":[{"href":"https:\/\/publikationen.zhdk.ch\/index.php?rest_route=\/wp\/v2\/product"}],"about":[{"href":"https:\/\/publikationen.zhdk.ch\/index.php?rest_route=\/wp\/v2\/types\/product"}],"version-history":[{"count":1,"href":"https:\/\/publikationen.zhdk.ch\/index.php?rest_route=\/wp\/v2\/product\/6429\/revisions"}],"predecessor-version":[{"id":6431,"href":"https:\/\/publikationen.zhdk.ch\/index.php?rest_route=\/wp\/v2\/product\/6429\/revisions\/6431"}],"wp:featuredmedia":[{"embeddable":true,"href":"https:\/\/publikationen.zhdk.ch\/index.php?rest_route=\/wp\/v2\/media\/6425"}],"wp:attachment":[{"href":"https:\/\/publikationen.zhdk.ch\/index.php?rest_route=%2Fwp%2Fv2%2Fmedia&parent=6429"}],"wp:term":[{"taxonomy":"product_brand","embeddable":true,"href":"https:\/\/publikationen.zhdk.ch\/index.php?rest_route=%2Fwp%2Fv2%2Fproduct_brand&post=6429"},{"taxonomy":"product_cat","embeddable":true,"href":"https:\/\/publikationen.zhdk.ch\/index.php?rest_route=%2Fwp%2Fv2%2Fproduct_cat&post=6429"},{"taxonomy":"product_tag","embeddable":true,"href":"https:\/\/publikationen.zhdk.ch\/index.php?rest_route=%2Fwp%2Fv2%2Fproduct_tag&post=6429"}],"curies":[{"name":"wp","href":"https:\/\/api.w.org\/{rel}","templated":true}]}}