{"id":6413,"date":"2024-07-12T08:45:18","date_gmt":"2024-07-12T06:45:18","guid":{"rendered":"https:\/\/publikationen.zhdk.ch\/?post_type=product&#038;p=6413"},"modified":"2024-07-12T08:49:41","modified_gmt":"2024-07-12T06:49:41","slug":"levinas-und-die-kuenste-mersch","status":"publish","type":"product","link":"https:\/\/publikationen.zhdk.ch\/?product=levinas-und-die-kuenste-mersch","title":{"rendered":"Levinas und die K\u00fcnste | Johannes Bennke, Dieter Mersch (Hg.)"},"content":{"rendered":"<p>Die Beitr\u00e4ge setzen mit einer Relekt\u00fcre Impulse f\u00fcr eine \u00bbvierte Welle\u00ab der Levinas-Rezeption, die das Verh\u00e4ltnis von Ethik zu \u00c4sthetik sowie Digitalit\u00e4t adressiert und aktualisiert. Levinas wird dadurch auch als Denker von Kunst, \u00c4sthetik, Medien, Technik und Design neu positioniert.<\/p>\n<p>ZHdK: Institut f\u00fcr Theorie<\/p>\n","protected":false},"excerpt":{"rendered":"<p>Das Verh\u00e4ltnis des Philosophen Emmanuel Levinas zu den K\u00fcnsten ist bisher im Schatten seiner Ethik geblieben. Gleichwohl durchziehen Fragen des \u00c4sthetischen, des Performativen, der Medien und Technik sein gesamtes Werk. Mit diesem Band liegt erstmals eine Auswahl an \u00e4sthetischen und medialen Zug\u00e4ngen zum Werk von Levinas in deutscher Sprache vor.<\/p>\n<p>402 Seiten, transcript, 2024<br \/>\nISBN <span class=\"entry--content\" data-flyer=\"isbn\">978-3-8376-5766-1<\/span><\/p>\n","protected":false},"featured_media":6415,"template":"","meta":[],"product_brand":[],"product_cat":[245,871],"product_tag":[1146,970,915],"class_list":{"0":"post-6413","1":"product","2":"type-product","3":"status-publish","4":"has-post-thumbnail","6":"product_cat-mersch-dieter","7":"product_cat-zhdk","8":"product_tag-aesthetik","9":"product_tag-digitalitaet","10":"product_tag-philosophie","12":"first","13":"instock","14":"shipping-taxable","15":"product-type-external"},"_links":{"self":[{"href":"https:\/\/publikationen.zhdk.ch\/index.php?rest_route=\/wp\/v2\/product\/6413","targetHints":{"allow":["GET"]}}],"collection":[{"href":"https:\/\/publikationen.zhdk.ch\/index.php?rest_route=\/wp\/v2\/product"}],"about":[{"href":"https:\/\/publikationen.zhdk.ch\/index.php?rest_route=\/wp\/v2\/types\/product"}],"version-history":[{"count":1,"href":"https:\/\/publikationen.zhdk.ch\/index.php?rest_route=\/wp\/v2\/product\/6413\/revisions"}],"predecessor-version":[{"id":6417,"href":"https:\/\/publikationen.zhdk.ch\/index.php?rest_route=\/wp\/v2\/product\/6413\/revisions\/6417"}],"wp:featuredmedia":[{"embeddable":true,"href":"https:\/\/publikationen.zhdk.ch\/index.php?rest_route=\/wp\/v2\/media\/6415"}],"wp:attachment":[{"href":"https:\/\/publikationen.zhdk.ch\/index.php?rest_route=%2Fwp%2Fv2%2Fmedia&parent=6413"}],"wp:term":[{"taxonomy":"product_brand","embeddable":true,"href":"https:\/\/publikationen.zhdk.ch\/index.php?rest_route=%2Fwp%2Fv2%2Fproduct_brand&post=6413"},{"taxonomy":"product_cat","embeddable":true,"href":"https:\/\/publikationen.zhdk.ch\/index.php?rest_route=%2Fwp%2Fv2%2Fproduct_cat&post=6413"},{"taxonomy":"product_tag","embeddable":true,"href":"https:\/\/publikationen.zhdk.ch\/index.php?rest_route=%2Fwp%2Fv2%2Fproduct_tag&post=6413"}],"curies":[{"name":"wp","href":"https:\/\/api.w.org\/{rel}","templated":true}]}}