{"id":6389,"date":"2024-07-11T13:03:40","date_gmt":"2024-07-11T11:03:40","guid":{"rendered":"https:\/\/publikationen.zhdk.ch\/?post_type=product&#038;p=6389"},"modified":"2024-07-15T09:46:39","modified_gmt":"2024-07-15T07:46:39","slug":"auf-der-suche-nach-der-fuenften-dimension-luebke-schmidt-wetzel","status":"publish","type":"product","link":"https:\/\/publikationen.zhdk.ch\/?product=auf-der-suche-nach-der-fuenften-dimension-luebke-schmidt-wetzel","title":{"rendered":"Auf der Suche nach der f\u00fcnften Dimension | Christin L\u00fcbke, Miriam Schmidt-Wetzel (Hg.)"},"content":{"rendered":"<p>Die im Rahmen der digitalen Arbeitstagung Fachdidaktik Kunst und Design gewonnenen Erkenntnisse bieten Ans\u00e4tze zur forschenden Weiterentwicklung aktueller und zuk\u00fcnftiger Lehr- und Lernpraktiken. Dar\u00fcber hinaus regt der Modus des kollaborativen digitalen Arbeitens zwischen verschiedenen Akteur*innen aus Forschung, Hochschullehre und Schulpraxis zum disziplin\u00e4ren und interdisziplin\u00e4ren Weiterdenken an.<\/p>\n<p>ZHdK: Departement Kulturanalysen und Vermittlung<\/p>\n","protected":false},"excerpt":{"rendered":"<p>Kollaboration und Digitalit\u00e4t in der Kunstp\u00e4dagogik<\/p>\n<p>Die Covid-Pandemie f\u00fchrte in p\u00e4dagogischen Praxisfeldern zwangsweise zu zahlreichen Ver\u00e4nderungen \u2013 sei es durch Ad-hoc-Distanzierungen oder Ad-hoc-Digitalisierung. Im Fokus der Beitr\u00e4ger*innen stehen Entdeckungen und Herausforderungen in der Kunstp\u00e4dagogik, die in diesem Kontext virulent wurden.<\/p>\n<p>288 Seiten, transcript, 2024<br \/>\nISBN <span class=\"entry--content\" data-flyer=\"isbn\">978-3-8376-6549-9<\/span><\/p>\n","protected":false},"featured_media":6391,"template":"","meta":[],"product_brand":[],"product_cat":[1833],"product_tag":[970,797,1672],"class_list":{"0":"post-6389","1":"product","2":"type-product","3":"status-publish","4":"has-post-thumbnail","6":"product_cat-schmidt-wetzel","7":"product_tag-digitalitaet","8":"product_tag-kollaboration","9":"product_tag-kunstpaedagogik","11":"first","12":"instock","13":"shipping-taxable","14":"product-type-external"},"_links":{"self":[{"href":"https:\/\/publikationen.zhdk.ch\/index.php?rest_route=\/wp\/v2\/product\/6389","targetHints":{"allow":["GET"]}}],"collection":[{"href":"https:\/\/publikationen.zhdk.ch\/index.php?rest_route=\/wp\/v2\/product"}],"about":[{"href":"https:\/\/publikationen.zhdk.ch\/index.php?rest_route=\/wp\/v2\/types\/product"}],"version-history":[{"count":1,"href":"https:\/\/publikationen.zhdk.ch\/index.php?rest_route=\/wp\/v2\/product\/6389\/revisions"}],"predecessor-version":[{"id":6393,"href":"https:\/\/publikationen.zhdk.ch\/index.php?rest_route=\/wp\/v2\/product\/6389\/revisions\/6393"}],"wp:featuredmedia":[{"embeddable":true,"href":"https:\/\/publikationen.zhdk.ch\/index.php?rest_route=\/wp\/v2\/media\/6391"}],"wp:attachment":[{"href":"https:\/\/publikationen.zhdk.ch\/index.php?rest_route=%2Fwp%2Fv2%2Fmedia&parent=6389"}],"wp:term":[{"taxonomy":"product_brand","embeddable":true,"href":"https:\/\/publikationen.zhdk.ch\/index.php?rest_route=%2Fwp%2Fv2%2Fproduct_brand&post=6389"},{"taxonomy":"product_cat","embeddable":true,"href":"https:\/\/publikationen.zhdk.ch\/index.php?rest_route=%2Fwp%2Fv2%2Fproduct_cat&post=6389"},{"taxonomy":"product_tag","embeddable":true,"href":"https:\/\/publikationen.zhdk.ch\/index.php?rest_route=%2Fwp%2Fv2%2Fproduct_tag&post=6389"}],"curies":[{"name":"wp","href":"https:\/\/api.w.org\/{rel}","templated":true}]}}