{"id":6385,"date":"2024-07-11T12:14:12","date_gmt":"2024-07-11T10:14:12","guid":{"rendered":"https:\/\/publikationen.zhdk.ch\/?post_type=product&#038;p=6385"},"modified":"2024-07-15T09:45:28","modified_gmt":"2024-07-15T07:45:28","slug":"die-dunkle-seite-des-spiels-loesel-e-book-pdf","status":"publish","type":"product","link":"https:\/\/publikationen.zhdk.ch\/?product=die-dunkle-seite-des-spiels-loesel-e-book-pdf","title":{"rendered":"Die dunkle Seite des Spiels | Gunter L\u00f6sel [E-Book PDF]"},"content":{"rendered":"<p>Zwischen Spiel, Wirklichkeit und Fiktion entwickelt Gunter L\u00f6sel ein \u00abDreiweltenmodell des Theaters\u00bb und geht der Frage nach, warum die Spezies Mensch ein performatives Spiel entwickelt hat, in welchem sie sich negative Handlungen oder konflikthafte Situationen vor Augen f\u00fchrt. Durch Verbindungen zu Spieltheorie, Gaming, Philosophie, Performance-Studies und KI entsteht ein Reflexionsraum, der so den Widerspruch zwischen Harmlosigkeit des Spiels und Wirkungsmacht des Theaters aufl\u00f6st.<\/p>\n<p>ZHdK: Institute for the Performing Arts and Film (IPF)<\/p>\n","protected":false},"excerpt":{"rendered":"<p>Theater zwischen Spiel, Wirklichkeit und Fiktion<\/p>\n<p>Spiel und Theater sind vielf\u00e4ltig verbunden, aber solange der Spielbegriff mit Harmlosigkeit assoziiert ist, nimmt er dem Theater Sch\u00e4rfe und Wirksamkeit. Gunter L\u00f6sel fragt deshalb nach einer Begriffserweiterung, die auch die dunkle Seite des Spiels umfasst.<\/p>\n<p><a href=\"https:\/\/publikationen.zhdk.ch\/?product_cat=subtexte\">subTexte<\/a> 29<\/p>\n<p>220 Seiten, transcript, 2024<br \/>\nISBN\u00a0<span class=\"entry--content\" data-flyer=\"isbn\">978-3-8394-7024-4<\/span><\/p>\n","protected":false},"featured_media":6381,"template":"","meta":[],"product_brand":[],"product_cat":[221,281,1014,157,569,871],"product_tag":[1293,1831,473],"class_list":{"0":"post-6385","1":"product","2":"type-product","3":"status-publish","4":"has-post-thumbnail","6":"product_cat-e-books","7":"product_cat-loesel-gunter","8":"product_cat-open-access","9":"product_cat-ipf","10":"product_cat-subtexte","11":"product_cat-zhdk","12":"product_tag-performancetheorie","13":"product_tag-spiel","14":"product_tag-theater","16":"first","17":"instock","18":"shipping-taxable","19":"product-type-external"},"_links":{"self":[{"href":"https:\/\/publikationen.zhdk.ch\/index.php?rest_route=\/wp\/v2\/product\/6385","targetHints":{"allow":["GET"]}}],"collection":[{"href":"https:\/\/publikationen.zhdk.ch\/index.php?rest_route=\/wp\/v2\/product"}],"about":[{"href":"https:\/\/publikationen.zhdk.ch\/index.php?rest_route=\/wp\/v2\/types\/product"}],"version-history":[{"count":2,"href":"https:\/\/publikationen.zhdk.ch\/index.php?rest_route=\/wp\/v2\/product\/6385\/revisions"}],"predecessor-version":[{"id":6447,"href":"https:\/\/publikationen.zhdk.ch\/index.php?rest_route=\/wp\/v2\/product\/6385\/revisions\/6447"}],"wp:featuredmedia":[{"embeddable":true,"href":"https:\/\/publikationen.zhdk.ch\/index.php?rest_route=\/wp\/v2\/media\/6381"}],"wp:attachment":[{"href":"https:\/\/publikationen.zhdk.ch\/index.php?rest_route=%2Fwp%2Fv2%2Fmedia&parent=6385"}],"wp:term":[{"taxonomy":"product_brand","embeddable":true,"href":"https:\/\/publikationen.zhdk.ch\/index.php?rest_route=%2Fwp%2Fv2%2Fproduct_brand&post=6385"},{"taxonomy":"product_cat","embeddable":true,"href":"https:\/\/publikationen.zhdk.ch\/index.php?rest_route=%2Fwp%2Fv2%2Fproduct_cat&post=6385"},{"taxonomy":"product_tag","embeddable":true,"href":"https:\/\/publikationen.zhdk.ch\/index.php?rest_route=%2Fwp%2Fv2%2Fproduct_tag&post=6385"}],"curies":[{"name":"wp","href":"https:\/\/api.w.org\/{rel}","templated":true}]}}