{"id":6363,"date":"2024-07-11T11:21:17","date_gmt":"2024-07-11T09:21:17","guid":{"rendered":"https:\/\/publikationen.zhdk.ch\/?post_type=product&#038;p=6363"},"modified":"2024-07-15T09:44:13","modified_gmt":"2024-07-15T07:44:13","slug":"entkoppelte-gesellschaft-6-zeugnisse-film","status":"publish","type":"product","link":"https:\/\/publikationen.zhdk.ch\/?product=entkoppelte-gesellschaft-6-zeugnisse-film","title":{"rendered":"Entkoppelte Gesellschaft \u2013 Ostdeutschland seit 1989\/90 [6]: Band 6: Zeugnisse Teil II: Film |  Yana Milev, Philipp Beckert, Michael Meyen, Marcel Noack (Hg.)"},"content":{"rendered":"<p>Seit das Ende des Kommunismus auf 1990 festgeschrieben und der Unrechtsstaat DDR der Justiz \u00fcbergeben wurde, inszenieren neue Institutionen, Stiftungen und Beh\u00f6rden auf Bundesebene den \u00f6konomischen, kulturellen und moralischen Erfolg des Rechtsstaats. Dabei wird die Mehrheit der Neub\u00fcrger mit Schockereignissen des krassen sozialen Wandels und der gesellschaftlichen Stigmatisierung konfrontiert. Konzepte wie \u00abTransformation\u00bb, \u00abModernisierung\u00bb, \u00abDemokratisierung\u00bb treten als Euphemismen auf, die \u00fcber eine neoliberale Annexion des Ostens hinwegt\u00e4uschen. Das Investmentprojekt \u00abAufschwung Ost\u00bb ist ein Laborfall der Globalisierung. \u00dcber eine Aufarbeitung der DDR im Totalitarismus- und Diktaturenvergleich hinaus ist eine Soziologie der Landnahme, des Gesellschaftsumbaus und des strukturellen Kolonialismus in Ostdeutschland l\u00e4ngst \u00fcberf\u00e4llig. Das Forschungsprogramm \u00abEntkoppelte Gesellschaft. Liberalisierung und Widerstand in Ostdeutschland seit 1989\/90. Ein soziologisches Laboratorium\u00bb will im drei\u00dfigsten Jahr der \u00abEinheit\u00bb diesem Thema mit einer mehrb\u00e4ndigen Publikation Rechnung tragen.<\/p>\n<p>Der zweite Teilband Zeugnisse stellt ein Handbuch des DEFA-Films, des Fernsehfilms der DDR sowie des Films in Ostdeutschland nach 1989\/90 vor.\u00a0 Anhand von Dokumentar- und Spielfilmproduktionen werden vier zeithistorischen Phasen erinnerungskulturell rekonstruiert: 0\/ Kriegsende und Neuanfang; A\/ Aufbau und Aufbruch; B\/ Umbruch und \u00dcber\/Leben; C\/ Neuland und Exil. Die Kapitel werden in acht Themen-Specials vertieft. Beide B\u00e4nde Zeugnisse\/Fotografie und Zeugnisse\/Film sind ein Basiswerk der Visuellen Soziologie in Ostdeutschland nach 1945 und nach 1990.<\/p>\n<p><span class=\"description\">ZHdK: Institute for Cultural Studies in the Arts (ICS)<\/span><\/p>\n","protected":false},"excerpt":{"rendered":"<p>Der zweite Teilband Zeugnisse stellt ein Handbuch des DEFA-Films, des Fernsehfilms der DDR sowie des Films in Ostdeutschland nach 1989\/90 vor. Anhand von Dokumentar- und Spielfilmproduktionen werden vier zeithistorischen Phasen erinnerungskulturell rekonstruiert: 0\/ Kriegsende und Neuanfang; A\/ Aufbau und Aufbruch; B\/ Umbruch und \u00dcber\/Leben; C\/ Neuland und Exil. Die Kapitel werden in acht Themen-Specials vertieft. Beide B\u00e4nde Zeugnisse\/Fotografie und Zeugnisse\/Film sind ein Basiswerk der Visuellen Soziologie in Ostdeutschland nach 1945 und nach 1990.<\/p>\n<p>814 Seiten, Peter Lang, 2023<br \/>\nISBN 978-3-631-86836-2<\/p>\n","protected":false},"featured_media":6367,"template":"","meta":[],"product_brand":[],"product_cat":[151,417,871],"product_tag":[777,779,619,1165,781],"class_list":{"0":"post-6363","1":"product","2":"type-product","3":"status-publish","4":"has-post-thumbnail","6":"product_cat-ics","7":"product_cat-milev-yana","8":"product_cat-zhdk","9":"product_tag-ddr","10":"product_tag-deutschland","11":"product_tag-film","12":"product_tag-ostdeutschland","13":"product_tag-sozialwissenschaften","15":"first","16":"instock","17":"shipping-taxable","18":"product-type-external"},"_links":{"self":[{"href":"https:\/\/publikationen.zhdk.ch\/index.php?rest_route=\/wp\/v2\/product\/6363","targetHints":{"allow":["GET"]}}],"collection":[{"href":"https:\/\/publikationen.zhdk.ch\/index.php?rest_route=\/wp\/v2\/product"}],"about":[{"href":"https:\/\/publikationen.zhdk.ch\/index.php?rest_route=\/wp\/v2\/types\/product"}],"version-history":[{"count":2,"href":"https:\/\/publikationen.zhdk.ch\/index.php?rest_route=\/wp\/v2\/product\/6363\/revisions"}],"predecessor-version":[{"id":6443,"href":"https:\/\/publikationen.zhdk.ch\/index.php?rest_route=\/wp\/v2\/product\/6363\/revisions\/6443"}],"wp:featuredmedia":[{"embeddable":true,"href":"https:\/\/publikationen.zhdk.ch\/index.php?rest_route=\/wp\/v2\/media\/6367"}],"wp:attachment":[{"href":"https:\/\/publikationen.zhdk.ch\/index.php?rest_route=%2Fwp%2Fv2%2Fmedia&parent=6363"}],"wp:term":[{"taxonomy":"product_brand","embeddable":true,"href":"https:\/\/publikationen.zhdk.ch\/index.php?rest_route=%2Fwp%2Fv2%2Fproduct_brand&post=6363"},{"taxonomy":"product_cat","embeddable":true,"href":"https:\/\/publikationen.zhdk.ch\/index.php?rest_route=%2Fwp%2Fv2%2Fproduct_cat&post=6363"},{"taxonomy":"product_tag","embeddable":true,"href":"https:\/\/publikationen.zhdk.ch\/index.php?rest_route=%2Fwp%2Fv2%2Fproduct_tag&post=6363"}],"curies":[{"name":"wp","href":"https:\/\/api.w.org\/{rel}","templated":true}]}}