{"id":6353,"date":"2024-04-23T14:44:29","date_gmt":"2024-04-23T12:44:29","guid":{"rendered":"https:\/\/publikationen.zhdk.ch\/?post_type=product&#038;p=6353"},"modified":"2024-04-23T14:44:53","modified_gmt":"2024-04-23T12:44:53","slug":"auf-die-welt-kommen","status":"publish","type":"product","link":"https:\/\/publikationen.zhdk.ch\/?product=auf-die-welt-kommen","title":{"rendered":"Auf die Welt kommen | Plattform Kulturpublizistik, ZHdK (Hg.)"},"content":{"rendered":"<p>Konzept und Realisierung von den ZHdK-\u00adKulturpu\u00adblizistikstudierenden Maurin Baumann, Mara Djukaric, Josia Haab, Leonie Haschler und Daphne Kalafati unter der Begleitung von Basil Rogger und Ruedi Widmer. Gestaltung von Jonas Wandeler, Atlas Studio.<\/p>\n<p>ZHdK: Kulturpublizistik<\/p>\n","protected":false},"excerpt":{"rendered":"<p>Geschichten des Widerstands<br \/>\nMit Texten von Sibylle Berg, Tanja Maljartschuk, Milo Rau, Corinne Riedener, Hans Widmer<\/p>\n<p>Im Oktober 2020 findet eine Studentin im Nachlass ihrer verstorbenen Tante ein B\u00fcchlein mit r\u00e4tselhaften Eintr\u00e4gen. Wie sich zeigt, haben f\u00fcnf Frauen im Zeitraum von 1877 bis 1992 und an Brennpunkten wie der Russischen und der Deutschen Revolution, dem Spanischen B\u00fcrgerkrieg und den Jugoslawienkriegen ihre Erlebnisse und Gedanken in das Notizbuch eingetragen. Ihre Berichte und Gedanken drehen sich um die Frage des Widerstands, wenn eine Welt am Abgrund steht.<\/p>\n<p>176 Seiten, Limmatverlag, 2024<br \/>\nISBN: 978-3-03926-069-0<\/p>\n","protected":false},"featured_media":6355,"template":"","meta":[],"product_brand":[],"product_cat":[1002,972,871],"product_tag":[1829,1705],"class_list":{"0":"post-6353","1":"product","2":"type-product","3":"status-publish","4":"has-post-thumbnail","6":"product_cat-rogger-basil","7":"product_cat-widmer-ruedi","8":"product_cat-zhdk","9":"product_tag-lebensgeschichten","10":"product_tag-sachbuch","12":"first","13":"instock","14":"shipping-taxable","15":"product-type-external"},"_links":{"self":[{"href":"https:\/\/publikationen.zhdk.ch\/index.php?rest_route=\/wp\/v2\/product\/6353","targetHints":{"allow":["GET"]}}],"collection":[{"href":"https:\/\/publikationen.zhdk.ch\/index.php?rest_route=\/wp\/v2\/product"}],"about":[{"href":"https:\/\/publikationen.zhdk.ch\/index.php?rest_route=\/wp\/v2\/types\/product"}],"version-history":[{"count":1,"href":"https:\/\/publikationen.zhdk.ch\/index.php?rest_route=\/wp\/v2\/product\/6353\/revisions"}],"predecessor-version":[{"id":6357,"href":"https:\/\/publikationen.zhdk.ch\/index.php?rest_route=\/wp\/v2\/product\/6353\/revisions\/6357"}],"wp:featuredmedia":[{"embeddable":true,"href":"https:\/\/publikationen.zhdk.ch\/index.php?rest_route=\/wp\/v2\/media\/6355"}],"wp:attachment":[{"href":"https:\/\/publikationen.zhdk.ch\/index.php?rest_route=%2Fwp%2Fv2%2Fmedia&parent=6353"}],"wp:term":[{"taxonomy":"product_brand","embeddable":true,"href":"https:\/\/publikationen.zhdk.ch\/index.php?rest_route=%2Fwp%2Fv2%2Fproduct_brand&post=6353"},{"taxonomy":"product_cat","embeddable":true,"href":"https:\/\/publikationen.zhdk.ch\/index.php?rest_route=%2Fwp%2Fv2%2Fproduct_cat&post=6353"},{"taxonomy":"product_tag","embeddable":true,"href":"https:\/\/publikationen.zhdk.ch\/index.php?rest_route=%2Fwp%2Fv2%2Fproduct_tag&post=6353"}],"curies":[{"name":"wp","href":"https:\/\/api.w.org\/{rel}","templated":true}]}}