{"id":6321,"date":"2024-03-25T13:56:39","date_gmt":"2024-03-25T12:56:39","guid":{"rendered":"https:\/\/publikationen.zhdk.ch\/?post_type=product&#038;p=6321"},"modified":"2024-03-25T13:57:42","modified_gmt":"2024-03-25T12:57:42","slug":"re-visioning-histories","status":"publish","type":"product","link":"https:\/\/publikationen.zhdk.ch\/?product=re-visioning-histories","title":{"rendered":"Re-visioning Histories in der Gegenwartskunst | Julia Wolf"},"content":{"rendered":"<p>ZHdK: Departement Kulturanalysen und Vermittlung<\/p>\n","protected":false},"excerpt":{"rendered":"<p>Gegenwartskunst, die sich mit zeitgeschichtlichen Ereignissen besch\u00e4ftigt, ist h\u00e4ufig an einer Dekonstruktion und Erweiterung von Geschichte interessiert. Mit Fokus auf Hiwa K und Petrit Halilaj, deren Arbeiten kriegsbedingte Gewalt, Zerst\u00f6rung, Flucht und Verdr\u00e4ngung thematisieren, untersucht Julia Wolf die M\u00f6glichkeiten von Kunst, in Geschichtsschreibung einzugreifen. Die beiden K\u00fcnstler nutzen erinnerungspolitische, postkoloniale, postmigrantische und verflechtungsgeschichtliche Perspektiven, um vorherrschende Erz\u00e4hlungen einer Gegenwartsbestimmung zu unterziehen.<\/p>\n<p>350 Seiten, transcript, 2024<br \/>\nISBN: 978-3-8376-6808-7<\/p>\n","protected":false},"featured_media":6325,"template":"","meta":[],"product_brand":[],"product_cat":[1258,151,1538,871],"product_tag":[1815,1811,807,1813],"class_list":{"0":"post-6321","1":"product","2":"type-product","3":"status-publish","4":"has-post-thumbnail","6":"product_cat-cultural-analysis","7":"product_cat-ics","8":"product_cat-wolf-julia","9":"product_cat-zhdk","10":"product_tag-gegenwartskunst","11":"product_tag-geschichtsschreibung","12":"product_tag-kunstgeschichte","13":"product_tag-postkolonialismus","15":"first","16":"instock","17":"shipping-taxable","18":"product-type-external"},"_links":{"self":[{"href":"https:\/\/publikationen.zhdk.ch\/index.php?rest_route=\/wp\/v2\/product\/6321","targetHints":{"allow":["GET"]}}],"collection":[{"href":"https:\/\/publikationen.zhdk.ch\/index.php?rest_route=\/wp\/v2\/product"}],"about":[{"href":"https:\/\/publikationen.zhdk.ch\/index.php?rest_route=\/wp\/v2\/types\/product"}],"version-history":[{"count":1,"href":"https:\/\/publikationen.zhdk.ch\/index.php?rest_route=\/wp\/v2\/product\/6321\/revisions"}],"predecessor-version":[{"id":6323,"href":"https:\/\/publikationen.zhdk.ch\/index.php?rest_route=\/wp\/v2\/product\/6321\/revisions\/6323"}],"wp:featuredmedia":[{"embeddable":true,"href":"https:\/\/publikationen.zhdk.ch\/index.php?rest_route=\/wp\/v2\/media\/6325"}],"wp:attachment":[{"href":"https:\/\/publikationen.zhdk.ch\/index.php?rest_route=%2Fwp%2Fv2%2Fmedia&parent=6321"}],"wp:term":[{"taxonomy":"product_brand","embeddable":true,"href":"https:\/\/publikationen.zhdk.ch\/index.php?rest_route=%2Fwp%2Fv2%2Fproduct_brand&post=6321"},{"taxonomy":"product_cat","embeddable":true,"href":"https:\/\/publikationen.zhdk.ch\/index.php?rest_route=%2Fwp%2Fv2%2Fproduct_cat&post=6321"},{"taxonomy":"product_tag","embeddable":true,"href":"https:\/\/publikationen.zhdk.ch\/index.php?rest_route=%2Fwp%2Fv2%2Fproduct_tag&post=6321"}],"curies":[{"name":"wp","href":"https:\/\/api.w.org\/{rel}","templated":true}]}}