{"id":6311,"date":"2024-03-04T13:53:43","date_gmt":"2024-03-04T12:53:43","guid":{"rendered":"https:\/\/publikationen.zhdk.ch\/?post_type=product&#038;p=6311"},"modified":"2026-03-04T16:24:34","modified_gmt":"2026-03-04T15:24:34","slug":"cache","status":"publish","type":"product","link":"https:\/\/publikationen.zhdk.ch\/?product=cache","title":{"rendered":"Cache | Nils G\u00fcttler, Niki Rhyner, Max Stadler (Hrsg.)"},"content":{"rendered":"<p>cache entstand als Kooperation der Professur f\u00fcr Wissenschaftsforschung der ETH Z\u00fcrich, dem Studiengang Visuelle Kommunikation der ZHdK, den beiden Grafiker:innen Loraine Olalia und Reinhard Schmidt, dem Entwickler Janis Perren und dem Data and Service Center for the Humanities (DaSCH) in Basel.<\/p>\n<p>ZHdK: Departement Design<\/p>\n","protected":false},"excerpt":{"rendered":"<p>Das Publikationstool <a title=\"Link zur Publikationsplattform cache\" href=\"https:\/\/cache.ch\/\" target=\"_blank\" rel=\"noopener\">cache<\/a> richtet sich an Forschungsgruppen, denen es erm\u00f6glicht, gemeinsam an einem Thema zu arbeiten, mit Inhalten anders umzugehen und abseits der gewohnten Formate zu publizieren. cache ist eine Mischung aus Kollektivessay und Materialsammlung und erscheint hybrid: als Buch und \u2013 Open Access \u2013 als Webseite, wo zus\u00e4tzliche Inhalte zu finden sind.<\/p>\n<p>ISSN: 2673-5016 (online)<\/p>\n","protected":false},"featured_media":6313,"template":"","meta":[],"product_brand":[],"product_cat":[153,1514,1518,1516,1014,667],"product_tag":[],"class_list":{"0":"post-6311","1":"product","2":"type-product","3":"status-publish","4":"has-post-thumbnail","6":"product_cat-design","7":"product_cat-e-publikationen","8":"product_cat-hybrid-publikationen","9":"product_cat-online-publikationen","10":"product_cat-open-access","11":"product_cat-zeitschriften-bulletins","13":"first","14":"instock","15":"shipping-taxable","16":"product-type-external"},"_links":{"self":[{"href":"https:\/\/publikationen.zhdk.ch\/index.php?rest_route=\/wp\/v2\/product\/6311","targetHints":{"allow":["GET"]}}],"collection":[{"href":"https:\/\/publikationen.zhdk.ch\/index.php?rest_route=\/wp\/v2\/product"}],"about":[{"href":"https:\/\/publikationen.zhdk.ch\/index.php?rest_route=\/wp\/v2\/types\/product"}],"version-history":[{"count":1,"href":"https:\/\/publikationen.zhdk.ch\/index.php?rest_route=\/wp\/v2\/product\/6311\/revisions"}],"predecessor-version":[{"id":6315,"href":"https:\/\/publikationen.zhdk.ch\/index.php?rest_route=\/wp\/v2\/product\/6311\/revisions\/6315"}],"wp:featuredmedia":[{"embeddable":true,"href":"https:\/\/publikationen.zhdk.ch\/index.php?rest_route=\/wp\/v2\/media\/6313"}],"wp:attachment":[{"href":"https:\/\/publikationen.zhdk.ch\/index.php?rest_route=%2Fwp%2Fv2%2Fmedia&parent=6311"}],"wp:term":[{"taxonomy":"product_brand","embeddable":true,"href":"https:\/\/publikationen.zhdk.ch\/index.php?rest_route=%2Fwp%2Fv2%2Fproduct_brand&post=6311"},{"taxonomy":"product_cat","embeddable":true,"href":"https:\/\/publikationen.zhdk.ch\/index.php?rest_route=%2Fwp%2Fv2%2Fproduct_cat&post=6311"},{"taxonomy":"product_tag","embeddable":true,"href":"https:\/\/publikationen.zhdk.ch\/index.php?rest_route=%2Fwp%2Fv2%2Fproduct_tag&post=6311"}],"curies":[{"name":"wp","href":"https:\/\/api.w.org\/{rel}","templated":true}]}}