{"id":6301,"date":"2024-02-27T13:16:23","date_gmt":"2024-02-27T12:16:23","guid":{"rendered":"https:\/\/publikationen.zhdk.ch\/?post_type=product&#038;p=6301"},"modified":"2024-02-27T14:01:45","modified_gmt":"2024-02-27T13:01:45","slug":"les-espaces-electroacoustiques-3","status":"publish","type":"product","link":"https:\/\/publikationen.zhdk.ch\/?product=les-espaces-electroacoustiques-3","title":{"rendered":"Les Espaces \u00c9lectroacoustiques III | Institute for Computer Music and Sound Technology [CD]"},"content":{"rendered":"<p>Performer*innen:<br \/>\n<span class=\"contentGrey\">Joan Jordi Oliver Arcos (saxophone)<br \/>\nDimitrios Polisoidis (viola)<br \/>\nMartina Schucan (violoncello)<br \/>\nEnsemble SoloVoices<br \/>\nMatthias Ziegler (flute)<br \/>\nGerm\u00e1n Toro Perez (artistic director)<br \/>\nFlorian Bogner (mastering)<br \/>\nMario Bruderhofer (recording and mixing engineer)<br \/>\nLeandro Gianini (sound engineering and electroacoustic performance)<br \/>\nDominykas Gir\u010dius (piano, recording and mixing engineer)<br \/>\nCarlos Hidalgo (sound projection)<\/span><\/p>\n<p>&nbsp;<\/p>\n<p>ZHdK: Institute for Computer Music and Sound Technology (ICST)<\/p>\n<p>Forschungsprojekt: <a href=\"https:\/\/www.zhdk.ch\/forschungsprojekt\/performance-practice-of-electroacoustic-music-429138\">Performance Practice of Electoacoustic Music<\/a><\/p>\n","protected":false},"excerpt":{"rendered":"<p>Masterpieces of electroacoustic music \u2013 presented in 5.1. surround and stereo<\/p>\n<p><strong>Thomas Kessler<\/strong> Flute Control (1986)<br \/>\n<strong>Kaija Saariaho<\/strong> Nuits, adieux (1991)<br \/>\n<strong>Horacio Vaggione<\/strong> Shifting Mirrors (2016)<br \/>\n<strong>Hans Tutschku<\/strong> pressure-divided (2015)<br \/>\n<strong>Georg Friedrich Haas<\/strong> Ein Schattenspiel (2004)<\/p>\n<p><strong>Jos\u00e9 Manuel L\u00f3pez L\u00f3pez<\/strong> Sottovoce (1995)<br \/>\n<strong>Marco Stroppa<\/strong> &#8230; of Silence (2007)<br \/>\n<strong>Bernhard Lang<\/strong> Differenz \/ Wiederholung 6a (2002)<br \/>\n<strong>Peter Ablinger<\/strong> Instrumente und ElektroAkustisch Ortsbezogene Verdichtung (&#171;das Blaue vom Himmel&#187;) (1995-1997)<\/p>\n<p>2 SACDs, col legno, 2023<br \/>\nWWE 2SACD 40005<\/p>\n","protected":false},"featured_media":6303,"template":"","meta":[],"product_brand":[],"product_cat":[143],"product_tag":[913,990],"class_list":{"0":"post-6301","1":"product","2":"type-product","3":"status-publish","4":"has-post-thumbnail","6":"product_cat-icst","7":"product_tag-cd","8":"product_tag-elektroakustische-musik","10":"first","11":"instock","12":"shipping-taxable","13":"product-type-external"},"_links":{"self":[{"href":"https:\/\/publikationen.zhdk.ch\/index.php?rest_route=\/wp\/v2\/product\/6301","targetHints":{"allow":["GET"]}}],"collection":[{"href":"https:\/\/publikationen.zhdk.ch\/index.php?rest_route=\/wp\/v2\/product"}],"about":[{"href":"https:\/\/publikationen.zhdk.ch\/index.php?rest_route=\/wp\/v2\/types\/product"}],"version-history":[{"count":3,"href":"https:\/\/publikationen.zhdk.ch\/index.php?rest_route=\/wp\/v2\/product\/6301\/revisions"}],"predecessor-version":[{"id":6309,"href":"https:\/\/publikationen.zhdk.ch\/index.php?rest_route=\/wp\/v2\/product\/6301\/revisions\/6309"}],"wp:featuredmedia":[{"embeddable":true,"href":"https:\/\/publikationen.zhdk.ch\/index.php?rest_route=\/wp\/v2\/media\/6303"}],"wp:attachment":[{"href":"https:\/\/publikationen.zhdk.ch\/index.php?rest_route=%2Fwp%2Fv2%2Fmedia&parent=6301"}],"wp:term":[{"taxonomy":"product_brand","embeddable":true,"href":"https:\/\/publikationen.zhdk.ch\/index.php?rest_route=%2Fwp%2Fv2%2Fproduct_brand&post=6301"},{"taxonomy":"product_cat","embeddable":true,"href":"https:\/\/publikationen.zhdk.ch\/index.php?rest_route=%2Fwp%2Fv2%2Fproduct_cat&post=6301"},{"taxonomy":"product_tag","embeddable":true,"href":"https:\/\/publikationen.zhdk.ch\/index.php?rest_route=%2Fwp%2Fv2%2Fproduct_tag&post=6301"}],"curies":[{"name":"wp","href":"https:\/\/api.w.org\/{rel}","templated":true}]}}