{"id":6290,"date":"2024-02-02T16:18:37","date_gmt":"2024-02-02T15:18:37","guid":{"rendered":"https:\/\/publikationen.zhdk.ch\/?post_type=product&#038;p=6290"},"modified":"2024-02-02T16:19:34","modified_gmt":"2024-02-02T15:19:34","slug":"tender-digitality","status":"publish","type":"product","link":"https:\/\/publikationen.zhdk.ch\/?product=tender-digitality","title":{"rendered":"Tender Digitality | Charlotte Axelsson (Hg.)"},"content":{"rendered":"<p>Mit dieser Publikation sollen Perspektiven und Diskussionen in verschiedenen Formen wie Essays, Poesie, Bildern und Grafiken beleuchtet und debattiert werden.<\/p>\n<p>ZHdK: E-Learning<\/p>\n","protected":false},"excerpt":{"rendered":"<p>&#171;Tender Digitality&#187; beschreibt ein \u00e4sthetisch orientiertes Konzept, das ein bin\u00e4res System in Schwingung versetzt und Menschen als Human Digitalus darstellt. Dabei reagiert es auf das Bed\u00fcrfnis, Sinnlichkeit, Wahrnehmung, Intuition und Wohlbefinden in digitalen Umgebungen zu erleben, diese Erfahrung greifbar zu machen und daf\u00fcr eine Sprache zu entwickeln.&#187;Tender Digitality&#187; operiert im Raum zwischen analog und digital, sozialen und technischen Ph\u00e4nomenen, welches es in sich st\u00e4ndig ver\u00e4ndernde, niemals fixierte Muster einwebt.<\/p>\n<p>144 Seiten, Slanted, 2024<br \/>\nISBN: 978-3-948440-69-5<\/p>\n","protected":false},"featured_media":6294,"template":"","meta":[],"product_brand":[],"product_cat":[1616,871],"product_tag":[1747,1808,970,1226],"class_list":{"0":"post-6290","1":"product","2":"type-product","3":"status-publish","4":"has-post-thumbnail","6":"product_cat-axelsson-charlotte","7":"product_cat-zhdk","8":"product_tag-avatars","9":"product_tag-cyborg","10":"product_tag-digitalitaet","11":"product_tag-sinnlichkeit","13":"first","14":"instock","15":"shipping-taxable","16":"product-type-external"},"_links":{"self":[{"href":"https:\/\/publikationen.zhdk.ch\/index.php?rest_route=\/wp\/v2\/product\/6290","targetHints":{"allow":["GET"]}}],"collection":[{"href":"https:\/\/publikationen.zhdk.ch\/index.php?rest_route=\/wp\/v2\/product"}],"about":[{"href":"https:\/\/publikationen.zhdk.ch\/index.php?rest_route=\/wp\/v2\/types\/product"}],"version-history":[{"count":2,"href":"https:\/\/publikationen.zhdk.ch\/index.php?rest_route=\/wp\/v2\/product\/6290\/revisions"}],"predecessor-version":[{"id":6296,"href":"https:\/\/publikationen.zhdk.ch\/index.php?rest_route=\/wp\/v2\/product\/6290\/revisions\/6296"}],"wp:featuredmedia":[{"embeddable":true,"href":"https:\/\/publikationen.zhdk.ch\/index.php?rest_route=\/wp\/v2\/media\/6294"}],"wp:attachment":[{"href":"https:\/\/publikationen.zhdk.ch\/index.php?rest_route=%2Fwp%2Fv2%2Fmedia&parent=6290"}],"wp:term":[{"taxonomy":"product_brand","embeddable":true,"href":"https:\/\/publikationen.zhdk.ch\/index.php?rest_route=%2Fwp%2Fv2%2Fproduct_brand&post=6290"},{"taxonomy":"product_cat","embeddable":true,"href":"https:\/\/publikationen.zhdk.ch\/index.php?rest_route=%2Fwp%2Fv2%2Fproduct_cat&post=6290"},{"taxonomy":"product_tag","embeddable":true,"href":"https:\/\/publikationen.zhdk.ch\/index.php?rest_route=%2Fwp%2Fv2%2Fproduct_tag&post=6290"}],"curies":[{"name":"wp","href":"https:\/\/api.w.org\/{rel}","templated":true}]}}