{"id":591,"date":"2019-04-13T20:02:50","date_gmt":"2019-04-13T18:02:50","guid":{"rendered":"http:\/\/publikationen.zhdk.ch\/?post_type=product&#038;p=591"},"modified":"2023-08-10T13:40:25","modified_gmt":"2023-08-10T11:40:25","slug":"aisthetik-der-muedigkeit-fabian-goppelsroeder-e-book","status":"publish","type":"product","link":"https:\/\/publikationen.zhdk.ch\/?product=aisthetik-der-muedigkeit-fabian-goppelsroeder-e-book","title":{"rendered":"Aisthetik der M\u00fcdigkeit | Fabian Goppelsr\u00f6der [E-Book PDF]"},"content":{"rendered":"<p>Fabian Goppelsr\u00f6der, PhD, ist Feodor Lynen Fellow am Department of Germanic Languages der University of Chicago (Illinois). Seine Forschungsinteressen liegen im Bereich von \u00c4sthetik, Sprachphilosophie und Medientheorie.<\/p>\n<p>ZHdK: Institut f\u00fcr Theorie (ITH)<\/p>\n","protected":false},"excerpt":{"rendered":"<p>In einer Zeit, in der Aktivit\u00e4t und Leistung alles bedeuten, da power naps und polyphasischer Schlaf die Nachtruhe optimieren sollen, Klartraumtechniken Ressourcen zur Verbesserung k\u00f6rperlicher und geistiger Effizienz kolonisieren, l\u00e4sst sich \u2013 so scheint es \u2013 f\u00fcr die M\u00fcdigkeit kaum noch argumentieren. Das Sensorium f\u00fcr ihre F\u00fclle ist durch all den Optimierungsdruck verk\u00fcmmert. Der Imperativ des 24\/7 hat es an\u00e4sthesiert. Dabei geht es heute, so der Ansatz des vorliegenden Buches, mehr denn je darum, ihre besondere Aisthetik wiederzuent\u00addecken, den Sinn f\u00fcr die ihr eigenen Zwischen\u00adzust\u00e4nde des Ungeformten und Nichtkategorisierbaren zu wecken.<\/p>\n<p>Reihe <a href=\"https:\/\/publikationen.zhdk.ch\/?product_cat=denkt-kunst\">Denkt Kunst<\/a><\/p>\n<p>144 Seiten (PDF), Diaphanes, 2018<br \/>\nISBN <span class=\"isbn\">978-3-0358-0083-8<\/span><\/p>\n","protected":false},"featured_media":217,"template":"","meta":[],"product_brand":[],"product_cat":[149,291,221,211],"product_tag":[],"class_list":{"0":"post-591","1":"product","2":"type-product","3":"status-publish","4":"has-post-thumbnail","6":"product_cat-ith","7":"product_cat-denkt-kunst","8":"product_cat-e-books","9":"product_cat-goeppelsroeder-fabian","11":"first","12":"instock","13":"shipping-taxable","14":"product-type-external"},"_links":{"self":[{"href":"https:\/\/publikationen.zhdk.ch\/index.php?rest_route=\/wp\/v2\/product\/591","targetHints":{"allow":["GET"]}}],"collection":[{"href":"https:\/\/publikationen.zhdk.ch\/index.php?rest_route=\/wp\/v2\/product"}],"about":[{"href":"https:\/\/publikationen.zhdk.ch\/index.php?rest_route=\/wp\/v2\/types\/product"}],"version-history":[{"count":6,"href":"https:\/\/publikationen.zhdk.ch\/index.php?rest_route=\/wp\/v2\/product\/591\/revisions"}],"predecessor-version":[{"id":6131,"href":"https:\/\/publikationen.zhdk.ch\/index.php?rest_route=\/wp\/v2\/product\/591\/revisions\/6131"}],"wp:featuredmedia":[{"embeddable":true,"href":"https:\/\/publikationen.zhdk.ch\/index.php?rest_route=\/wp\/v2\/media\/217"}],"wp:attachment":[{"href":"https:\/\/publikationen.zhdk.ch\/index.php?rest_route=%2Fwp%2Fv2%2Fmedia&parent=591"}],"wp:term":[{"taxonomy":"product_brand","embeddable":true,"href":"https:\/\/publikationen.zhdk.ch\/index.php?rest_route=%2Fwp%2Fv2%2Fproduct_brand&post=591"},{"taxonomy":"product_cat","embeddable":true,"href":"https:\/\/publikationen.zhdk.ch\/index.php?rest_route=%2Fwp%2Fv2%2Fproduct_cat&post=591"},{"taxonomy":"product_tag","embeddable":true,"href":"https:\/\/publikationen.zhdk.ch\/index.php?rest_route=%2Fwp%2Fv2%2Fproduct_tag&post=591"}],"curies":[{"name":"wp","href":"https:\/\/api.w.org\/{rel}","templated":true}]}}