{"id":5831,"date":"2023-05-24T09:32:55","date_gmt":"2023-05-24T07:32:55","guid":{"rendered":"https:\/\/publikationen.zhdk.ch\/?post_type=product&#038;p=5831"},"modified":"2023-08-10T10:54:20","modified_gmt":"2023-08-10T08:54:20","slug":"unsichtbares-ungesagtes-kolonko","status":"publish","type":"product","link":"https:\/\/publikationen.zhdk.ch\/?product=unsichtbares-ungesagtes-kolonko","title":{"rendered":"Unsichtbares und Ungesagtes | Bernadette Kolonko"},"content":{"rendered":"<p>Mitwirkende: Susanne Heinrich, Laura Bispuri, Kamila Andini, Ester Maria Bergsmark, Anna Sofie Hartmann, Val\u00e9rie Massadian, Teona Strugar Mitevska, Maryam Touzani, Katharina Wyss und Maura Delpero.<\/p>\n<p>ZHdK: Departement Darstellende K\u00fcnste &amp; Film<\/p>\n","protected":false},"excerpt":{"rendered":"<p>10 female * feminist * gazes<\/p>\n<p>Im Rahmen des k\u00fcnstlerischen Forschungsprojektes \u00abUnsichtbares und Ungesagtes\u00bb sind 10 Gespr\u00e4che mit internationalen feministischen Regiepersonen entstanden, die sich mit der Frage einer feministischen \u00c4sthetik im zeitgen\u00f6ssischen Kino auseinandersetzen. Gibt es aktuell eine neue Generation feministischer Filmemacherinnen? Inwieweit wird an den Film\u00e4sthetiken eine feministische Haltung sichtbar? Die Regisseurin und k\u00fcnstlerische Forscherin Bernadette Kolonko ist diesen und weiteren Fragen im Modus des sich Versammelns, des Zuh\u00f6rens und des Austausches nachgegangen, um sowohl die filmk\u00fcnstlerische Arbeit der Interviewten, als auch das gegenw\u00e4rtige Kino unter dem Aspekt eines Female*Feminist*Gaze zu reflektieren.<\/p>\n<p><a href=\"https:\/\/publikationen.zhdk.ch\/?product_cat=subtexte\">SubTexte<\/a> 28<\/p>\n<p>240 Seiten, Sch\u00fcren, 2023<br \/>\nISBN 978-3-7410-0435-3<\/p>\n<table style=\"height: 23px\" width=\"737\">\n<tbody>\n<tr>\n<td><\/td>\n<td><\/td>\n<\/tr>\n<\/tbody>\n<\/table>\n","protected":false},"featured_media":5841,"template":"","meta":[],"product_brand":[],"product_cat":[1709,157,569],"product_tag":[1719,619],"class_list":{"0":"post-5831","1":"product","2":"type-product","3":"status-publish","4":"has-post-thumbnail","6":"product_cat-koloko-bernadette","7":"product_cat-ipf","8":"product_cat-subtexte","9":"product_tag-feminismus","10":"product_tag-film","12":"first","13":"instock","14":"shipping-taxable","15":"product-type-external"},"_links":{"self":[{"href":"https:\/\/publikationen.zhdk.ch\/index.php?rest_route=\/wp\/v2\/product\/5831","targetHints":{"allow":["GET"]}}],"collection":[{"href":"https:\/\/publikationen.zhdk.ch\/index.php?rest_route=\/wp\/v2\/product"}],"about":[{"href":"https:\/\/publikationen.zhdk.ch\/index.php?rest_route=\/wp\/v2\/types\/product"}],"version-history":[{"count":6,"href":"https:\/\/publikationen.zhdk.ch\/index.php?rest_route=\/wp\/v2\/product\/5831\/revisions"}],"predecessor-version":[{"id":5947,"href":"https:\/\/publikationen.zhdk.ch\/index.php?rest_route=\/wp\/v2\/product\/5831\/revisions\/5947"}],"wp:featuredmedia":[{"embeddable":true,"href":"https:\/\/publikationen.zhdk.ch\/index.php?rest_route=\/wp\/v2\/media\/5841"}],"wp:attachment":[{"href":"https:\/\/publikationen.zhdk.ch\/index.php?rest_route=%2Fwp%2Fv2%2Fmedia&parent=5831"}],"wp:term":[{"taxonomy":"product_brand","embeddable":true,"href":"https:\/\/publikationen.zhdk.ch\/index.php?rest_route=%2Fwp%2Fv2%2Fproduct_brand&post=5831"},{"taxonomy":"product_cat","embeddable":true,"href":"https:\/\/publikationen.zhdk.ch\/index.php?rest_route=%2Fwp%2Fv2%2Fproduct_cat&post=5831"},{"taxonomy":"product_tag","embeddable":true,"href":"https:\/\/publikationen.zhdk.ch\/index.php?rest_route=%2Fwp%2Fv2%2Fproduct_tag&post=5831"}],"curies":[{"name":"wp","href":"https:\/\/api.w.org\/{rel}","templated":true}]}}