{"id":5789,"date":"2023-03-28T12:02:45","date_gmt":"2023-03-28T10:02:45","guid":{"rendered":"https:\/\/publikationen.zhdk.ch\/?post_type=product&#038;p=5789"},"modified":"2023-03-28T12:18:31","modified_gmt":"2023-03-28T10:18:31","slug":"51-jahre-experiment-e-book-pdf","status":"publish","type":"product","link":"https:\/\/publikationen.zhdk.ch\/?product=51-jahre-experiment-e-book-pdf","title":{"rendered":"51 Jahre Experiment F+F: Kunsthalle Bern | Michael Hiltbrunner (Red.) [E-Book PDF]"},"content":{"rendered":"<p>1970 stellte die Klasse F+F, die kurz davor im Protest die Kunstgewerbeschule Z\u00fcrich verlassen hatte, in der Kunsthalle Bern aus. Mit basisdemokratischen und anti-autorit\u00e4ren Ans\u00e4tzen wollte die Klasse in Kunst und Design nicht nur formal-\u00e4sthetische sondern auch gesellschaftskritische Aspekte ber\u00fccksichtigen. In der 1971 gegr\u00fcndeten F+F Schule f\u00fcr experimentelle Gestaltung entwickelte sich daraus ein eigener Ansatz der Radical Education.<\/p>\n<p>\u00dcber 50 Jahre sp\u00e4ter ist die F+F Schule f\u00fcr Kunst und Design eingeladen, eine Archiv-Ausstellung am gleichen Ort zu zeigen. Realisiert wird die Ausstellung von einer Gruppe mit \u00fcber 20 Studierenden der F+F unter der Leitung von Michael Hiltbrunner. Gezeigt werden neben Dokumenten zur Ausstellung von 1970 und zur Geschichte der Schule auch neue Arbeiten, die sich mit dem Archiv befassen und andere, die sich auf aktuelle Themen beziehen.<\/p>\n<p>ZHdK: Institute for Contemporary Art Research (IFCAR)<\/p>\n<p>&nbsp;<\/p>\n","protected":false},"excerpt":{"rendered":"<div class=\"record-description\">\n<p>Eine Archiv-Ausstellung zur historischen Ausstellung \u00abExperiment F+F\u00bb von 1970, realisiert als radikale Intervention mit Dokumenten, Werken, Performances und Workshops, umgesetzt von Studierenden der F+F Schule f\u00fcr Kunst und Design, als Zusammenarbeit der Kunsthalle Bern, der F+F und der Z\u00fcrcher Hochschule der K\u00fcnste.<\/p>\n<\/div>\n<p class=\"title\">36 Seiten (nicht nummeriert), Kunsthalle Bern, 2021<\/p>\n<p>&nbsp;<\/p>\n","protected":false},"featured_media":5793,"template":"","meta":[],"product_brand":[],"product_cat":[145,221,1514,275,1014],"product_tag":[857],"class_list":{"0":"post-5789","1":"product","2":"type-product","3":"status-publish","4":"has-post-thumbnail","6":"product_cat-ifcar","7":"product_cat-e-books","8":"product_cat-e-publikationen","9":"product_cat-hiltbrunner-michael","10":"product_cat-open-access","11":"product_tag-stadt","13":"first","14":"instock","15":"shipping-taxable","16":"product-type-external"},"_links":{"self":[{"href":"https:\/\/publikationen.zhdk.ch\/index.php?rest_route=\/wp\/v2\/product\/5789","targetHints":{"allow":["GET"]}}],"collection":[{"href":"https:\/\/publikationen.zhdk.ch\/index.php?rest_route=\/wp\/v2\/product"}],"about":[{"href":"https:\/\/publikationen.zhdk.ch\/index.php?rest_route=\/wp\/v2\/types\/product"}],"version-history":[{"count":1,"href":"https:\/\/publikationen.zhdk.ch\/index.php?rest_route=\/wp\/v2\/product\/5789\/revisions"}],"predecessor-version":[{"id":5795,"href":"https:\/\/publikationen.zhdk.ch\/index.php?rest_route=\/wp\/v2\/product\/5789\/revisions\/5795"}],"wp:featuredmedia":[{"embeddable":true,"href":"https:\/\/publikationen.zhdk.ch\/index.php?rest_route=\/wp\/v2\/media\/5793"}],"wp:attachment":[{"href":"https:\/\/publikationen.zhdk.ch\/index.php?rest_route=%2Fwp%2Fv2%2Fmedia&parent=5789"}],"wp:term":[{"taxonomy":"product_brand","embeddable":true,"href":"https:\/\/publikationen.zhdk.ch\/index.php?rest_route=%2Fwp%2Fv2%2Fproduct_brand&post=5789"},{"taxonomy":"product_cat","embeddable":true,"href":"https:\/\/publikationen.zhdk.ch\/index.php?rest_route=%2Fwp%2Fv2%2Fproduct_cat&post=5789"},{"taxonomy":"product_tag","embeddable":true,"href":"https:\/\/publikationen.zhdk.ch\/index.php?rest_route=%2Fwp%2Fv2%2Fproduct_tag&post=5789"}],"curies":[{"name":"wp","href":"https:\/\/api.w.org\/{rel}","templated":true}]}}