{"id":5777,"date":"2023-02-06T16:53:56","date_gmt":"2023-02-06T15:53:56","guid":{"rendered":"https:\/\/publikationen.zhdk.ch\/?post_type=product&#038;p=5777"},"modified":"2023-08-10T14:19:17","modified_gmt":"2023-08-10T12:19:17","slug":"radikal-ambivalent-rachel-mader-hg-e-book-pdf","status":"publish","type":"product","link":"https:\/\/publikationen.zhdk.ch\/?product=radikal-ambivalent-rachel-mader-hg-e-book-pdf","title":{"rendered":"Radikal ambivalent | Rachel Mader (Hg.) [E-Book PDF]"},"content":{"rendered":"<p>Mit Beitr\u00e4gen von Helmut Draxler, Thomas Hirschhorn, Verena Krieger, Brigitta Kuster, Barbara Lange, Rachel Mader, Uriel Orlow, Gerald Raunig, Johanna Schaffer, Peter Schneemann, Bernadett Settele, Nina Zschocke und Tim Zulauf.<\/p>\n<p>ZHdK: Institute for Contemporary Art Research (IFCAR)<\/p>\n","protected":false},"excerpt":{"rendered":"<p>Engagement und Verantwortung in den K\u00fcnsten heute<\/p>\n<p>Wie ist das Verh\u00e4ltnis zwischen Kunst und Politik heute? Erzielt engagierte Kunstproduktion Wirkungen im \u00f6ffentlichen, politischen Raum? Wie ist es um die Lesbarkeit von visuellen Botschaften in Kunst und Kultur bestellt? In j\u00fcngster Zeit treten zunehmend mehrdeutige und unentschiedene Codes und Zeichen an die Stelle einer klaren und deutlichen Bildsprache. W\u00e4hrend die einen daf\u00fcr die Komplexit\u00e4t der Inhalte und Vielfalt der Formen verantwortlich machen, interpretieren andere dies als politische Strategie der Verweigerung gegen\u00fcber einer Instrumentalisierung. Der Tenor der Kunstkritik ging in den letzten Jahren sogar so weit, die Uneindeutigkeit zum Qualit\u00e4tsmerkmal gehaltvoller Kunst schlechthin zu erheben. Die in dieser Publikation versammelten Aufs\u00e4tze hinterfragen das Ph\u00e4nomen \u00bbAmbivalenz\u00ab aus kritischer Perspektive und untersuchen seine Mechanismen und gesellschaftlichen Funktionen.<\/p>\n<p><a href=\"https:\/\/publikationen.zhdk.ch\/?product_cat=schriftenreihe-des-instituts-fuer-gegenwartskunst\">Schriftenreihe des Instituts f\u00fcr Gegenwartskunst<\/a> Band 12<\/p>\n<p>272 Seiten,\u00a0Diaphanes, 2014<br \/>\nISBN 978-3-03734-419-4<\/p>\n","protected":false},"featured_media":1665,"template":"","meta":[],"product_brand":[],"product_cat":[145,221,1514,493,489],"product_tag":[],"class_list":{"0":"post-5777","1":"product","2":"type-product","3":"status-publish","4":"has-post-thumbnail","6":"product_cat-ifcar","7":"product_cat-e-books","8":"product_cat-e-publikationen","9":"product_cat-mader-rachel","10":"product_cat-schriftenreihe-des-instituts-fuer-gegenwartskunst","12":"first","13":"instock","14":"shipping-taxable","15":"product-type-external"},"_links":{"self":[{"href":"https:\/\/publikationen.zhdk.ch\/index.php?rest_route=\/wp\/v2\/product\/5777","targetHints":{"allow":["GET"]}}],"collection":[{"href":"https:\/\/publikationen.zhdk.ch\/index.php?rest_route=\/wp\/v2\/product"}],"about":[{"href":"https:\/\/publikationen.zhdk.ch\/index.php?rest_route=\/wp\/v2\/types\/product"}],"version-history":[{"count":2,"href":"https:\/\/publikationen.zhdk.ch\/index.php?rest_route=\/wp\/v2\/product\/5777\/revisions"}],"predecessor-version":[{"id":6205,"href":"https:\/\/publikationen.zhdk.ch\/index.php?rest_route=\/wp\/v2\/product\/5777\/revisions\/6205"}],"wp:featuredmedia":[{"embeddable":true,"href":"https:\/\/publikationen.zhdk.ch\/index.php?rest_route=\/wp\/v2\/media\/1665"}],"wp:attachment":[{"href":"https:\/\/publikationen.zhdk.ch\/index.php?rest_route=%2Fwp%2Fv2%2Fmedia&parent=5777"}],"wp:term":[{"taxonomy":"product_brand","embeddable":true,"href":"https:\/\/publikationen.zhdk.ch\/index.php?rest_route=%2Fwp%2Fv2%2Fproduct_brand&post=5777"},{"taxonomy":"product_cat","embeddable":true,"href":"https:\/\/publikationen.zhdk.ch\/index.php?rest_route=%2Fwp%2Fv2%2Fproduct_cat&post=5777"},{"taxonomy":"product_tag","embeddable":true,"href":"https:\/\/publikationen.zhdk.ch\/index.php?rest_route=%2Fwp%2Fv2%2Fproduct_tag&post=5777"}],"curies":[{"name":"wp","href":"https:\/\/api.w.org\/{rel}","templated":true}]}}