{"id":5715,"date":"2023-02-06T14:55:28","date_gmt":"2023-02-06T13:55:28","guid":{"rendered":"https:\/\/publikationen.zhdk.ch\/?post_type=product&#038;p=5715"},"modified":"2023-08-10T14:12:49","modified_gmt":"2023-08-10T12:12:49","slug":"kunst-des-forschens-dazwischen-elke-bippus-frank-hesse-hg-e-book-pdf","status":"publish","type":"product","link":"https:\/\/publikationen.zhdk.ch\/?product=kunst-des-forschens-dazwischen-elke-bippus-frank-hesse-hg-e-book-pdf","title":{"rendered":"Kunst des Forschens \/ dazwischen | Elke Bippus, Frank Hesse (Hg.) [E-Book PDF]"},"content":{"rendered":"<p>ZHdK: Institute for Contemporary Art Research (IFCAR)<\/p>\n","protected":false},"excerpt":{"rendered":"<p>Die Publikation geht zur\u00fcck auf die Ausstellungsreihe \u00abdazwischen\u00bb und die Lehrprojekte \u00abdazwischen projekt\u00bb (in den Jahren 2007 bis 2008). Die Veranstaltungen sind im Rahmen des von der Fritz Thyssen Stiftung gef\u00f6rderten Forschungsprojekts &#171;Kunst des Forschens&#187; realisiert worden. Die Ausstellungsprojekte fanden in Kooperation zwischen der Z\u00fcrcher Hochschule der K\u00fcnste (ZHdK) und dem Projektraum White Space Z\u00fcrich statt. Die Lehrprojekte in Kooperation mit Katharina Hinsberg (Hochschule f\u00fcr K\u00fcnste, Bremen).<\/p>\n<p><a href=\"https:\/\/publikationen.zhdk.ch\/?product_cat=schriftenreihe-des-instituts-fuer-gegenwartskunst\">Schriftenreihe des Instituts f\u00fcr Gegenwartskunst<\/a> Band 5<\/p>\n<p>28 Seiten, Institut f\u00fcr Gegenwartsk\u00fcnste ZHdK, 2008<br \/>\nISBN\u00a0978-3-9523320-0-9<\/p>\n","protected":false},"featured_media":5717,"template":"","meta":[],"product_brand":[],"product_cat":[509,145,221,1514,511,245,1014,489],"product_tag":[861],"class_list":{"0":"post-5715","1":"product","2":"type-product","3":"status-publish","4":"has-post-thumbnail","6":"product_cat-bippus-elke","7":"product_cat-ifcar","8":"product_cat-e-books","9":"product_cat-e-publikationen","10":"product_cat-hesse-frank","11":"product_cat-mersch-dieter","12":"product_cat-open-access","13":"product_cat-schriftenreihe-des-instituts-fuer-gegenwartskunst","14":"product_tag-kuenstlerische-forschung","16":"first","17":"instock","18":"shipping-taxable","19":"product-type-external"},"_links":{"self":[{"href":"https:\/\/publikationen.zhdk.ch\/index.php?rest_route=\/wp\/v2\/product\/5715","targetHints":{"allow":["GET"]}}],"collection":[{"href":"https:\/\/publikationen.zhdk.ch\/index.php?rest_route=\/wp\/v2\/product"}],"about":[{"href":"https:\/\/publikationen.zhdk.ch\/index.php?rest_route=\/wp\/v2\/types\/product"}],"version-history":[{"count":3,"href":"https:\/\/publikationen.zhdk.ch\/index.php?rest_route=\/wp\/v2\/product\/5715\/revisions"}],"predecessor-version":[{"id":6185,"href":"https:\/\/publikationen.zhdk.ch\/index.php?rest_route=\/wp\/v2\/product\/5715\/revisions\/6185"}],"wp:featuredmedia":[{"embeddable":true,"href":"https:\/\/publikationen.zhdk.ch\/index.php?rest_route=\/wp\/v2\/media\/5717"}],"wp:attachment":[{"href":"https:\/\/publikationen.zhdk.ch\/index.php?rest_route=%2Fwp%2Fv2%2Fmedia&parent=5715"}],"wp:term":[{"taxonomy":"product_brand","embeddable":true,"href":"https:\/\/publikationen.zhdk.ch\/index.php?rest_route=%2Fwp%2Fv2%2Fproduct_brand&post=5715"},{"taxonomy":"product_cat","embeddable":true,"href":"https:\/\/publikationen.zhdk.ch\/index.php?rest_route=%2Fwp%2Fv2%2Fproduct_cat&post=5715"},{"taxonomy":"product_tag","embeddable":true,"href":"https:\/\/publikationen.zhdk.ch\/index.php?rest_route=%2Fwp%2Fv2%2Fproduct_tag&post=5715"}],"curies":[{"name":"wp","href":"https:\/\/api.w.org\/{rel}","templated":true}]}}