{"id":5678,"date":"2023-02-02T09:44:40","date_gmt":"2023-02-02T08:44:40","guid":{"rendered":"https:\/\/publikationen.zhdk.ch\/?post_type=product&#038;p=5678"},"modified":"2023-02-02T09:46:44","modified_gmt":"2023-02-02T08:46:44","slug":"sehen-macht-wissen-2","status":"publish","type":"product","link":"https:\/\/publikationen.zhdk.ch\/?product=sehen-macht-wissen-2","title":{"rendered":"Sehen &#8211; Macht &#8211; Wissen | Angelika Bartl, Josch Hoenes, Patricia M\u00fchr, Kea Wienand (Hg.)"},"content":{"rendered":"<p>Mit Beitr\u00e4gen von Kerstin Brandes, Stephan F\u00fcrstenberg, Sabine Hark, Linda Hentschel, Marianne Hirsch, Kathrin Hoffmann-Curtius, Jennifer John, Nicole Mehring, Nicholas Mirzoeff, Irene Nierhaus, Barbara Paul, Griselda Pollock, Sigrid Schade und Leo Spitzer.<\/p>\n<p><span class=\"js-page_title--animation page_title--animation\" aria-hidden=\"true\" data-bind=\"text:title()\">ZHdK: Institute for Cultural Studies in the Arts (ICS)<\/span><\/p>\n","protected":false},"excerpt":{"rendered":"<p>ReSaVoir. Bilder im Spannungsfeld von Kultur, Politik und Erinnerung<\/p>\n<p>Kein Bild kommt aus dem Nichts oder bildet einfach ab \u2013 jedes Bild beruht immer schon auf Vor-Bildern. Als Teil kultureller und sozialer Ordnungen gestalten Bilder Macht- und Wissensstrukturen mit. Die Autor*innen des Sammelbandes analysieren Bilderpolitiken in Bezug auf Erinnerungsprozesse, Heterosexismen und Rassismen: Wie legitimieren oder destabilisieren sie Macht? Wie \u00fcberlagern und konterkarieren sich Erinnerungen in ihnen? Und wie lassen sich neue Lekt\u00fcren produzieren?<\/p>\n<p>216 Seiten (PDF), transcript, 2011<br \/>\nISBN <span class=\"entry--content\" data-flyer=\"isbn\">978-3-8394-1467-5<\/span><\/p>\n","protected":false},"featured_media":1465,"template":"","meta":[],"product_brand":[],"product_cat":[731,151,733,735,267,737],"product_tag":[],"class_list":{"0":"post-5678","1":"product","2":"type-product","3":"status-publish","4":"has-post-thumbnail","6":"product_cat-bartl-angelika","7":"product_cat-ics","8":"product_cat-hoenes-josch","9":"product_cat-muehr-patricia","10":"product_cat-schade-sigrid","11":"product_cat-wienand-kea","13":"first","14":"instock","15":"shipping-taxable","16":"product-type-external"},"_links":{"self":[{"href":"https:\/\/publikationen.zhdk.ch\/index.php?rest_route=\/wp\/v2\/product\/5678","targetHints":{"allow":["GET"]}}],"collection":[{"href":"https:\/\/publikationen.zhdk.ch\/index.php?rest_route=\/wp\/v2\/product"}],"about":[{"href":"https:\/\/publikationen.zhdk.ch\/index.php?rest_route=\/wp\/v2\/types\/product"}],"version-history":[{"count":2,"href":"https:\/\/publikationen.zhdk.ch\/index.php?rest_route=\/wp\/v2\/product\/5678\/revisions"}],"predecessor-version":[{"id":5682,"href":"https:\/\/publikationen.zhdk.ch\/index.php?rest_route=\/wp\/v2\/product\/5678\/revisions\/5682"}],"wp:featuredmedia":[{"embeddable":true,"href":"https:\/\/publikationen.zhdk.ch\/index.php?rest_route=\/wp\/v2\/media\/1465"}],"wp:attachment":[{"href":"https:\/\/publikationen.zhdk.ch\/index.php?rest_route=%2Fwp%2Fv2%2Fmedia&parent=5678"}],"wp:term":[{"taxonomy":"product_brand","embeddable":true,"href":"https:\/\/publikationen.zhdk.ch\/index.php?rest_route=%2Fwp%2Fv2%2Fproduct_brand&post=5678"},{"taxonomy":"product_cat","embeddable":true,"href":"https:\/\/publikationen.zhdk.ch\/index.php?rest_route=%2Fwp%2Fv2%2Fproduct_cat&post=5678"},{"taxonomy":"product_tag","embeddable":true,"href":"https:\/\/publikationen.zhdk.ch\/index.php?rest_route=%2Fwp%2Fv2%2Fproduct_tag&post=5678"}],"curies":[{"name":"wp","href":"https:\/\/api.w.org\/{rel}","templated":true}]}}