{"id":5642,"date":"2023-01-30T13:30:49","date_gmt":"2023-01-30T12:30:49","guid":{"rendered":"https:\/\/publikationen.zhdk.ch\/?post_type=product&#038;p=5642"},"modified":"2023-02-02T14:30:56","modified_gmt":"2023-02-02T13:30:56","slug":"quantum-of-disorder-e-book-pdf","status":"publish","type":"product","link":"https:\/\/publikationen.zhdk.ch\/?product=quantum-of-disorder-e-book-pdf","title":{"rendered":"Quantum of Disorder | Ir\u00e8ne Hediger, Sabine Schaschl (Hg.) [E-Book PDF]"},"content":{"rendered":"<p>Im Buch \u00e4ussern sich international anerkannte Wissenschaftler und Kunsttheoretiker aus ihrer Perspektive zum Spannungsfeld zwischen System und Abweichung. Ein Glossar mit Begriffen aus den Essays fungiert zugleich als Inhaltsverzeichnis. An der Ausstellung fotografierte Abbildungen und K\u00fcnstlerinterviews dokumentieren und vertiefen den k\u00fcnstlerischen Teil.<\/p>\n<p>\u2039Quantum of Disorder\u203a soll informieren und unterhalten, Neugierde stillen und Interesse f\u00fcr Neues wecken. Kunst und Wissenschaft setzen sich auf Augenh\u00f6he mit dem Thema des Kooperationsprojekts auseinander und er\u00f6ffnen einer vielseitig interessierten Leserschaft innovative, multiperspektivische Zug\u00e4nge.<\/p>\n<p>ZHdK: <span class=\"js-page_title--animation page_title--animation\" aria-hidden=\"true\" data-bind=\"text:title()\">Institute for Cultural Studies in the Arts (ICS)<br \/>\n<\/span><\/p>\n","protected":false},"excerpt":{"rendered":"<p>Das Buch \u2039Quantum of Disorder\u203a ist Teil des gleichnamigen Kooperationsprojekts zwischen dem Museum Haus Konstruktiv und dem artist-in-labs program ICS\/ZHdK und wird w\u00e4hrend der Ausstellung im Museum Haus Konstruktiv ver\u00f6ffentlicht. Im Zentrum des Projekts steht die Auseinandersetzung mit den grundlegenden Ordnungsprinzipien, welche der k\u00fcnstlerischen und der wissenschaftlichen Praxis zugrunde liegen. Ausserdem geht es um das Wechselspiel zwischen Ordnung und Unordnung.\u00a0 (dt.\/engl.)<\/p>\n<p>70 Seiten,\u00a0Christoph Merian, 2015<br \/>\nISBN 978-3-85616-668-7<\/p>\n","protected":false},"featured_media":2302,"template":"","meta":[],"product_brand":[],"product_cat":[151,221,1514,679,1014,685],"product_tag":[996],"class_list":{"0":"post-5642","1":"product","2":"type-product","3":"status-publish","4":"has-post-thumbnail","6":"product_cat-ics","7":"product_cat-e-books","8":"product_cat-e-publikationen","9":"product_cat-hediger-irene","10":"product_cat-open-access","11":"product_cat-schaschl-sabine","12":"product_tag-artist-in-labs","14":"first","15":"instock","16":"shipping-taxable","17":"product-type-external"},"_links":{"self":[{"href":"https:\/\/publikationen.zhdk.ch\/index.php?rest_route=\/wp\/v2\/product\/5642","targetHints":{"allow":["GET"]}}],"collection":[{"href":"https:\/\/publikationen.zhdk.ch\/index.php?rest_route=\/wp\/v2\/product"}],"about":[{"href":"https:\/\/publikationen.zhdk.ch\/index.php?rest_route=\/wp\/v2\/types\/product"}],"version-history":[{"count":1,"href":"https:\/\/publikationen.zhdk.ch\/index.php?rest_route=\/wp\/v2\/product\/5642\/revisions"}],"predecessor-version":[{"id":5644,"href":"https:\/\/publikationen.zhdk.ch\/index.php?rest_route=\/wp\/v2\/product\/5642\/revisions\/5644"}],"wp:featuredmedia":[{"embeddable":true,"href":"https:\/\/publikationen.zhdk.ch\/index.php?rest_route=\/wp\/v2\/media\/2302"}],"wp:attachment":[{"href":"https:\/\/publikationen.zhdk.ch\/index.php?rest_route=%2Fwp%2Fv2%2Fmedia&parent=5642"}],"wp:term":[{"taxonomy":"product_brand","embeddable":true,"href":"https:\/\/publikationen.zhdk.ch\/index.php?rest_route=%2Fwp%2Fv2%2Fproduct_brand&post=5642"},{"taxonomy":"product_cat","embeddable":true,"href":"https:\/\/publikationen.zhdk.ch\/index.php?rest_route=%2Fwp%2Fv2%2Fproduct_cat&post=5642"},{"taxonomy":"product_tag","embeddable":true,"href":"https:\/\/publikationen.zhdk.ch\/index.php?rest_route=%2Fwp%2Fv2%2Fproduct_tag&post=5642"}],"curies":[{"name":"wp","href":"https:\/\/api.w.org\/{rel}","templated":true}]}}