{"id":5630,"date":"2023-01-30T12:03:22","date_gmt":"2023-01-30T11:03:22","guid":{"rendered":"https:\/\/publikationen.zhdk.ch\/?post_type=product&#038;p=5630"},"modified":"2023-02-02T13:21:42","modified_gmt":"2023-02-02T12:21:42","slug":"fkw-zeitschrift-fuer-geschlechterforschung-und-visuelle-kultur","status":"publish","type":"product","link":"https:\/\/publikationen.zhdk.ch\/?product=fkw-zeitschrift-fuer-geschlechterforschung-und-visuelle-kultur","title":{"rendered":"FKW \/\/ Zeitschrift f\u00fcr Geschlechterforschung und visuelle Kultur | Sigrid Adorf (tw. Hg.)"},"content":{"rendered":"<p><strong>FKW \/\/ Zeitschrift f\u00fcr Geschlechterforschung und visuelle Kultur<\/strong>\u00a0wurde im Anschluss an die 3. Kunsthistorikerinnen-Tagung 1986 in Wien unter dem Titel\u00a0<strong>Frauen Kunst Wissenschaft<\/strong> gegr\u00fcndet. Der wissenschaftlichen und wissenschaftskritischen Auseinandersetzung mit genusspezifischen Fragestellungen im deutschsprachigen Raum \u2013 Deutschland, \u00d6sterreich und Schweiz \u2013 sollte damit ein Diskussionsforum bereitgestellt und zur internationalen Vernetzung feministischer Kulturinitiativen beigetragen werden. An diese Zielsetzung kn\u00fcpft die seit 2007 als\u00a0<strong>FKW \/\/ Zeitschrift f\u00fcr Geschlechterforschung und visuelle Kultur<\/strong>\u00a0weitergef\u00fchrte Zeitschrift an, die nach wie vor das einzige Publikationsorgan f\u00fcr Geschlechterforschung und visuelle Kultur im deutschsprachigen Raum ist: Die Redakteurinnen der Zeitschrift sehen ihre Aufgabe darin, die vielf\u00e4ltigen theoretischen und methodischen Positionen des kritischen Diskurses um Geschlecht als Analysekategorie in Form von Themenheften zu b\u00fcndeln und den Argumenten wie Akteurinnen und Akteuren zu mehr Aufmerksamkeit in der Fach\u00f6ffentlichkeit zu verhelfen. Mit Ausgabe Nr. 54 (2013) wird die Druckausgabe des Periodikums durch die digitale Open-Access-Ver\u00f6ffentlichung ersetzt, so dass\u00a0<em>FKW<\/em> ihre Rolle als zentrales Forum einer explizit gender-orientierten bild-, kunst- und kulturwissenschaftlichen Forschung (im deutschsprachigen Raum) und die damit verbundenen Aufgaben auch weiterhin wahrnehmen sowie den Adressatenkreis ausbauen kann.<\/p>\n<p>ZHdK: ehem. Institute for Cultural Studies in the Arts, jetzt Forschungsschwerpunkt Kulturanalyse in den K\u00fcnsten<\/p>\n","protected":false},"excerpt":{"rendered":"<p>Das Journal analysiert visuelle Repr\u00e4sentationen und Diskurse in ihrer gesellschaftlichen und geschlechterpolitischen Bedeutung. So verbindet FKW kunst- und kulturtheoretische, bild- und medienwissenschaftliche, genderspezifische, politische und methodische Fragestellungen zu einer kritischen Kulturgeschichte des Visuellen. Fragen nach Konstruktionen im Feld der visuellen Kultur, nach Ein- und Ausschlussmechanismen, symptomatischen Subjektentw\u00fcrfen wie unreflektierten Objektivierungen stehen im Vordergrund des repr\u00e4sentationskritischen Interesses. Aus einer Perspektive heraus, die Wissen und Verstehen als dynamische, immer auch in Ver\u00e4nderung befindliche Prozesse begreift, sieht sich FKW als eine Plattform f\u00fcr konstruktive Auseinandersetzung und Diskussion, die dazu Denkanst\u00f6\u00dfe geben und Wege des Umdenkens kritisch begleiten will.<\/p>\n","protected":false},"featured_media":5632,"template":"","meta":[],"product_brand":[],"product_cat":[695,141,1258,1514,1516,1014,667],"product_tag":[1674,1135,1129],"class_list":{"0":"post-5630","1":"product","2":"type-product","3":"status-publish","4":"has-post-thumbnail","6":"product_cat-adorf-sigrid","7":"product_cat-iae","8":"product_cat-cultural-analysis","9":"product_cat-e-publikationen","10":"product_cat-online-publikationen","11":"product_cat-open-access","12":"product_cat-zeitschriften-bulletins","13":"product_tag-geschlechterpolitik","14":"product_tag-visuelle-kultur","15":"product_tag-zeitschrift","17":"first","18":"instock","19":"shipping-taxable","20":"product-type-external"},"_links":{"self":[{"href":"https:\/\/publikationen.zhdk.ch\/index.php?rest_route=\/wp\/v2\/product\/5630","targetHints":{"allow":["GET"]}}],"collection":[{"href":"https:\/\/publikationen.zhdk.ch\/index.php?rest_route=\/wp\/v2\/product"}],"about":[{"href":"https:\/\/publikationen.zhdk.ch\/index.php?rest_route=\/wp\/v2\/types\/product"}],"version-history":[{"count":2,"href":"https:\/\/publikationen.zhdk.ch\/index.php?rest_route=\/wp\/v2\/product\/5630\/revisions"}],"predecessor-version":[{"id":5700,"href":"https:\/\/publikationen.zhdk.ch\/index.php?rest_route=\/wp\/v2\/product\/5630\/revisions\/5700"}],"wp:featuredmedia":[{"embeddable":true,"href":"https:\/\/publikationen.zhdk.ch\/index.php?rest_route=\/wp\/v2\/media\/5632"}],"wp:attachment":[{"href":"https:\/\/publikationen.zhdk.ch\/index.php?rest_route=%2Fwp%2Fv2%2Fmedia&parent=5630"}],"wp:term":[{"taxonomy":"product_brand","embeddable":true,"href":"https:\/\/publikationen.zhdk.ch\/index.php?rest_route=%2Fwp%2Fv2%2Fproduct_brand&post=5630"},{"taxonomy":"product_cat","embeddable":true,"href":"https:\/\/publikationen.zhdk.ch\/index.php?rest_route=%2Fwp%2Fv2%2Fproduct_cat&post=5630"},{"taxonomy":"product_tag","embeddable":true,"href":"https:\/\/publikationen.zhdk.ch\/index.php?rest_route=%2Fwp%2Fv2%2Fproduct_tag&post=5630"}],"curies":[{"name":"wp","href":"https:\/\/api.w.org\/{rel}","templated":true}]}}