{"id":5608,"date":"2023-01-26T15:25:20","date_gmt":"2023-01-26T14:25:20","guid":{"rendered":"https:\/\/publikationen.zhdk.ch\/?post_type=product&#038;p=5608"},"modified":"2023-02-02T13:21:04","modified_gmt":"2023-02-02T12:21:04","slug":"art-education-research","status":"publish","type":"product","link":"https:\/\/publikationen.zhdk.ch\/?product=art-education-research","title":{"rendered":"Art Education Research | Anna Sch\u00fcrch et al. (Hg.)"},"content":{"rendered":"<p>Im Fokus stehen Themen und Fragestellungen, die aktuelle Forschung in der Kunstp\u00e4dagogik bearbeitet oder als Desiderate identifiziert. Das e Journal erscheint unter Herausgeber*innenschaft des Vorstands und des Sekretariats der SFKP \/ SSPA. Die einzelnen Ausgaben werden von unterschiedlichen Redaktionsteams konzipiert. Eine Bewerbung f\u00fcr die Herausgabe einer Nummer ist mit einem Vorschlag (ca. 1 Seite Konzept) jederzeit m\u00f6glich und herzlich willkommen. Kontakt: vorstand(\u00e4t)<a href=\"http:\/\/sfkp.ch\/\">sfkp.ch<\/a>.<\/p>\n<p>Um kunstp\u00e4dagogische Forschungsaktivit\u00e4ten in ihrer Heterogenit\u00e4t erfassen zu k\u00f6nnen, werden ebenso Open Calls wie auch thematische Setzungen lanciert, unterschiedliche Formen des Forschens adressiert sowie Gast-Herausgaben eingeladen. Die Ausgaben des e Journal Art Education Research der SFKP \/ SSPA werden durch den Vorstand und das Sekretariat begleitet. Die Beitr\u00e4ge k\u00f6nnen in deutscher, franz\u00f6sischer oder englischer Sprache erscheinen; die Abstracts der Beitr\u00e4ge sind nach M\u00f6glichkeit in zwei Sprachen verf\u00fcgbar.<\/p>\n<p>Das e Journal Art Education Research wurde 2010 am Institute for Art Education IAE an der Z\u00fcrcher Hochschule der K\u00fcnste ZHdK konzipiert, von Carmen M\u00f6rsch herausgegeben und von einem wissenschaftlichen Beirat begleitet. F\u00fcr die einzelnen Ausgaben zeichneten bis 2018 wechselnde Herausgeber*innen verantwortlich. Die ersten 15 Ausgaben des E-Journals Art Education Research werden im Archiv zur Verf\u00fcgung gestellt. Im Jahr 2019 hat die Schweizerische Fachgesellschaft f\u00fcr Kunstp\u00e4dagogik SFKP \/ SSPA das e Journal Art Education Research \u00fcbernommen.<\/p>\n","protected":false},"excerpt":{"rendered":"<p>Das e Journal Art Education Research ist Open Access und erscheint zweimal im Jahr. Es wird durch die Herausgeber*innen der jeweiligen Ausgaben peer reviewed. Ziel des e Journals Art Education Research der SFKP ist es, Forschung in der Kunstp\u00e4dagogik abzubilden, anzuregen, Akteur*innen miteinander ins Gespr\u00e4ch zu bringen und zu vernetzen \u2013 schweizweit und dar\u00fcber hinaus.<\/p>\n","protected":false},"featured_media":5612,"template":"","meta":[],"product_brand":[],"product_cat":[141,1514,269,1516,1014,667],"product_tag":[1672,1129],"class_list":{"0":"post-5608","1":"product","2":"type-product","3":"status-publish","4":"has-post-thumbnail","6":"product_cat-iae","7":"product_cat-e-publikationen","8":"product_cat-moersch-carmen","9":"product_cat-online-publikationen","10":"product_cat-open-access","11":"product_cat-zeitschriften-bulletins","12":"product_tag-kunstpaedagogik","13":"product_tag-zeitschrift","15":"first","16":"instock","17":"shipping-taxable","18":"product-type-external"},"_links":{"self":[{"href":"https:\/\/publikationen.zhdk.ch\/index.php?rest_route=\/wp\/v2\/product\/5608","targetHints":{"allow":["GET"]}}],"collection":[{"href":"https:\/\/publikationen.zhdk.ch\/index.php?rest_route=\/wp\/v2\/product"}],"about":[{"href":"https:\/\/publikationen.zhdk.ch\/index.php?rest_route=\/wp\/v2\/types\/product"}],"version-history":[{"count":4,"href":"https:\/\/publikationen.zhdk.ch\/index.php?rest_route=\/wp\/v2\/product\/5608\/revisions"}],"predecessor-version":[{"id":5698,"href":"https:\/\/publikationen.zhdk.ch\/index.php?rest_route=\/wp\/v2\/product\/5608\/revisions\/5698"}],"wp:featuredmedia":[{"embeddable":true,"href":"https:\/\/publikationen.zhdk.ch\/index.php?rest_route=\/wp\/v2\/media\/5612"}],"wp:attachment":[{"href":"https:\/\/publikationen.zhdk.ch\/index.php?rest_route=%2Fwp%2Fv2%2Fmedia&parent=5608"}],"wp:term":[{"taxonomy":"product_brand","embeddable":true,"href":"https:\/\/publikationen.zhdk.ch\/index.php?rest_route=%2Fwp%2Fv2%2Fproduct_brand&post=5608"},{"taxonomy":"product_cat","embeddable":true,"href":"https:\/\/publikationen.zhdk.ch\/index.php?rest_route=%2Fwp%2Fv2%2Fproduct_cat&post=5608"},{"taxonomy":"product_tag","embeddable":true,"href":"https:\/\/publikationen.zhdk.ch\/index.php?rest_route=%2Fwp%2Fv2%2Fproduct_tag&post=5608"}],"curies":[{"name":"wp","href":"https:\/\/api.w.org\/{rel}","templated":true}]}}