{"id":5565,"date":"2023-01-24T12:43:51","date_gmt":"2023-01-24T11:43:51","guid":{"rendered":"https:\/\/publikationen.zhdk.ch\/?post_type=product&#038;p=5565"},"modified":"2023-08-10T14:37:36","modified_gmt":"2023-08-10T12:37:36","slug":"maschinen-unter-druck","status":"publish","type":"product","link":"https:\/\/publikationen.zhdk.ch\/?product=maschinen-unter-druck","title":{"rendered":"Maschinen unter Druck | Kris Decker"},"content":{"rendered":"<p>Im Laufe eines Tages in der Werkstatt ist manches courant normal, aber es kann vorkommen, dass Dinge nicht klappen, steckenbleiben, wiederholt und \u00fcberdacht und nochmal von vorne gemacht werden. Gelegentlich funkt die Maschine hinein, ein Werkzeug tut nicht, was es soll, oder ein Material besteht auf seinem Eigensinn.<\/p>\n<p>Einige Papierb\u00f6gen haben die Maschine an diesem Tag passiert. Was dabei herauskommt, ist keineswegs ein Zufallsprodukt, aber auch nicht restlos planbar oder g\u00e4nzlich vorhersehbar. Mannigfaltig ineinander verwoben sind die Elemente, die diesen Prozess pr\u00e4gen, darunter die Vorarbeiten aus Stauchs Atelier, die Walzen der Maschine, der Stein mit seinen besonderen Materialeigenschaften, das \u00c4tzmittel, die Vorstellungen des K\u00fcnstlers, die Erfahrungen des Druckers, die Geschichte ihrer Zusammenarbeit, die Kunstgeschichte der Lithographie, die Werkstattrituale. Und, nicht zu vergessen: die Farbt\u00f6pfe, die Wolfensberger \u00f6ffnet und ihnen jene Substanzen entnimmt, f\u00fcr deren Eigenschaften er im Laufe seiner jahrzehntelangen T\u00e4tigkeit eine besondere Aufmerksamkeit entwickelt hat \u2013 Substanzen, die zu \u00dcberraschungen f\u00e4hig sind, sobald sie im Inneren der Maschine mit dem Papier in Ber\u00fchrung kommen. Auch wenn es Routine und Erfahrung gibt: Im Prinzip, sagt Wolfensberger, ist kein einziger Druckdurchgang wie der andere.<\/p>\n<p>ZHdK: Institute of Contemporary Art Research (IFCAR)<\/p>\n","protected":false},"excerpt":{"rendered":"<p>Sie beugen sich \u00fcber die Maschine, tragen auf und wischen ab, gehen vom Tisch, an dem die Farben gemischt werden, zu den auf dem Boden ausgebreiteten Drucken, beratschlagen \u00fcber das \u2039Cadillacblau\u203a (Stauch), vereinzeln sich wieder, modifizieren die Zusammensetzung der Farbe, verhandeln die Erzeugnisse aus dem n\u00e4chsten Durchgang, die provisorisch an eine Wand geh\u00e4ngt werden, und treffen pragmatische, \u00e4sthetische, konzeptionelle, handwerkliche Entscheidungen.<\/p>\n<p><a href=\"https:\/\/publikationen.zhdk.ch\/?product_cat=schriftenreihe-des-instituts-fuer-gegenwartskunst\">Schriftenreihe des Instituts f\u00fcr Gegenwartskunst<\/a> Band 28<\/p>\n<p>136 Seiten, Vexer, 2022<br \/>\nISBN 978-3-907112-59-5<\/p>\n","protected":false},"featured_media":5567,"template":"","meta":[],"product_brand":[],"product_cat":[145,1624,489],"product_tag":[1618,1622,1620],"class_list":{"0":"post-5565","1":"product","2":"type-product","3":"status-publish","4":"has-post-thumbnail","6":"product_cat-ifcar","7":"product_cat-decker-kris","8":"product_cat-schriftenreihe-des-instituts-fuer-gegenwartskunst","9":"product_tag-hand-on","10":"product_tag-printing","11":"product_tag-thomi-wolfensberger","13":"first","14":"instock","15":"shipping-taxable","16":"product-type-external"},"_links":{"self":[{"href":"https:\/\/publikationen.zhdk.ch\/index.php?rest_route=\/wp\/v2\/product\/5565","targetHints":{"allow":["GET"]}}],"collection":[{"href":"https:\/\/publikationen.zhdk.ch\/index.php?rest_route=\/wp\/v2\/product"}],"about":[{"href":"https:\/\/publikationen.zhdk.ch\/index.php?rest_route=\/wp\/v2\/types\/product"}],"version-history":[{"count":3,"href":"https:\/\/publikationen.zhdk.ch\/index.php?rest_route=\/wp\/v2\/product\/5565\/revisions"}],"predecessor-version":[{"id":6263,"href":"https:\/\/publikationen.zhdk.ch\/index.php?rest_route=\/wp\/v2\/product\/5565\/revisions\/6263"}],"wp:featuredmedia":[{"embeddable":true,"href":"https:\/\/publikationen.zhdk.ch\/index.php?rest_route=\/wp\/v2\/media\/5567"}],"wp:attachment":[{"href":"https:\/\/publikationen.zhdk.ch\/index.php?rest_route=%2Fwp%2Fv2%2Fmedia&parent=5565"}],"wp:term":[{"taxonomy":"product_brand","embeddable":true,"href":"https:\/\/publikationen.zhdk.ch\/index.php?rest_route=%2Fwp%2Fv2%2Fproduct_brand&post=5565"},{"taxonomy":"product_cat","embeddable":true,"href":"https:\/\/publikationen.zhdk.ch\/index.php?rest_route=%2Fwp%2Fv2%2Fproduct_cat&post=5565"},{"taxonomy":"product_tag","embeddable":true,"href":"https:\/\/publikationen.zhdk.ch\/index.php?rest_route=%2Fwp%2Fv2%2Fproduct_tag&post=5565"}],"curies":[{"name":"wp","href":"https:\/\/api.w.org\/{rel}","templated":true}]}}