{"id":5496,"date":"2022-12-13T11:52:28","date_gmt":"2022-12-13T10:52:28","guid":{"rendered":"https:\/\/publikationen.zhdk.ch\/?post_type=product&#038;p=5496"},"modified":"2022-12-13T12:05:09","modified_gmt":"2022-12-13T11:05:09","slug":"cas-contemporary-chinese-art","status":"publish","type":"product","link":"https:\/\/publikationen.zhdk.ch\/?product=cas-contemporary-chinese-art","title":{"rendered":"CAS Contemporary Chinese Art I: Executive Education on Global Culture |  Franz Kraehenbuehl, Barbara Preisig, Michael Schindhelm"},"content":{"rendered":"<p>Die exemplarische Fallstudie beschreibt aktuelle Tendenzen und Mechanismen der chinesischen Gegenwartskunst und des globalisierten Kunstbetriebs. Gegenstand der Analyse sind die Beziehungsstrukturen zwischen Personen, Institutionen, Fachdiskursen und Kunstmarkt sowie die vielf\u00e4ltigen (reziproken) Einflussnahmen des CCAA. Welche Rolle spielte der CCAA f\u00fcr die Zirkulation von in China lebenden K\u00fcnstler:innen im zunehmend globalisierten Kunstfeld? Wie wirkte sich die Lancierung und Promotion des Awards auf die Pr\u00e4sentation und Rezeption chinesischer Gegenwartskunst in Europa aus? \u00dcber die kunstwissenschaftlich-ethnografische Fallstudie gelang es, die Fragen zu differenzieren und ansatzweise zu beantworten.<\/p>\n<p>ZHdK: <span id=\"page491R_mcid4471\" class=\"markedContent\"><span dir=\"ltr\" role=\"presentation\">Zentrum Weiterbildung<\/span><\/span><span id=\"page491R_mcid4472\" class=\"markedContent\"> (<span dir=\"ltr\" role=\"presentation\">CAS Chinese Contemporary Art I<\/span><\/span><span id=\"page491R_mcid4473\" class=\"markedContent\">) in Zusammenarbeit mit dem<span dir=\"ltr\" role=\"presentation\"> Institute for Contemporary Art Research IFCAR<\/span><\/span><\/p>\n","protected":false},"excerpt":{"rendered":"<p><span dir=\"auto\">Das von Franz Kraehenbuehl, Barbara Preisig und Michael Schindhelm konzipierte Handbuch besteht aus drei Hauptteilen: Erstens beleuchten sechs Essays von Kraehenbuehl und Preisig die Geschichte des Chinese Contemporary Art Award (CCAA). Zweitens gibt der Reader einen \u00dcberblick \u00fcber die Netzwerke rund um die Sigg Collection, eine vom Schweizer Sammler Uli Sigg zusammengetragene Sammlung zeitgen\u00f6ssischer chinesischer Kunst. Schlie\u00dflich sprechen K\u00fcnstler und Funktion\u00e4re in einer Reihe von elf Interviews \u00fcber die Entwicklung der zeitgen\u00f6ssischen chinesischen Kunst.<\/span><\/p>\n<p>126 Seiten, ZHdK, 2015<\/p>\n","protected":false},"featured_media":5498,"template":"","meta":[],"product_brand":[],"product_cat":[145,221,1514,1656,1014,1549,1476,875],"product_tag":[1664,1660,1666,1662],"class_list":{"0":"post-5496","1":"product","2":"type-product","3":"status-publish","4":"has-post-thumbnail","6":"product_cat-ifcar","7":"product_cat-e-books","8":"product_cat-e-publikationen","9":"product_cat-kraehenbuehl-franz","10":"product_cat-open-access","11":"product_cat-preisig-barbara","12":"product_cat-schindhelm-michael","13":"product_cat-weiterbildung","14":"product_tag-chinese-contemporary-art-award","15":"product_tag-chinesische-kunst","16":"product_tag-sigg-collection","17":"product_tag-zeitgenoessische-kunst","19":"first","20":"instock","21":"shipping-taxable","22":"product-type-external"},"_links":{"self":[{"href":"https:\/\/publikationen.zhdk.ch\/index.php?rest_route=\/wp\/v2\/product\/5496","targetHints":{"allow":["GET"]}}],"collection":[{"href":"https:\/\/publikationen.zhdk.ch\/index.php?rest_route=\/wp\/v2\/product"}],"about":[{"href":"https:\/\/publikationen.zhdk.ch\/index.php?rest_route=\/wp\/v2\/types\/product"}],"version-history":[{"count":4,"href":"https:\/\/publikationen.zhdk.ch\/index.php?rest_route=\/wp\/v2\/product\/5496\/revisions"}],"predecessor-version":[{"id":5508,"href":"https:\/\/publikationen.zhdk.ch\/index.php?rest_route=\/wp\/v2\/product\/5496\/revisions\/5508"}],"wp:featuredmedia":[{"embeddable":true,"href":"https:\/\/publikationen.zhdk.ch\/index.php?rest_route=\/wp\/v2\/media\/5498"}],"wp:attachment":[{"href":"https:\/\/publikationen.zhdk.ch\/index.php?rest_route=%2Fwp%2Fv2%2Fmedia&parent=5496"}],"wp:term":[{"taxonomy":"product_brand","embeddable":true,"href":"https:\/\/publikationen.zhdk.ch\/index.php?rest_route=%2Fwp%2Fv2%2Fproduct_brand&post=5496"},{"taxonomy":"product_cat","embeddable":true,"href":"https:\/\/publikationen.zhdk.ch\/index.php?rest_route=%2Fwp%2Fv2%2Fproduct_cat&post=5496"},{"taxonomy":"product_tag","embeddable":true,"href":"https:\/\/publikationen.zhdk.ch\/index.php?rest_route=%2Fwp%2Fv2%2Fproduct_tag&post=5496"}],"curies":[{"name":"wp","href":"https:\/\/api.w.org\/{rel}","templated":true}]}}