{"id":5466,"date":"2022-11-21T11:27:35","date_gmt":"2022-11-21T10:27:35","guid":{"rendered":"https:\/\/publikationen.zhdk.ch\/?post_type=product&#038;p=5466"},"modified":"2023-01-24T13:57:40","modified_gmt":"2023-01-24T12:57:40","slug":"wind-tunnel-deck","status":"publish","type":"product","link":"https:\/\/publikationen.zhdk.ch\/?product=wind-tunnel-deck","title":{"rendered":"Wind Tunnel Deck | Florian Dombois, Marlene Wenger (eds.)"},"content":{"rendered":"<p>Les sp\u00e9culations sur l\u2019ambigu\u00eft\u00e9 des \u0153uvres d\u2019art et leur potentiel \u00e0 se tisser dans diff\u00e9rents horizons de sens sont multiples et fr\u00e9quentes. Le pr\u00e9sent jeu de cartes prend cette observation au s\u00e9rieux. Il donne la parole aux concepts, forces, acteur.es, artefacts et happenings qui op\u00e8rent autour de <em>Soufflerie<\/em> de Florian Dombois et de son groupe de recherche \u00e0 la Haute \u00e9cole des arts de Zurich depuis 2012, et se concentre sur leurs potentiels encore ouverts. Ainsi, chaque carte est un espace de possibilit\u00e9. <em>Wind Tunnel Deck<\/em> est un projet \u00e9volutif et sera d\u00e9clin\u00e9 dans diff\u00e9rents formats, toujours en collaboration entre le ZHdK et art&amp;fiction.<\/p>\n<p>ZHdK: Forschungsschwerpunkt Transdisziplinarit\u00e4t<\/p>\n","protected":false},"excerpt":{"rendered":"<p>Die Spekulationen \u00fcber die Mehrdeutigkeit von Kunstwerken und deren Potenzial, sich in verschiedene Bedeutungshorizonte einzuweben, sind vielf\u00e4ltig und zahlreich. Das \u00abWind Tunnel Deck\u00bb-Kartenspiel nimmt diese Beobachtung ernst. Es gibt den Konzepten, Kr\u00e4ften, Akteur:innen, Artefakten und Happenings, die seit 2012 rund um den Wind Tunnel von Florian Dombois und seiner Forschungsgruppe an der ZHdK operieren, eine Stimme und fokussiert ihre noch offenen Potenziale.<\/p>\n<p>56 Karten, art&amp;fiction, 2022<br \/>\nISBN 978-2-88964-042-3<\/p>\n<table class=\"attributs_produits infobox-produits\">\n<tbody>\n<tr class=\"woocommerce-product-attributes-item woocommerce-product-attributes-item--attribute_pa_isbn\">\n<th class=\"woocommerce-product-attributes-item__label\"><\/th>\n<td class=\"woocommerce-product-attributes-item__value\"><\/td>\n<\/tr>\n<\/tbody>\n<\/table>\n","protected":false},"featured_media":5470,"template":"","meta":[],"product_brand":[],"product_cat":[367,159,871],"product_tag":[627,1648,1646],"class_list":{"0":"post-5466","1":"product","2":"type-product","3":"status-publish","4":"has-post-thumbnail","6":"product_cat-dombois-florian","7":"product_cat-fspt","8":"product_cat-zhdk","9":"product_tag-kunst","10":"product_tag-metapher","11":"product_tag-wissenschaft","13":"first","14":"instock","15":"shipping-taxable","16":"product-type-external"},"_links":{"self":[{"href":"https:\/\/publikationen.zhdk.ch\/index.php?rest_route=\/wp\/v2\/product\/5466","targetHints":{"allow":["GET"]}}],"collection":[{"href":"https:\/\/publikationen.zhdk.ch\/index.php?rest_route=\/wp\/v2\/product"}],"about":[{"href":"https:\/\/publikationen.zhdk.ch\/index.php?rest_route=\/wp\/v2\/types\/product"}],"version-history":[{"count":4,"href":"https:\/\/publikationen.zhdk.ch\/index.php?rest_route=\/wp\/v2\/product\/5466\/revisions"}],"predecessor-version":[{"id":5589,"href":"https:\/\/publikationen.zhdk.ch\/index.php?rest_route=\/wp\/v2\/product\/5466\/revisions\/5589"}],"wp:featuredmedia":[{"embeddable":true,"href":"https:\/\/publikationen.zhdk.ch\/index.php?rest_route=\/wp\/v2\/media\/5470"}],"wp:attachment":[{"href":"https:\/\/publikationen.zhdk.ch\/index.php?rest_route=%2Fwp%2Fv2%2Fmedia&parent=5466"}],"wp:term":[{"taxonomy":"product_brand","embeddable":true,"href":"https:\/\/publikationen.zhdk.ch\/index.php?rest_route=%2Fwp%2Fv2%2Fproduct_brand&post=5466"},{"taxonomy":"product_cat","embeddable":true,"href":"https:\/\/publikationen.zhdk.ch\/index.php?rest_route=%2Fwp%2Fv2%2Fproduct_cat&post=5466"},{"taxonomy":"product_tag","embeddable":true,"href":"https:\/\/publikationen.zhdk.ch\/index.php?rest_route=%2Fwp%2Fv2%2Fproduct_tag&post=5466"}],"curies":[{"name":"wp","href":"https:\/\/api.w.org\/{rel}","templated":true}]}}