{"id":5396,"date":"2022-09-15T15:31:45","date_gmt":"2022-09-15T13:31:45","guid":{"rendered":"https:\/\/publikationen.zhdk.ch\/?post_type=product&#038;p=5396"},"modified":"2023-02-02T14:42:08","modified_gmt":"2023-02-02T13:42:08","slug":"ich-wir-digitalitaet-e-book-pdf","status":"publish","type":"product","link":"https:\/\/publikationen.zhdk.ch\/?product=ich-wir-digitalitaet-e-book-pdf","title":{"rendered":"Ich, wir &amp; Digitalit\u00e4t. Eine ethische Auseinandersetzung | Charlotte Axelsson (Hg.) [E-Book PDF]"},"content":{"rendered":"<p>Die Workshop-Reihe \u00abIch, wir &amp; Digitalit\u00e4t\u00bb der Z\u00fcrcher Hochschule der K\u00fcnste mit dem Thema der menschlichen und k\u00fcnstlichen Intelligenz in den K\u00fcnsten und im Design betrifft uns alle. Es tangiert Aspekte wie die Beeinflussung des eigenen Verhaltens durch Dark Patterns, die gewollte und ungewollte Erhebung unserer Daten, die bewusste oder unbewusste Diskriminierung, beispielsweise durch k\u00fcnstliche Intelligenz (KI), aber auch die Problematik von Fake News in den sozialen Netzwerken und die damit verbundene Beeinflussung von Meinungen und Wahlen. Die vorliegende Dokumentation wurde als Guide gestaltet. Sie pr\u00e4sentiert einen Pfad, den jeder und jede selber mitgestalten kann.<\/p>\n<div data-canvas-width=\"62.07083310291566\">Beteiligte:<\/div>\n<div data-canvas-width=\"326.30381602448466\">Charlotte Axelsson, Programm Digital Skills &amp; Spaces ZHdK<\/div>\n<div data-canvas-width=\"313.9538400571594\">Renato Soldenhoff, Programm Digital Skills &amp; Space ZHdK<\/div>\n<div data-canvas-width=\"373.6648835031511\">Lea Strohm und Zora Schmid, ethix \u2013 Lab f\u00fcr Innovationseth<\/div>\n<div data-canvas-width=\"373.6648835031511\"><\/div>\n<p>Als Buch, PDF oder ePub erh\u00e4ltlich.<\/p>\n<p>ZHdK: Programm Digital Skills &amp; Spaces<\/p>\n","protected":false},"excerpt":{"rendered":"<p>Eine Dokumentation der 4-teiligen Workshop-Reihe aus dem Programm Digital Skills &amp; Spaces der ZHDK, Z\u00fcrcher Hochschule der K\u00fcnste, in Zusammenarbeit mit ethix \u2013 Lab f\u00fcr Innovationsethik (Januar bis M\u00e4rz 2021).<\/p>\n<p>40 Seiten, buch&amp;netz, 2021<br \/>\nISBN 978-3-03805-490-0 (PDF)<br \/>\n978-3-03805-491-7 (ePub)<\/p>\n","protected":false},"featured_media":5400,"template":"","meta":[],"product_brand":[],"product_cat":[1616,221,1514,1014],"product_tag":[821,970,1612,1614],"class_list":{"0":"post-5396","1":"product","2":"type-product","3":"status-publish","4":"has-post-thumbnail","6":"product_cat-axelsson-charlotte","7":"product_cat-e-books","8":"product_cat-e-publikationen","9":"product_cat-open-access","10":"product_tag-design","11":"product_tag-digitalitaet","12":"product_tag-fake-news","13":"product_tag-kuenste","15":"first","16":"instock","17":"shipping-taxable","18":"product-type-external"},"_links":{"self":[{"href":"https:\/\/publikationen.zhdk.ch\/index.php?rest_route=\/wp\/v2\/product\/5396","targetHints":{"allow":["GET"]}}],"collection":[{"href":"https:\/\/publikationen.zhdk.ch\/index.php?rest_route=\/wp\/v2\/product"}],"about":[{"href":"https:\/\/publikationen.zhdk.ch\/index.php?rest_route=\/wp\/v2\/types\/product"}],"version-history":[{"count":3,"href":"https:\/\/publikationen.zhdk.ch\/index.php?rest_route=\/wp\/v2\/product\/5396\/revisions"}],"predecessor-version":[{"id":5412,"href":"https:\/\/publikationen.zhdk.ch\/index.php?rest_route=\/wp\/v2\/product\/5396\/revisions\/5412"}],"wp:featuredmedia":[{"embeddable":true,"href":"https:\/\/publikationen.zhdk.ch\/index.php?rest_route=\/wp\/v2\/media\/5400"}],"wp:attachment":[{"href":"https:\/\/publikationen.zhdk.ch\/index.php?rest_route=%2Fwp%2Fv2%2Fmedia&parent=5396"}],"wp:term":[{"taxonomy":"product_brand","embeddable":true,"href":"https:\/\/publikationen.zhdk.ch\/index.php?rest_route=%2Fwp%2Fv2%2Fproduct_brand&post=5396"},{"taxonomy":"product_cat","embeddable":true,"href":"https:\/\/publikationen.zhdk.ch\/index.php?rest_route=%2Fwp%2Fv2%2Fproduct_cat&post=5396"},{"taxonomy":"product_tag","embeddable":true,"href":"https:\/\/publikationen.zhdk.ch\/index.php?rest_route=%2Fwp%2Fv2%2Fproduct_tag&post=5396"}],"curies":[{"name":"wp","href":"https:\/\/api.w.org\/{rel}","templated":true}]}}