{"id":5386,"date":"2022-09-15T14:52:01","date_gmt":"2022-09-15T12:52:01","guid":{"rendered":"https:\/\/publikationen.zhdk.ch\/?post_type=product&#038;p=5386"},"modified":"2023-08-10T10:57:01","modified_gmt":"2023-08-10T08:57:01","slug":"der-schauspieler-ist-das-theater","status":"publish","type":"product","link":"https:\/\/publikationen.zhdk.ch\/?product=der-schauspieler-ist-das-theater","title":{"rendered":"Der Schauspieler ist das Theater | Michael Tschechow"},"content":{"rendered":"<div data-canvas-width=\"425.411886530121\">\n<p>Herausgegeben von Anton Rey und Ulrich Meyer-Horrsch<br \/>\nMit einem Nachwort von Lionel Walsh<br \/>\nDeutsch von Michael Raab<\/p>\n<\/div>\n<p>ZHdK: <span class=\"header-tagline \">Institute for the Performing Arts and Film<\/span><\/p>\n","protected":false},"excerpt":{"rendered":"<p>New Yorker Vortr\u00e4ge 1942<\/p>\n<p>Noch vor der englischsprachigen Ver\u00f6ffentlichung erscheinen Tschechows Vortr\u00e4ge f\u00fcr Schauspieler:innen, die er 1942 in den USA hielt, hier erstmals in Buchform: <em>\u00dcber die Kunst des Schauspielers und des Theaters, Hamlet und Hitler, Michelangelo, K\u00f6nig Lear, Grock, der Clown und \u00fcber den Schauspieler der Zukunft.<\/em><\/p>\n<p><a href=\"https:\/\/publikationen.zhdk.ch\/?product_cat=subtexte\">subTexte<\/a> 26<\/p>\n<p>128 Seiten, Alexander Verlag, 2022<br \/>\nISBN 978-3-89581-567-6<\/p>\n<p>&nbsp;<\/p>\n","protected":false},"featured_media":5390,"template":"","meta":[],"product_brand":[],"product_cat":[157,289,243,569,575],"product_tag":[1458,947,473],"class_list":{"0":"post-5386","1":"product","2":"type-product","3":"status-publish","4":"has-post-thumbnail","6":"product_cat-ipf","7":"product_cat-reihen","8":"product_cat-rey-anton","9":"product_cat-subtexte","10":"product_cat-tschechow-michael","11":"product_tag-performative-kunst","12":"product_tag-schauspiel","13":"product_tag-theater","15":"first","16":"instock","17":"shipping-taxable","18":"product-type-external"},"_links":{"self":[{"href":"https:\/\/publikationen.zhdk.ch\/index.php?rest_route=\/wp\/v2\/product\/5386","targetHints":{"allow":["GET"]}}],"collection":[{"href":"https:\/\/publikationen.zhdk.ch\/index.php?rest_route=\/wp\/v2\/product"}],"about":[{"href":"https:\/\/publikationen.zhdk.ch\/index.php?rest_route=\/wp\/v2\/types\/product"}],"version-history":[{"count":2,"href":"https:\/\/publikationen.zhdk.ch\/index.php?rest_route=\/wp\/v2\/product\/5386\/revisions"}],"predecessor-version":[{"id":5953,"href":"https:\/\/publikationen.zhdk.ch\/index.php?rest_route=\/wp\/v2\/product\/5386\/revisions\/5953"}],"wp:featuredmedia":[{"embeddable":true,"href":"https:\/\/publikationen.zhdk.ch\/index.php?rest_route=\/wp\/v2\/media\/5390"}],"wp:attachment":[{"href":"https:\/\/publikationen.zhdk.ch\/index.php?rest_route=%2Fwp%2Fv2%2Fmedia&parent=5386"}],"wp:term":[{"taxonomy":"product_brand","embeddable":true,"href":"https:\/\/publikationen.zhdk.ch\/index.php?rest_route=%2Fwp%2Fv2%2Fproduct_brand&post=5386"},{"taxonomy":"product_cat","embeddable":true,"href":"https:\/\/publikationen.zhdk.ch\/index.php?rest_route=%2Fwp%2Fv2%2Fproduct_cat&post=5386"},{"taxonomy":"product_tag","embeddable":true,"href":"https:\/\/publikationen.zhdk.ch\/index.php?rest_route=%2Fwp%2Fv2%2Fproduct_tag&post=5386"}],"curies":[{"name":"wp","href":"https:\/\/api.w.org\/{rel}","templated":true}]}}