{"id":5364,"date":"2022-07-07T11:40:41","date_gmt":"2022-07-07T09:40:41","guid":{"rendered":"https:\/\/publikationen.zhdk.ch\/?post_type=product&#038;p=5364"},"modified":"2024-07-12T09:31:06","modified_gmt":"2024-07-12T07:31:06","slug":"kontext-sterben","status":"publish","type":"product","link":"https:\/\/publikationen.zhdk.ch\/?product=kontext-sterben","title":{"rendered":"Kontext Sterben | Corina Caduff, Minou Afzali, Francis M\u00fcller, Eva Soom-Ammann (Hg.)"},"content":{"rendered":"<p>Die Designperspektive zeigt, welchen Beitrag die Gestaltung von Dingen und R\u00e4umen f\u00fcr die Lebensqualit\u00e4t von Sterbenden leistet. Die Texte thematisieren einerseits die Erfahrungen von Sterbenden und ihren Angeh\u00f6rigen, analysieren andererseits Institutionen und Strukturen f\u00fcr das Sterben wie Hospize, Pflegeheime und Palliative Care im Krankenhaus. Zum Dritten befassen sie sich mit Fachpersonen, die in solchen Einrichtungen t\u00e4tig sind als Pflegende, Seelsorgende oder in anderer Weise. Neun Beitr\u00e4ge von Autorinnen und Autoren aus der Schweiz und Deutschland erkunden die gegenw\u00e4rtigen Formen institutionalisierten Sterbens aus den Blickwinkeln von Medizin, Theologie, Soziologie, Design, Kulturwissenschaft und Pflegewissenschaften.<\/p>\n<p>Mit Beitr\u00e4gen von Thorsten Benkel &amp; Matthias Meitzler, Corina Caduff, Roland Kunz, Settimio Monteverde, Francis M\u00fcller &amp; Gaudenz Metzger, Karin Oechsle &amp; Anneke Ullrich, Simon Peng-Keller, Eva Soom Ammann &amp; Julia Rehsmann, Bitten Stetter, Eva Wandeler, Stefan Zahler<\/p>\n<p>ZHdK: Institut f\u00fcr Designforschung (IDE), Forschungsschwerpunkt FRTI Trends &amp; Identity<\/p>\n","protected":false},"excerpt":{"rendered":"<p>Institutionen &#8211; Strukturen &#8211; Beteiligte<\/p>\n<p>In der heutigen Gesellschaft l\u00e4sst sich ein wachsendes Interesse am Lebensende, am Sterben und am Tod beobachten. Erfahrungen mit unheilbaren Krankheiten und mit der professionellen Begleitung des Lebensendes durch Palliative Care werden zunehmend in den Medien besprochen und r\u00fccken ins Blickfeld der \u00d6ffentlichkeit wie auch verschiedener Forschungsrichtungen. Die Texte dieses Sammelbandes verschr\u00e4nken bisher getrennte Fachperspektiven auf das Thema zu einem innovativen, interdisziplin\u00e4ren Zugang.<\/p>\n<p>210 Seiten, Scheidegger &amp; Spiess, 2022<br \/>\nISBN (Print): 978-3-03942-050-6<br \/>\nISBN (Open Access): 978-3-03942-098-8<\/p>\n","protected":false},"featured_media":5370,"template":"","meta":[],"product_brand":[],"product_cat":[1608,361,153,917,1610],"product_tag":[1602,1604,1606],"class_list":{"0":"post-5364","1":"product","2":"type-product","3":"status-publish","4":"has-post-thumbnail","6":"product_cat-afzali-minou","7":"product_cat-caduff-corinna","8":"product_cat-design","9":"product_cat-mueller-francis","10":"product_cat-eva-soom-ammann","11":"product_tag-designforschung","12":"product_tag-sterbe-settings","13":"product_tag-tod","15":"first","16":"instock","17":"shipping-taxable","18":"product-type-external"},"_links":{"self":[{"href":"https:\/\/publikationen.zhdk.ch\/index.php?rest_route=\/wp\/v2\/product\/5364","targetHints":{"allow":["GET"]}}],"collection":[{"href":"https:\/\/publikationen.zhdk.ch\/index.php?rest_route=\/wp\/v2\/product"}],"about":[{"href":"https:\/\/publikationen.zhdk.ch\/index.php?rest_route=\/wp\/v2\/types\/product"}],"version-history":[{"count":5,"href":"https:\/\/publikationen.zhdk.ch\/index.php?rest_route=\/wp\/v2\/product\/5364\/revisions"}],"predecessor-version":[{"id":6433,"href":"https:\/\/publikationen.zhdk.ch\/index.php?rest_route=\/wp\/v2\/product\/5364\/revisions\/6433"}],"wp:featuredmedia":[{"embeddable":true,"href":"https:\/\/publikationen.zhdk.ch\/index.php?rest_route=\/wp\/v2\/media\/5370"}],"wp:attachment":[{"href":"https:\/\/publikationen.zhdk.ch\/index.php?rest_route=%2Fwp%2Fv2%2Fmedia&parent=5364"}],"wp:term":[{"taxonomy":"product_brand","embeddable":true,"href":"https:\/\/publikationen.zhdk.ch\/index.php?rest_route=%2Fwp%2Fv2%2Fproduct_brand&post=5364"},{"taxonomy":"product_cat","embeddable":true,"href":"https:\/\/publikationen.zhdk.ch\/index.php?rest_route=%2Fwp%2Fv2%2Fproduct_cat&post=5364"},{"taxonomy":"product_tag","embeddable":true,"href":"https:\/\/publikationen.zhdk.ch\/index.php?rest_route=%2Fwp%2Fv2%2Fproduct_tag&post=5364"}],"curies":[{"name":"wp","href":"https:\/\/api.w.org\/{rel}","templated":true}]}}