{"id":5353,"date":"2022-06-01T12:16:35","date_gmt":"2022-06-01T10:16:35","guid":{"rendered":"https:\/\/publikationen.zhdk.ch\/?post_type=product&#038;p=5353"},"modified":"2024-08-31T09:54:51","modified_gmt":"2024-08-31T07:54:51","slug":"nachtschichten-e-book-pdf","status":"publish","type":"product","link":"https:\/\/publikationen.zhdk.ch\/?product=nachtschichten-e-book-pdf","title":{"rendered":"Nachtschichten. Radioarbeiten | J\u00f6rg K\u00f6ppl (Hg.) [E-Book PDF]"},"content":{"rendered":"<p>Werkbeschreibungen geben die wichtigsten Informationen zu Konstruktion und Inhalt der Werke, die Bildbeitr\u00e4ge vermitteln einen Eindruck von den Arbeitsprozessen. Die Publikation enth\u00e4lt dar\u00fcber hinaus vier Aufs\u00e4tze, die die Radioarbeiten unter verschiedenen Gesichtpunkten er\u00f6rtern und in k\u00fcnstlerische sowie theoretische Zusammenh\u00e4nge stellen.<\/p>\n<p>Autoren: Volker B\u00f6hm, J\u00f6rg K\u00f6ppl, Tabea Lurk und Salom\u00e9 Voegelin (dt.\/engl.)<\/p>\n<p>K\u00fcnstler: Stini Arn, Jackie Bruce, Mirjam B\u00fcrgin, Benjamin Federer, Karen Geyer, Anja Kaufmann, J\u00f6rg K\u00f6ppl, Jos\u00e9 J. Navarro, Philipp Schaufelberger, Lorenz Schuster und Ana Strika<\/p>\n<p>ZHdK: Institute for Contemporary Art Research (IFCAR)<\/p>\n<p>&nbsp;<\/p>\n<p>&nbsp;<\/p>\n","protected":false},"excerpt":{"rendered":"<p>Im Zentrum der Publikation Nachtschichten stehen elf Audiokunstwerke, die im Rahmen des Forschungsprojekts NOW II an der Z\u00fcrcher Hochschule der K\u00fcnste von elf K\u00fcnstlerinnen und K\u00fcnstlern entwickelt und 2006 von Radio LoRa in Z\u00fcrich ausgestrahlt wurden. Die Beitr\u00e4ge erkunden neue Methoden und Techniken, um mit extrem langen Werk- und Sendedauern k\u00fcnstlerisch operieren zu k\u00f6nnen. Die drei CDs, die in der Print-Ausgabe\u00a0 enthalten sind, enthalten repr\u00e4sentative Ausschnitte der Radioarbeiten. (dt.\/engl.)<\/p>\n<p><a href=\"https:\/\/publikationen.zhdk.ch\/?product_cat=schriftenreihe-des-instituts-fuer-gegenwartskunst\">Schriftenreihe des Instituts f\u00fcr Gegenwartskunst<\/a> Band 3<\/p>\n<p>116 Seiten, Fink, 2008<br \/>\nISBN 978-3-0-3746128-0<\/p>\n","protected":false},"featured_media":1787,"template":"","meta":[],"product_brand":[],"product_cat":[145,221,1514,513,1014,489],"product_tag":[911,913,909],"class_list":{"0":"post-5353","1":"product","2":"type-product","3":"status-publish","4":"has-post-thumbnail","6":"product_cat-ifcar","7":"product_cat-e-books","8":"product_cat-e-publikationen","9":"product_cat-koeppl-joerg","10":"product_cat-open-access","11":"product_cat-schriftenreihe-des-instituts-fuer-gegenwartskunst","12":"product_tag-audiokunst","13":"product_tag-cd","14":"product_tag-radio","16":"first","17":"instock","18":"shipping-taxable","19":"product-type-external"},"_links":{"self":[{"href":"https:\/\/publikationen.zhdk.ch\/index.php?rest_route=\/wp\/v2\/product\/5353","targetHints":{"allow":["GET"]}}],"collection":[{"href":"https:\/\/publikationen.zhdk.ch\/index.php?rest_route=\/wp\/v2\/product"}],"about":[{"href":"https:\/\/publikationen.zhdk.ch\/index.php?rest_route=\/wp\/v2\/types\/product"}],"version-history":[{"count":3,"href":"https:\/\/publikationen.zhdk.ch\/index.php?rest_route=\/wp\/v2\/product\/5353\/revisions"}],"predecessor-version":[{"id":6455,"href":"https:\/\/publikationen.zhdk.ch\/index.php?rest_route=\/wp\/v2\/product\/5353\/revisions\/6455"}],"wp:featuredmedia":[{"embeddable":true,"href":"https:\/\/publikationen.zhdk.ch\/index.php?rest_route=\/wp\/v2\/media\/1787"}],"wp:attachment":[{"href":"https:\/\/publikationen.zhdk.ch\/index.php?rest_route=%2Fwp%2Fv2%2Fmedia&parent=5353"}],"wp:term":[{"taxonomy":"product_brand","embeddable":true,"href":"https:\/\/publikationen.zhdk.ch\/index.php?rest_route=%2Fwp%2Fv2%2Fproduct_brand&post=5353"},{"taxonomy":"product_cat","embeddable":true,"href":"https:\/\/publikationen.zhdk.ch\/index.php?rest_route=%2Fwp%2Fv2%2Fproduct_cat&post=5353"},{"taxonomy":"product_tag","embeddable":true,"href":"https:\/\/publikationen.zhdk.ch\/index.php?rest_route=%2Fwp%2Fv2%2Fproduct_tag&post=5353"}],"curies":[{"name":"wp","href":"https:\/\/api.w.org\/{rel}","templated":true}]}}