{"id":5331,"date":"2022-06-01T11:31:56","date_gmt":"2022-06-01T09:31:56","guid":{"rendered":"https:\/\/publikationen.zhdk.ch\/?post_type=product&#038;p=5331"},"modified":"2023-08-10T11:07:05","modified_gmt":"2023-08-10T09:07:05","slug":"minor-cinema-e-book-pdf","status":"publish","type":"product","link":"https:\/\/publikationen.zhdk.ch\/?product=minor-cinema-e-book-pdf","title":{"rendered":"Minor Cinema: Experimenteller Film in der Schweiz | Fran\u00e7ois Bovier, Adeena Mey, Thomas Sch\u00e4rer, Fred Truniger (eds.) [E-Book PDF]"},"content":{"rendered":"<p>With essays by Renate Buschmann, Gabriel Fl\u00fcckiger, Michael Hiltbrunner, Ute Holl, Simon Koenig, Thilo Koenig, Vr\u00e4\u00e4th Ohner, Thomas Sch\u00e4rer, Fred Truniger.<\/p>\n<p>The publication was preceded by the research project \u00ab<a href=\"https:\/\/www.zhdk.ch\/forschungsprojekt\/schweizer-filmexperimente-1950--1988-426732\" target=\"_blank\" rel=\"noopener noreferrer\">Swiss Film Experiments 1950-1988<\/a>\u00bb, which was funded by the Swiss National Science Foundation and the following exhibition \u00abFilm Implosion! Experiments in Swiss Cinema and Moving Image\u00bb at FriArt, Kunsthalle Fribourg and the Museum f\u00fcr Gestaltung in Z\u00fcrich.<\/p>\n","protected":false},"excerpt":{"rendered":"<p>The comprehensive theoretical book, traces the evolution of Swiss experimental film addressing the relationships between contemporary art and underground movies, formal and amateur films, video, expanded cinema, and performances, national scene and international influences, with a special focus on how art schools and festivals were decisive for its development.<\/p>\n<p>An attempt to offer an overview of the development of Swiss experimental film practices, it includes essays, among other key protagonists and spaces of diffusion, on Robert Beavers and Gregory Markopoulos, Peter Liechti, Hans Helmut Klaus Schoenherr, Clemens Klopfenstein, the role of cinema at the Kunstalle Bern during Harald Szeemann\u2019s curatorship, Annette Michelson, Tony Morgan, and Kurt Blum.<\/p>\n<p>This pdf is a shortened version of the book Minor Cinema: Experimental Film in Switzerland published by JRP|Editions in 2020. It contains the texts originally written in German and translated for the English edition.<\/p>\n<p><a href=\"https:\/\/publikationen.zhdk.ch\/?product_cat=subtexte\">subTexte<\/a> 18<\/p>\n<p>384 pages, jrp|editions , 2020<br \/>\nISBN <span class=\"texteb2\">978-3-03764-550-5<\/span><\/p>\n<p>&nbsp;<\/p>\n","protected":false},"featured_media":5333,"template":"","meta":[],"product_brand":[],"product_cat":[1199,221,1514,1201,1014,157,591,569,1197],"product_tag":[1195,619,805,621],"class_list":{"0":"post-5331","1":"product","2":"type-product","3":"status-publish","4":"has-post-thumbnail","6":"product_cat-bovier-francois","7":"product_cat-e-books","8":"product_cat-e-publikationen","9":"product_cat-mey-adeena","10":"product_cat-open-access","11":"product_cat-ipf","12":"product_cat-schaerer-thomas","13":"product_cat-subtexte","14":"product_cat-truniger-fred","15":"product_tag-experimantalfilm","16":"product_tag-film","17":"product_tag-forschungsprojekt","18":"product_tag-schweiz","20":"first","21":"instock","22":"shipping-taxable","23":"product-type-external"},"_links":{"self":[{"href":"https:\/\/publikationen.zhdk.ch\/index.php?rest_route=\/wp\/v2\/product\/5331","targetHints":{"allow":["GET"]}}],"collection":[{"href":"https:\/\/publikationen.zhdk.ch\/index.php?rest_route=\/wp\/v2\/product"}],"about":[{"href":"https:\/\/publikationen.zhdk.ch\/index.php?rest_route=\/wp\/v2\/types\/product"}],"version-history":[{"count":2,"href":"https:\/\/publikationen.zhdk.ch\/index.php?rest_route=\/wp\/v2\/product\/5331\/revisions"}],"predecessor-version":[{"id":5979,"href":"https:\/\/publikationen.zhdk.ch\/index.php?rest_route=\/wp\/v2\/product\/5331\/revisions\/5979"}],"wp:featuredmedia":[{"embeddable":true,"href":"https:\/\/publikationen.zhdk.ch\/index.php?rest_route=\/wp\/v2\/media\/5333"}],"wp:attachment":[{"href":"https:\/\/publikationen.zhdk.ch\/index.php?rest_route=%2Fwp%2Fv2%2Fmedia&parent=5331"}],"wp:term":[{"taxonomy":"product_brand","embeddable":true,"href":"https:\/\/publikationen.zhdk.ch\/index.php?rest_route=%2Fwp%2Fv2%2Fproduct_brand&post=5331"},{"taxonomy":"product_cat","embeddable":true,"href":"https:\/\/publikationen.zhdk.ch\/index.php?rest_route=%2Fwp%2Fv2%2Fproduct_cat&post=5331"},{"taxonomy":"product_tag","embeddable":true,"href":"https:\/\/publikationen.zhdk.ch\/index.php?rest_route=%2Fwp%2Fv2%2Fproduct_tag&post=5331"}],"curies":[{"name":"wp","href":"https:\/\/api.w.org\/{rel}","templated":true}]}}