{"id":5305,"date":"2022-05-19T09:15:36","date_gmt":"2022-05-19T07:15:36","guid":{"rendered":"https:\/\/publikationen.zhdk.ch\/?post_type=product&#038;p=5305"},"modified":"2022-05-19T09:29:47","modified_gmt":"2022-05-19T07:29:47","slug":"glossar-der-planlosigkeit","status":"publish","type":"product","link":"https:\/\/publikationen.zhdk.ch\/?product=glossar-der-planlosigkeit","title":{"rendered":"Glossar der Planlosigkeit | MA Kulturpublizistik ZHdK Jahrgang 2020"},"content":{"rendered":"<p>Eine Publikation des MA Kulturpublizistik der ZHdK, mit 101 Bild- und Textbeitr\u00e4gen von Livio Baumgartner, Laura Breitschmid, Oliver Brunko, Stefanie Ehrler, Nina Gehrig, Livia Grossenbacher, No\u00eblle Guidon, Vera Mattmann, Moriz Oberberger, Lyenne Perkmann, No\u00ebmi Roos, Natalie Sch\u00e4rer, Sandino Scheidegger, Karoline Schreiber, Ava Slappnig, Tobias S\u00f6ldi, Alice Sommer, Hayahisa Tomiyasu, Robin Waart und Jonas Wandeler.<\/p>\n<p>ZHdK: Vertiefung Kulturpublizistik im Master Art Education<\/p>\n","protected":false},"excerpt":{"rendered":"<p>\u00abGlossar der Planlosigkeit\u00bb heisst die Publikation der Kulturpublizistikstudierenden vom Jahrgang 2020. Darin gehts um verpasste Fl\u00fcge, N\u00e4chte im Moonliner &amp; Reisen ohne bekanntes Ziel. Elf Studierende haben geschrieben, konzipiert und redigiert. Nach eineinhalb Jahren findet das Projekt im Mai 2022 sein Ende \u2013 jedes Exemplar ist ein Einzelst\u00fcck, das von einem Algorithmus kuratiert wurde.<\/p>\n<p>Korrespondenzen Nr. 10<\/p>\n<p>115 Seiten, Z\u00fcrcher Hochschule der K\u00fcnste, 2022<\/p>\n","protected":false},"featured_media":5309,"template":"","meta":[],"product_brand":[],"product_cat":[871],"product_tag":[968],"class_list":{"0":"post-5305","1":"product","2":"type-product","3":"status-publish","4":"has-post-thumbnail","6":"product_cat-zhdk","7":"product_tag-kulturpublizistik","9":"first","10":"instock","11":"shipping-taxable","12":"product-type-external"},"_links":{"self":[{"href":"https:\/\/publikationen.zhdk.ch\/index.php?rest_route=\/wp\/v2\/product\/5305","targetHints":{"allow":["GET"]}}],"collection":[{"href":"https:\/\/publikationen.zhdk.ch\/index.php?rest_route=\/wp\/v2\/product"}],"about":[{"href":"https:\/\/publikationen.zhdk.ch\/index.php?rest_route=\/wp\/v2\/types\/product"}],"version-history":[{"count":3,"href":"https:\/\/publikationen.zhdk.ch\/index.php?rest_route=\/wp\/v2\/product\/5305\/revisions"}],"predecessor-version":[{"id":5315,"href":"https:\/\/publikationen.zhdk.ch\/index.php?rest_route=\/wp\/v2\/product\/5305\/revisions\/5315"}],"wp:featuredmedia":[{"embeddable":true,"href":"https:\/\/publikationen.zhdk.ch\/index.php?rest_route=\/wp\/v2\/media\/5309"}],"wp:attachment":[{"href":"https:\/\/publikationen.zhdk.ch\/index.php?rest_route=%2Fwp%2Fv2%2Fmedia&parent=5305"}],"wp:term":[{"taxonomy":"product_brand","embeddable":true,"href":"https:\/\/publikationen.zhdk.ch\/index.php?rest_route=%2Fwp%2Fv2%2Fproduct_brand&post=5305"},{"taxonomy":"product_cat","embeddable":true,"href":"https:\/\/publikationen.zhdk.ch\/index.php?rest_route=%2Fwp%2Fv2%2Fproduct_cat&post=5305"},{"taxonomy":"product_tag","embeddable":true,"href":"https:\/\/publikationen.zhdk.ch\/index.php?rest_route=%2Fwp%2Fv2%2Fproduct_tag&post=5305"}],"curies":[{"name":"wp","href":"https:\/\/api.w.org\/{rel}","templated":true}]}}